{"id":272,"date":"2025-12-17T17:42:52","date_gmt":"2025-12-17T16:42:52","guid":{"rendered":"https:\/\/festival.cyclo-camping.international\/2024\/?page_id=272"},"modified":"2026-01-20T21:27:54","modified_gmt":"2026-01-20T20:27:54","slug":"film-quatre-ponchos-dans-le-vent","status":"publish","type":"page","link":"https:\/\/festival.cyclo-camping.international\/2026\/programme-des-films-2026\/film-quatre-ponchos-dans-le-vent\/","title":{"rendered":"Quatre ponchos dans le vent"},"content":{"rendered":"\n<div class=\"wp-block-cover alignfull is-light wp-duotone-unset-1\" style=\"margin-top:0;padding-top:2rem;padding-right:2rem;padding-bottom:2rem;padding-left:2rem;min-height:66vh;aspect-ratio:unset;\"><img loading=\"lazy\" decoding=\"async\" width=\"1024\" height=\"768\" class=\"wp-block-cover__image-background wp-image-4526 size-large\" alt=\"\" src=\"https:\/\/festival.cyclo-camping.international\/2026\/wp-content\/uploads\/sites\/4\/2025\/12\/IMG_9427-1200-1024x768.jpg\" data-object-fit=\"cover\" srcset=\"https:\/\/festival.cyclo-camping.international\/2026\/wp-content\/uploads\/sites\/4\/2025\/12\/IMG_9427-1200-1024x768.jpg 1024w, https:\/\/festival.cyclo-camping.international\/2026\/wp-content\/uploads\/sites\/4\/2025\/12\/IMG_9427-1200-300x225.jpg 300w, https:\/\/festival.cyclo-camping.international\/2026\/wp-content\/uploads\/sites\/4\/2025\/12\/IMG_9427-1200-768x576.jpg 768w, https:\/\/festival.cyclo-camping.international\/2026\/wp-content\/uploads\/sites\/4\/2025\/12\/IMG_9427-1200.jpg 1200w\" sizes=\"auto, (max-width: 1024px) 100vw, 1024px\" \/><span aria-hidden=\"true\" class=\"wp-block-cover__background has-background-dim-30 has-background-dim\" style=\"background-color:#8e908f\"><\/span><div class=\"wp-block-cover__inner-container is-layout-flow wp-block-cover-is-layout-flow\">\n<div class=\"wp-block-group has-global-padding is-content-justification-center is-layout-constrained wp-container-core-group-is-layout-b3bc50f0 wp-block-group-is-layout-constrained\">\n<h1 class=\"wp-block-heading has-text-align-center has-white-color has-text-color\" style=\"font-size:clamp(28.836px, 1.802rem + ((1vw - 3.2px) * 2.205), 50px);font-style:normal;font-weight:700;letter-spacing:0px;line-height:1.1;text-transform:uppercase\">Quatre ponchos dans le vent<\/h1>\n\n\n\n<div class=\"wp-block-group is-vertical is-content-justification-center is-layout-flex wp-container-core-group-is-layout-df21e9f8 wp-block-group-is-layout-flex\" style=\"margin-top:0;margin-bottom:var(--wp--preset--spacing--10);padding-top:0;padding-bottom:0\">\n<h2 class=\"wp-block-heading has-text-align-center has-text-color has-link-color wp-elements-142ebb174b1fc0da5028417eb6076dd6\" style=\"color:#fefefe\">Arthur Burigana<\/h2>\n\n\n\n<p class=\"has-text-align-center has-base-2-color has-text-color has-link-color has-small-font-size wp-elements-cbadc925f60284ae479da8eae162a41a\" style=\"line-height:1.2\">84 min<\/p>\n<\/div>\n<\/div>\n\n\n\n<div style=\"margin-top:0;margin-bottom:0;height:3rem\" aria-hidden=\"true\" class=\"wp-block-spacer\"><\/div>\n\n\n\n<div class=\"wp-block-columns are-vertically-aligned-bottom is-layout-flex wp-container-core-columns-is-layout-0111f410 wp-block-columns-is-layout-flex\" style=\"padding-right:var(--wp--preset--spacing--50);padding-left:var(--wp--preset--spacing--50)\">\n<div class=\"wp-block-column is-vertically-aligned-bottom is-layout-flow wp-block-column-is-layout-flow\" style=\"flex-basis:33.33%\"><\/div>\n\n\n\n<div class=\"wp-block-column is-vertically-aligned-bottom is-layout-flow wp-block-column-is-layout-flow\" style=\"flex-basis:33.33%\">\n<div class=\"wp-block-group has-border-color is-layout-flow wp-container-core-group-is-layout-494e086b wp-block-group-is-layout-flow\" style=\"border-color:#ffffff;border-width:1px;border-radius:600px;margin-top:0;margin-bottom:0;padding-top:0.5rem;padding-right:0.5rem;padding-bottom:0.5rem;padding-left:0.5rem\">\n<h3 class=\"wp-block-heading has-text-align-center has-base-2-color has-text-color has-link-color has-medium-font-size wp-elements-da1690a2148cb46adfa8e052800a83c5\">S\u00e9ance Jardin B<\/h3>\n\n\n\n<p class=\"has-text-align-center has-base-2-color has-text-color has-link-color has-small-font-size wp-elements-1cf3b71bd4be4962dd7f1b390be136b3\">Dimanche \u2013 14h45 \u2013 Amphi Jardin<\/p>\n<\/div>\n<\/div>\n\n\n\n<div class=\"wp-block-column is-vertically-aligned-bottom is-layout-flow wp-block-column-is-layout-flow\" style=\"flex-basis:33.33%\"><\/div>\n<\/div>\n<\/div><\/div>\n\n\n\n<div style=\"height:14px\" aria-hidden=\"true\" class=\"wp-block-spacer\"><\/div>\n\n\n\n<p>Une travers\u00e9e de l\u2019\u00c9cosse en mode Bromance et courtes moustaches, et un film qui suit cette aventure pendant 1h30. Autant vous dire que vous pouvez vous installer confortablement dans votre canap\u00e9 pour une soir\u00e9e \u00e0 p\u00e9daler \u00e0 vous marrer de l\u2019\u00e9tat d\u2019esprit hyper d\u00e9complex\u00e9 de ces cyclistes.<\/p>\n\n\n\n<div style=\"height:14px\" aria-hidden=\"true\" class=\"wp-block-spacer\"><\/div>\n\n\n\n<p class=\"has-text-align-left\" style=\"font-size:0.8rem;letter-spacing:0.0625rem;text-transform:uppercase\"><strong>Bio express<\/strong><\/p>\n\n\n\n<p><strong>Arthur<\/strong> Burigana est photographe, r\u00e9alisateur et dresseur de drones. Il se questionne&#8230; Qu&rsquo;est ce qu&rsquo;un Gazier ?&nbsp; Il cherche&#8230; \u00a0\u00bb Je suis parti trouver la r\u00e9ponse, au fin fond de l&rsquo;\u00c9cosse, \u00e0 travers les vall\u00e9es, le brouillard, et les midges. C&rsquo;est l\u00e0-bas que j&rsquo;ai suivi pendant deux semaines ces 3 cyclistes \u00e9tonnants, en m&rsquo;immergeant dans leur quotidien, et en vivant \u00e0 leur mani\u00e8re, pour d\u00e9couvrir ce qui fait l&rsquo;essence d&rsquo;un \u201cGazier\u201d. Sous les ponchos, les trois autres gaziers : Nicolas Husser, Lilian Saseras et Jules Burigana. Parmi eux, vous trouverez un dessinateur, un photographe, et quelques amateurs de Guiness.<\/p>\n\n\n\n<div style=\"height:14px\" aria-hidden=\"true\" class=\"wp-block-spacer\"><\/div>\n\n\n\n<p class=\"has-text-align-left\" style=\"font-size:0.8rem;letter-spacing:0.0625rem;text-transform:uppercase\"><strong>Le suivre<\/strong><\/p>\n\n\n\n<div class=\"wp-block-group is-vertical is-content-justification-left is-layout-flex wp-container-core-group-is-layout-32c97487 wp-block-group-is-layout-flex\" style=\"padding-right:0;padding-left:0\">\n<div class=\"wp-block-columns is-not-stacked-on-mobile is-layout-flex wp-container-core-columns-is-layout-28f84493 wp-block-columns-is-layout-flex\">\n<div class=\"wp-block-column is-layout-flow wp-block-column-is-layout-flow\">\n<ul class=\"wp-block-social-links is-layout-flex wp-block-social-links-is-layout-flex\"><li class=\"wp-social-link wp-social-link-instagram  wp-block-social-link\"><a rel=\"noopener nofollow\" target=\"_blank\" href=\"https:\/\/www.instagram.com\/arthurbga\/\" class=\"wp-block-social-link-anchor\"><svg width=\"24\" height=\"24\" viewBox=\"0 0 24 24\" version=\"1.1\" xmlns=\"http:\/\/www.w3.org\/2000\/svg\" aria-hidden=\"true\" focusable=\"false\"><path d=\"M12,4.622c2.403,0,2.688,0.009,3.637,0.052c0.877,0.04,1.354,0.187,1.671,0.31c0.42,0.163,0.72,0.358,1.035,0.673 c0.315,0.315,0.51,0.615,0.673,1.035c0.123,0.317,0.27,0.794,0.31,1.671c0.043,0.949,0.052,1.234,0.052,3.637 s-0.009,2.688-0.052,3.637c-0.04,0.877-0.187,1.354-0.31,1.671c-0.163,0.42-0.358,0.72-0.673,1.035 c-0.315,0.315-0.615,0.51-1.035,0.673c-0.317,0.123-0.794,0.27-1.671,0.31c-0.949,0.043-1.233,0.052-3.637,0.052 s-2.688-0.009-3.637-0.052c-0.877-0.04-1.354-0.187-1.671-0.31c-0.42-0.163-0.72-0.358-1.035-0.673 c-0.315-0.315-0.51-0.615-0.673-1.035c-0.123-0.317-0.27-0.794-0.31-1.671C4.631,14.688,4.622,14.403,4.622,12 s0.009-2.688,0.052-3.637c0.04-0.877,0.187-1.354,0.31-1.671c0.163-0.42,0.358-0.72,0.673-1.035 c0.315-0.315,0.615-0.51,1.035-0.673c0.317-0.123,0.794-0.27,1.671-0.31C9.312,4.631,9.597,4.622,12,4.622 M12,3 C9.556,3,9.249,3.01,8.289,3.054C7.331,3.098,6.677,3.25,6.105,3.472C5.513,3.702,5.011,4.01,4.511,4.511 c-0.5,0.5-0.808,1.002-1.038,1.594C3.25,6.677,3.098,7.331,3.054,8.289C3.01,9.249,3,9.556,3,12c0,2.444,0.01,2.751,0.054,3.711 c0.044,0.958,0.196,1.612,0.418,2.185c0.23,0.592,0.538,1.094,1.038,1.594c0.5,0.5,1.002,0.808,1.594,1.038 c0.572,0.222,1.227,0.375,2.185,0.418C9.249,20.99,9.556,21,12,21s2.751-0.01,3.711-0.054c0.958-0.044,1.612-0.196,2.185-0.418 c0.592-0.23,1.094-0.538,1.594-1.038c0.5-0.5,0.808-1.002,1.038-1.594c0.222-0.572,0.375-1.227,0.418-2.185 C20.99,14.751,21,14.444,21,12s-0.01-2.751-0.054-3.711c-0.044-0.958-0.196-1.612-0.418-2.185c-0.23-0.592-0.538-1.094-1.038-1.594 c-0.5-0.5-1.002-0.808-1.594-1.038c-0.572-0.222-1.227-0.375-2.185-0.418C14.751,3.01,14.444,3,12,3L12,3z M12,7.378 c-2.552,0-4.622,2.069-4.622,4.622S9.448,16.622,12,16.622s4.622-2.069,4.622-4.622S14.552,7.378,12,7.378z M12,15 c-1.657,0-3-1.343-3-3s1.343-3,3-3s3,1.343,3,3S13.657,15,12,15z M16.804,6.116c-0.596,0-1.08,0.484-1.08,1.08 s0.484,1.08,1.08,1.08c0.596,0,1.08-0.484,1.08-1.08S17.401,6.116,16.804,6.116z\"><\/path><\/svg><span class=\"wp-block-social-link-label screen-reader-text\">Instagram<\/span><\/a><\/li><\/ul>\n<\/div>\n<\/div>\n<\/div>\n\n\n\n<figure class=\"wp-block-embed is-type-video is-provider-youtube wp-block-embed-youtube wp-embed-aspect-16-9 wp-has-aspect-ratio\"><div class=\"wp-block-embed__wrapper\">\n<iframe loading=\"lazy\" title=\"Quatre ponchos dans le vent\" width=\"500\" height=\"281\" src=\"https:\/\/www.youtube.com\/embed\/XtOu5rGPbcU?feature=oembed\" frameborder=\"0\" allow=\"accelerometer; autoplay; clipboard-write; encrypted-media; gyroscope; picture-in-picture; web-share\" referrerpolicy=\"strict-origin-when-cross-origin\" allowfullscreen><\/iframe>\n<\/div><\/figure>\n\n\n\n<div style=\"height:14px\" aria-hidden=\"true\" class=\"wp-block-spacer\"><\/div>\n\n\n\n<div class=\"wp-block-buttons is-content-justification-space-between is-layout-flex wp-container-core-buttons-is-layout-cb28d6de wp-block-buttons-is-layout-flex\" style=\"margin-top:var(--wp--preset--spacing--20)\">\n<div class=\"wp-block-button is-style-outline is-style-outline--2\"><a class=\"wp-block-button__link wp-element-button\" href=\"\/2026\/programme-des-films-2026\/film-le-challenge-de-tourmagne\/\">S\u00e9ance pr\u00e9c\u00e9dente<\/a><\/div>\n\n\n\n<div class=\"wp-block-button is-style-outline is-style-outline--3\"><a class=\"wp-block-button__link wp-element-button\" href=\"\/2026\/programme-des-films-2026\/film-cycling-throught-central-france\/\">S\u00e9ance suivante<\/a><\/div>\n<\/div>\n\n\n\n<div class=\"wp-block-buttons is-content-justification-center is-layout-flex wp-container-core-buttons-is-layout-98935462 wp-block-buttons-is-layout-flex\" style=\"margin-top:var(--wp--preset--spacing--10);margin-bottom:var(--wp--preset--spacing--10)\">\n<div class=\"wp-block-button\"><a class=\"wp-block-button__link wp-element-button\" href=\"\/2026\/programme-des-films-2026\/\">Retour au programme des films<\/a><\/div>\n<\/div>\n","protected":false},"excerpt":{"rendered":"<p>Une travers\u00e9e de l\u2019\u00c9cosse en mode Bromance et courtes moustaches, et un film qui suit cette aventure pendant 1h30. Autant vous dire que vous pouvez vous installer confortablement dans votre canap\u00e9 pour une soir\u00e9e \u00e0 p\u00e9daler \u00e0 vous marrer de l\u2019\u00e9tat d\u2019esprit hyper d\u00e9complex\u00e9 de ces cyclistes. Bio express Arthur Burigana est photographe, r\u00e9alisateur et [&hellip;]<\/p>\n","protected":false},"author":1,"featured_media":4526,"parent":944,"menu_order":20,"comment_status":"closed","ping_status":"closed","template":"page-no-title","meta":{"footnotes":""},"class_list":["post-272","page","type-page","status-publish","has-post-thumbnail","hentry"],"yoast_head":"<!-- This site is optimized with the Yoast SEO plugin v27.6 - https:\/\/yoast.com\/product\/yoast-seo-wordpress\/ -->\n<title>Film Quatre ponchos dans le vent<\/title>\n<meta name=\"description\" content=\"Le film &quot;Quatre ponchos dans le vent&quot; raconte une travers\u00e9e de l\u2019\u00c9cosse par quatre gaziers en mode Bromance et courtes moustaches.\" \/>\n<meta name=\"robots\" content=\"index, follow, max-snippet:-1, max-image-preview:large, max-video-preview:-1\" \/>\n<link rel=\"canonical\" href=\"https:\/\/festival.cyclo-camping.international\/2026\/programme-des-films-2026\/film-quatre-ponchos-dans-le-vent\/\" \/>\n<meta property=\"og:locale\" content=\"fr_FR\" \/>\n<meta property=\"og:type\" content=\"article\" \/>\n<meta property=\"og:title\" content=\"Film Quatre ponchos dans le vent\" \/>\n<meta property=\"og:description\" content=\"Le film &quot;Quatre ponchos dans le vent&quot; raconte une travers\u00e9e de l\u2019\u00c9cosse par quatre gaziers en mode Bromance et courtes moustaches.\" \/>\n<meta property=\"og:url\" content=\"https:\/\/festival.cyclo-camping.international\/2026\/programme-des-films-2026\/film-quatre-ponchos-dans-le-vent\/\" \/>\n<meta property=\"og:site_name\" content=\"39e Festival International du Voyage \u00e0 V\u00e9lo\" \/>\n<meta property=\"article:publisher\" content=\"https:\/\/www.facebook.com\/cyclo.camping.international\" \/>\n<meta property=\"article:modified_time\" content=\"2026-01-20T20:27:54+00:00\" \/>\n<meta property=\"og:image\" content=\"https:\/\/festival.cyclo-camping.international\/2026\/wp-content\/uploads\/sites\/4\/2025\/12\/IMG_9427-1200.jpg\" \/>\n\t<meta property=\"og:image:width\" content=\"1200\" \/>\n\t<meta property=\"og:image:height\" content=\"900\" \/>\n\t<meta property=\"og:image:type\" content=\"image\/jpeg\" \/>\n<meta name=\"twitter:card\" content=\"summary_large_image\" \/>\n<meta name=\"twitter:label1\" content=\"Dur\u00e9e de lecture estim\u00e9e\" \/>\n\t<meta name=\"twitter:data1\" content=\"2 minutes\" \/>\n<script type=\"application\/ld+json\" class=\"yoast-schema-graph\">{\"@context\":\"https:\\\/\\\/schema.org\",\"@graph\":[{\"@type\":\"WebPage\",\"@id\":\"https:\\\/\\\/festival.cyclo-camping.international\\\/2026\\\/programme-des-films-2026\\\/film-quatre-ponchos-dans-le-vent\\\/\",\"url\":\"https:\\\/\\\/festival.cyclo-camping.international\\\/2026\\\/programme-des-films-2026\\\/film-quatre-ponchos-dans-le-vent\\\/\",\"name\":\"Film Quatre ponchos dans le vent\",\"isPartOf\":{\"@id\":\"https:\\\/\\\/festival.cyclo-camping.international\\\/2026\\\/#website\"},\"primaryImageOfPage\":{\"@id\":\"https:\\\/\\\/festival.cyclo-camping.international\\\/2026\\\/programme-des-films-2026\\\/film-quatre-ponchos-dans-le-vent\\\/#primaryimage\"},\"image\":{\"@id\":\"https:\\\/\\\/festival.cyclo-camping.international\\\/2026\\\/programme-des-films-2026\\\/film-quatre-ponchos-dans-le-vent\\\/#primaryimage\"},\"thumbnailUrl\":\"https:\\\/\\\/festival.cyclo-camping.international\\\/2026\\\/wp-content\\\/uploads\\\/sites\\\/4\\\/2025\\\/12\\\/IMG_9427-1200.jpg\",\"datePublished\":\"2025-12-17T16:42:52+00:00\",\"dateModified\":\"2026-01-20T20:27:54+00:00\",\"description\":\"Le film \\\"Quatre ponchos dans le vent\\\" raconte une travers\u00e9e de l\u2019\u00c9cosse par quatre gaziers en mode Bromance et courtes moustaches.\",\"breadcrumb\":{\"@id\":\"https:\\\/\\\/festival.cyclo-camping.international\\\/2026\\\/programme-des-films-2026\\\/film-quatre-ponchos-dans-le-vent\\\/#breadcrumb\"},\"inLanguage\":\"fr-FR\",\"potentialAction\":[{\"@type\":\"ReadAction\",\"target\":[\"https:\\\/\\\/festival.cyclo-camping.international\\\/2026\\\/programme-des-films-2026\\\/film-quatre-ponchos-dans-le-vent\\\/\"]}]},{\"@type\":\"ImageObject\",\"inLanguage\":\"fr-FR\",\"@id\":\"https:\\\/\\\/festival.cyclo-camping.international\\\/2026\\\/programme-des-films-2026\\\/film-quatre-ponchos-dans-le-vent\\\/#primaryimage\",\"url\":\"https:\\\/\\\/festival.cyclo-camping.international\\\/2026\\\/wp-content\\\/uploads\\\/sites\\\/4\\\/2025\\\/12\\\/IMG_9427-1200.jpg\",\"contentUrl\":\"https:\\\/\\\/festival.cyclo-camping.international\\\/2026\\\/wp-content\\\/uploads\\\/sites\\\/4\\\/2025\\\/12\\\/IMG_9427-1200.jpg\",\"width\":1200,\"height\":900},{\"@type\":\"BreadcrumbList\",\"@id\":\"https:\\\/\\\/festival.cyclo-camping.international\\\/2026\\\/programme-des-films-2026\\\/film-quatre-ponchos-dans-le-vent\\\/#breadcrumb\",\"itemListElement\":[{\"@type\":\"ListItem\",\"position\":1,\"name\":\"Accueil\",\"item\":\"https:\\\/\\\/festival.cyclo-camping.international\\\/2026\\\/\"},{\"@type\":\"ListItem\",\"position\":2,\"name\":\"Programme des films en 2026\",\"item\":\"https:\\\/\\\/festival.cyclo-camping.international\\\/2026\\\/programme-des-films-2026\\\/\"},{\"@type\":\"ListItem\",\"position\":3,\"name\":\"Quatre ponchos dans le vent\"}]},{\"@type\":\"WebSite\",\"@id\":\"https:\\\/\\\/festival.cyclo-camping.international\\\/2026\\\/#website\",\"url\":\"https:\\\/\\\/festival.cyclo-camping.international\\\/2026\\\/\",\"name\":\"39e Festival International du Voyage \u00e0 V\u00e9lo\",\"description\":\"\",\"publisher\":{\"@id\":\"https:\\\/\\\/festival.cyclo-camping.international\\\/2026\\\/#organization\"},\"potentialAction\":[{\"@type\":\"SearchAction\",\"target\":{\"@type\":\"EntryPoint\",\"urlTemplate\":\"https:\\\/\\\/festival.cyclo-camping.international\\\/2026\\\/?s={search_term_string}\"},\"query-input\":{\"@type\":\"PropertyValueSpecification\",\"valueRequired\":true,\"valueName\":\"search_term_string\"}}],\"inLanguage\":\"fr-FR\"},{\"@type\":\"Organization\",\"@id\":\"https:\\\/\\\/festival.cyclo-camping.international\\\/2026\\\/#organization\",\"name\":\"39e Festival International du Voyage \u00e0 V\u00e9lo\",\"url\":\"https:\\\/\\\/festival.cyclo-camping.international\\\/2026\\\/\",\"logo\":{\"@type\":\"ImageObject\",\"inLanguage\":\"fr-FR\",\"@id\":\"https:\\\/\\\/festival.cyclo-camping.international\\\/2026\\\/#\\\/schema\\\/logo\\\/image\\\/\",\"url\":\"https:\\\/\\\/festival.cyclo-camping.international\\\/2026\\\/wp-content\\\/uploads\\\/sites\\\/4\\\/2024\\\/01\\\/logo_cci_petit.png\",\"contentUrl\":\"https:\\\/\\\/festival.cyclo-camping.international\\\/2026\\\/wp-content\\\/uploads\\\/sites\\\/4\\\/2024\\\/01\\\/logo_cci_petit.png\",\"width\":264,\"height\":113,\"caption\":\"39e Festival International du Voyage \u00e0 V\u00e9lo\"},\"image\":{\"@id\":\"https:\\\/\\\/festival.cyclo-camping.international\\\/2026\\\/#\\\/schema\\\/logo\\\/image\\\/\"},\"sameAs\":[\"https:\\\/\\\/www.facebook.com\\\/cyclo.camping.international\",\"https:\\\/\\\/www.instagram.com\\\/cyclocampinginternational\\\/\"]}]}<\/script>\n<!-- \/ Yoast SEO plugin. -->","yoast_head_json":{"title":"Film Quatre ponchos dans le vent","description":"Le film \"Quatre ponchos dans le vent\" raconte une travers\u00e9e de l\u2019\u00c9cosse par quatre gaziers en mode Bromance et courtes moustaches.","robots":{"index":"index","follow":"follow","max-snippet":"max-snippet:-1","max-image-preview":"max-image-preview:large","max-video-preview":"max-video-preview:-1"},"canonical":"https:\/\/festival.cyclo-camping.international\/2026\/programme-des-films-2026\/film-quatre-ponchos-dans-le-vent\/","og_locale":"fr_FR","og_type":"article","og_title":"Film Quatre ponchos dans le vent","og_description":"Le film \"Quatre ponchos dans le vent\" raconte une travers\u00e9e de l\u2019\u00c9cosse par quatre gaziers en mode Bromance et courtes moustaches.","og_url":"https:\/\/festival.cyclo-camping.international\/2026\/programme-des-films-2026\/film-quatre-ponchos-dans-le-vent\/","og_site_name":"39e Festival International du Voyage \u00e0 V\u00e9lo","article_publisher":"https:\/\/www.facebook.com\/cyclo.camping.international","article_modified_time":"2026-01-20T20:27:54+00:00","og_image":[{"width":1200,"height":900,"url":"https:\/\/festival.cyclo-camping.international\/2026\/wp-content\/uploads\/sites\/4\/2025\/12\/IMG_9427-1200.jpg","type":"image\/jpeg"}],"twitter_card":"summary_large_image","twitter_misc":{"Dur\u00e9e de lecture estim\u00e9e":"2 minutes"},"schema":{"@context":"https:\/\/schema.org","@graph":[{"@type":"WebPage","@id":"https:\/\/festival.cyclo-camping.international\/2026\/programme-des-films-2026\/film-quatre-ponchos-dans-le-vent\/","url":"https:\/\/festival.cyclo-camping.international\/2026\/programme-des-films-2026\/film-quatre-ponchos-dans-le-vent\/","name":"Film Quatre ponchos dans le vent","isPartOf":{"@id":"https:\/\/festival.cyclo-camping.international\/2026\/#website"},"primaryImageOfPage":{"@id":"https:\/\/festival.cyclo-camping.international\/2026\/programme-des-films-2026\/film-quatre-ponchos-dans-le-vent\/#primaryimage"},"image":{"@id":"https:\/\/festival.cyclo-camping.international\/2026\/programme-des-films-2026\/film-quatre-ponchos-dans-le-vent\/#primaryimage"},"thumbnailUrl":"https:\/\/festival.cyclo-camping.international\/2026\/wp-content\/uploads\/sites\/4\/2025\/12\/IMG_9427-1200.jpg","datePublished":"2025-12-17T16:42:52+00:00","dateModified":"2026-01-20T20:27:54+00:00","description":"Le film \"Quatre ponchos dans le vent\" raconte une travers\u00e9e de l\u2019\u00c9cosse par quatre gaziers en mode Bromance et courtes moustaches.","breadcrumb":{"@id":"https:\/\/festival.cyclo-camping.international\/2026\/programme-des-films-2026\/film-quatre-ponchos-dans-le-vent\/#breadcrumb"},"inLanguage":"fr-FR","potentialAction":[{"@type":"ReadAction","target":["https:\/\/festival.cyclo-camping.international\/2026\/programme-des-films-2026\/film-quatre-ponchos-dans-le-vent\/"]}]},{"@type":"ImageObject","inLanguage":"fr-FR","@id":"https:\/\/festival.cyclo-camping.international\/2026\/programme-des-films-2026\/film-quatre-ponchos-dans-le-vent\/#primaryimage","url":"https:\/\/festival.cyclo-camping.international\/2026\/wp-content\/uploads\/sites\/4\/2025\/12\/IMG_9427-1200.jpg","contentUrl":"https:\/\/festival.cyclo-camping.international\/2026\/wp-content\/uploads\/sites\/4\/2025\/12\/IMG_9427-1200.jpg","width":1200,"height":900},{"@type":"BreadcrumbList","@id":"https:\/\/festival.cyclo-camping.international\/2026\/programme-des-films-2026\/film-quatre-ponchos-dans-le-vent\/#breadcrumb","itemListElement":[{"@type":"ListItem","position":1,"name":"Accueil","item":"https:\/\/festival.cyclo-camping.international\/2026\/"},{"@type":"ListItem","position":2,"name":"Programme des films en 2026","item":"https:\/\/festival.cyclo-camping.international\/2026\/programme-des-films-2026\/"},{"@type":"ListItem","position":3,"name":"Quatre ponchos dans le vent"}]},{"@type":"WebSite","@id":"https:\/\/festival.cyclo-camping.international\/2026\/#website","url":"https:\/\/festival.cyclo-camping.international\/2026\/","name":"39e Festival International du Voyage \u00e0 V\u00e9lo","description":"","publisher":{"@id":"https:\/\/festival.cyclo-camping.international\/2026\/#organization"},"potentialAction":[{"@type":"SearchAction","target":{"@type":"EntryPoint","urlTemplate":"https:\/\/festival.cyclo-camping.international\/2026\/?s={search_term_string}"},"query-input":{"@type":"PropertyValueSpecification","valueRequired":true,"valueName":"search_term_string"}}],"inLanguage":"fr-FR"},{"@type":"Organization","@id":"https:\/\/festival.cyclo-camping.international\/2026\/#organization","name":"39e Festival International du Voyage \u00e0 V\u00e9lo","url":"https:\/\/festival.cyclo-camping.international\/2026\/","logo":{"@type":"ImageObject","inLanguage":"fr-FR","@id":"https:\/\/festival.cyclo-camping.international\/2026\/#\/schema\/logo\/image\/","url":"https:\/\/festival.cyclo-camping.international\/2026\/wp-content\/uploads\/sites\/4\/2024\/01\/logo_cci_petit.png","contentUrl":"https:\/\/festival.cyclo-camping.international\/2026\/wp-content\/uploads\/sites\/4\/2024\/01\/logo_cci_petit.png","width":264,"height":113,"caption":"39e Festival International du Voyage \u00e0 V\u00e9lo"},"image":{"@id":"https:\/\/festival.cyclo-camping.international\/2026\/#\/schema\/logo\/image\/"},"sameAs":["https:\/\/www.facebook.com\/cyclo.camping.international","https:\/\/www.instagram.com\/cyclocampinginternational\/"]}]}},"_links":{"self":[{"href":"https:\/\/festival.cyclo-camping.international\/2026\/wp-json\/wp\/v2\/pages\/272","targetHints":{"allow":["GET"]}}],"collection":[{"href":"https:\/\/festival.cyclo-camping.international\/2026\/wp-json\/wp\/v2\/pages"}],"about":[{"href":"https:\/\/festival.cyclo-camping.international\/2026\/wp-json\/wp\/v2\/types\/page"}],"author":[{"embeddable":true,"href":"https:\/\/festival.cyclo-camping.international\/2026\/wp-json\/wp\/v2\/users\/1"}],"replies":[{"embeddable":true,"href":"https:\/\/festival.cyclo-camping.international\/2026\/wp-json\/wp\/v2\/comments?post=272"}],"version-history":[{"count":6,"href":"https:\/\/festival.cyclo-camping.international\/2026\/wp-json\/wp\/v2\/pages\/272\/revisions"}],"predecessor-version":[{"id":5079,"href":"https:\/\/festival.cyclo-camping.international\/2026\/wp-json\/wp\/v2\/pages\/272\/revisions\/5079"}],"up":[{"embeddable":true,"href":"https:\/\/festival.cyclo-camping.international\/2026\/wp-json\/wp\/v2\/pages\/944"}],"wp:featuredmedia":[{"embeddable":true,"href":"https:\/\/festival.cyclo-camping.international\/2026\/wp-json\/wp\/v2\/media\/4526"}],"wp:attachment":[{"href":"https:\/\/festival.cyclo-camping.international\/2026\/wp-json\/wp\/v2\/media?parent=272"}],"curies":[{"name":"wp","href":"https:\/\/api.w.org\/{rel}","templated":true}]}}