{"id":266,"date":"2025-12-17T17:38:49","date_gmt":"2025-12-17T16:38:49","guid":{"rendered":"https:\/\/festival.cyclo-camping.international\/2024\/?page_id=266"},"modified":"2025-12-23T18:27:16","modified_gmt":"2025-12-23T17:27:16","slug":"film-viva-cuba","status":"publish","type":"page","link":"https:\/\/festival.cyclo-camping.international\/2026\/programme-des-films-2026\/film-viva-cuba\/","title":{"rendered":"Viva Cuba"},"content":{"rendered":"\n<div class=\"wp-block-cover alignfull is-light wp-duotone-unset-1\" style=\"margin-top:0;padding-top:2rem;padding-right:2rem;padding-bottom:2rem;padding-left:2rem;min-height:66vh;aspect-ratio:unset;\"><img loading=\"lazy\" decoding=\"async\" width=\"1024\" height=\"576\" class=\"wp-block-cover__image-background wp-image-4480 size-large\" alt=\"\" src=\"https:\/\/festival.cyclo-camping.international\/2026\/wp-content\/uploads\/sites\/4\/2025\/12\/Affiche-cuba-1024x576.jpeg\" data-object-fit=\"cover\" srcset=\"https:\/\/festival.cyclo-camping.international\/2026\/wp-content\/uploads\/sites\/4\/2025\/12\/Affiche-cuba-1024x576.jpeg 1024w, https:\/\/festival.cyclo-camping.international\/2026\/wp-content\/uploads\/sites\/4\/2025\/12\/Affiche-cuba-300x169.jpeg 300w, https:\/\/festival.cyclo-camping.international\/2026\/wp-content\/uploads\/sites\/4\/2025\/12\/Affiche-cuba-768x432.jpeg 768w, https:\/\/festival.cyclo-camping.international\/2026\/wp-content\/uploads\/sites\/4\/2025\/12\/Affiche-cuba.jpeg 1280w\" sizes=\"auto, (max-width: 1024px) 100vw, 1024px\" \/><span aria-hidden=\"true\" class=\"wp-block-cover__background has-background-dim-30 has-background-dim\" style=\"background-color:#7c8599\"><\/span><div class=\"wp-block-cover__inner-container is-layout-flow wp-block-cover-is-layout-flow\">\n<div class=\"wp-block-group has-global-padding is-content-justification-center is-layout-constrained wp-container-core-group-is-layout-b3bc50f0 wp-block-group-is-layout-constrained\">\n<h1 class=\"wp-block-heading has-text-align-center has-white-color has-text-color\" style=\"font-size:clamp(28.836px, 1.802rem + ((1vw - 3.2px) * 2.205), 50px);font-style:normal;font-weight:700;letter-spacing:0px;line-height:1.1;text-transform:uppercase\">Viva Cuba<\/h1>\n\n\n\n<div class=\"wp-block-group is-vertical is-content-justification-center is-layout-flex wp-container-core-group-is-layout-df21e9f8 wp-block-group-is-layout-flex\" style=\"margin-top:0;margin-bottom:var(--wp--preset--spacing--10);padding-top:0;padding-bottom:0\">\n<h2 class=\"wp-block-heading has-text-align-center has-base-2-color has-text-color has-link-color wp-elements-d01a280a5fba560edec965dcf9a883e1\">Les cyclomigrateurs<\/h2>\n\n\n\n<p class=\"has-text-align-center has-base-2-color has-text-color has-link-color has-small-font-size wp-elements-5aa8d9c081d2c876fae1bf6a98ed78a4\" style=\"line-height:1.2\">34 min<\/p>\n<\/div>\n<\/div>\n\n\n\n<div style=\"margin-top:0;margin-bottom:0;height:3rem\" aria-hidden=\"true\" class=\"wp-block-spacer\"><\/div>\n\n\n\n<div class=\"wp-block-columns are-vertically-aligned-bottom is-layout-flex wp-container-core-columns-is-layout-0111f410 wp-block-columns-is-layout-flex\" style=\"padding-right:var(--wp--preset--spacing--50);padding-left:var(--wp--preset--spacing--50)\">\n<div class=\"wp-block-column is-vertically-aligned-bottom is-layout-flow wp-block-column-is-layout-flow\" style=\"flex-basis:33.33%\"><\/div>\n\n\n\n<div class=\"wp-block-column is-vertically-aligned-bottom is-layout-flow wp-block-column-is-layout-flow\" style=\"flex-basis:33.33%\">\n<div class=\"wp-block-group has-border-color is-layout-flow wp-container-core-group-is-layout-494e086b wp-block-group-is-layout-flow\" style=\"border-color:#ffffff;border-width:1px;border-radius:600px;margin-top:0;margin-bottom:0;padding-top:0.5rem;padding-right:0.5rem;padding-bottom:0.5rem;padding-left:0.5rem\">\n<h3 class=\"wp-block-heading has-text-align-center has-text-color has-link-color has-medium-font-size wp-elements-31faedd6fc1e179e6b940f165afc574d\" style=\"color:#ffffff\">S\u00e9ance 7 <\/h3>\n\n\n\n<p class=\"has-text-align-center has-base-2-color has-text-color has-link-color has-small-font-size wp-elements-17adf9d18a0bbc804653fc1e6b654c43\">Dimanche \u2013 12h10 \u2013 Auditorium<\/p>\n<\/div>\n<\/div>\n\n\n\n<div class=\"wp-block-column is-vertically-aligned-bottom is-layout-flow wp-block-column-is-layout-flow\" style=\"flex-basis:33.33%\"><\/div>\n<\/div>\n<\/div><\/div>\n\n\n\n<div style=\"height:14px\" aria-hidden=\"true\" class=\"wp-block-spacer\"><\/div>\n\n\n\n<p>Cuba fait r\u00eaver, avec ses magnifiques plages, ses grands h\u00f4tels, ses belles voitures am\u00e9ricaines, sa musique reconnaissable entre mille. Mais qu&rsquo;en est-il des Cubains? Nous partons \u00e0 leur rencontre \u00e0 v\u00e9lo, y compris dans les coins les plus recul\u00e9s, mais aussi les plus beaux. Durant deux mois, nous sommes \u00e9pat\u00e9s par un peuple confront\u00e9 \u00e0 d&rsquo;immenses difficult\u00e9s et n\u00e9anmoins souriant et plein de ressources. \u00a1 Viva Cuba !<\/p>\n\n\n\n<div style=\"height:14px\" aria-hidden=\"true\" class=\"wp-block-spacer\"><\/div>\n\n\n\n<p class=\"has-text-align-left\" style=\"font-size:0.8rem;letter-spacing:0.0625rem;text-transform:uppercase\"><strong>Bio express<\/strong><\/p>\n\n\n\n<p>Ir\u00e8ne et Jo\u00ebl, les <em><strong><a href=\"https:\/\/cyclomigrateurs.fr\/\">Cyclomigrateurs, <\/a><\/strong><\/em>ont beaucoup voyag\u00e9 sur leurs v\u00e9los couch\u00e9s en France et dans le monde. En 2013, ils laissent tomber leur travail respectif pour aller parcourir la plan\u00e8te. <em>\u00ab Quand on n\u2019est pas en voyage \u00e0 v\u00e9lo couch\u00e9, on est en train de r\u00eaver au prochain \u00bb<\/em>, disent-ils.<\/p>\n\n\n\n<p><\/p>\n\n\n\n<p class=\"has-text-align-left\" style=\"font-size:0.8rem;letter-spacing:0.0625rem;text-transform:uppercase\"><strong>Les suivre<\/strong><\/p>\n\n\n\n<div class=\"wp-block-group is-vertical is-content-justification-left is-layout-flex wp-container-core-group-is-layout-32c97487 wp-block-group-is-layout-flex\" style=\"padding-right:0;padding-left:0\">\n<div class=\"wp-block-columns is-layout-flex wp-container-core-columns-is-layout-28f84493 wp-block-columns-is-layout-flex\">\n<div class=\"wp-block-column is-layout-flow wp-block-column-is-layout-flow\">\n<ul class=\"wp-block-social-links is-layout-flex wp-block-social-links-is-layout-flex\"><li class=\"wp-social-link wp-social-link-chain  wp-block-social-link\"><a rel=\"noopener nofollow\" target=\"_blank\" href=\"https:\/\/cyclomigrateurs.fr\/\" class=\"wp-block-social-link-anchor\"><svg width=\"24\" height=\"24\" viewBox=\"0 0 24 24\" version=\"1.1\" xmlns=\"http:\/\/www.w3.org\/2000\/svg\" aria-hidden=\"true\" focusable=\"false\"><path d=\"M15.6,7.2H14v1.5h1.6c2,0,3.7,1.7,3.7,3.7s-1.7,3.7-3.7,3.7H14v1.5h1.6c2.8,0,5.2-2.3,5.2-5.2,0-2.9-2.3-5.2-5.2-5.2zM4.7,12.4c0-2,1.7-3.7,3.7-3.7H10V7.2H8.4c-2.9,0-5.2,2.3-5.2,5.2,0,2.9,2.3,5.2,5.2,5.2H10v-1.5H8.4c-2,0-3.7-1.7-3.7-3.7zm4.6.9h5.3v-1.5H9.3v1.5z\"><\/path><\/svg><span class=\"wp-block-social-link-label screen-reader-text\">Lien<\/span><\/a><\/li><\/ul>\n<\/div>\n\n\n\n<div class=\"wp-block-column is-layout-flow wp-block-column-is-layout-flow\">\n<ul class=\"wp-block-social-links is-layout-flex wp-block-social-links-is-layout-flex\"><li class=\"wp-social-link wp-social-link-facebook  wp-block-social-link\"><a rel=\"noopener nofollow\" target=\"_blank\" href=\"https:\/\/www.facebook.com\/lescyclomigrateurs\" class=\"wp-block-social-link-anchor\"><svg width=\"24\" height=\"24\" viewBox=\"0 0 24 24\" version=\"1.1\" xmlns=\"http:\/\/www.w3.org\/2000\/svg\" aria-hidden=\"true\" focusable=\"false\"><path d=\"M12 2C6.5 2 2 6.5 2 12c0 5 3.7 9.1 8.4 9.9v-7H7.9V12h2.5V9.8c0-2.5 1.5-3.9 3.8-3.9 1.1 0 2.2.2 2.2.2v2.5h-1.3c-1.2 0-1.6.8-1.6 1.6V12h2.8l-.4 2.9h-2.3v7C18.3 21.1 22 17 22 12c0-5.5-4.5-10-10-10z\"><\/path><\/svg><span class=\"wp-block-social-link-label screen-reader-text\">Facebook<\/span><\/a><\/li><\/ul>\n<\/div>\n<\/div>\n<\/div>\n\n\n\n<div style=\"height:14px\" aria-hidden=\"true\" class=\"wp-block-spacer\"><\/div>\n\n\n\n<figure class=\"wp-block-embed is-type-video is-provider-youtube wp-block-embed-youtube wp-embed-aspect-16-9 wp-has-aspect-ratio\"><div class=\"wp-block-embed__wrapper\">\n<iframe loading=\"lazy\" title=\"\u00a1 Viva Cuba !  (Trailer)\" width=\"500\" height=\"281\" src=\"https:\/\/www.youtube.com\/embed\/CyFQh1PiYLw?feature=oembed\" frameborder=\"0\" allow=\"accelerometer; autoplay; clipboard-write; encrypted-media; gyroscope; picture-in-picture; web-share\" referrerpolicy=\"strict-origin-when-cross-origin\" allowfullscreen><\/iframe>\n<\/div><\/figure>\n\n\n\n<div style=\"height:14px\" aria-hidden=\"true\" class=\"wp-block-spacer\"><\/div>\n\n\n\n<p class=\"has-text-align-center\" style=\"font-size:0.8rem;letter-spacing:0.0625rem;text-transform:uppercase\"><strong>Dans la m\u00eame s\u00e9ance<\/strong><\/p>\n\n\n\n<div class=\"wp-block-group has-background is-vertical is-content-justification-center is-layout-flex wp-container-core-group-is-layout-43e4665b wp-block-group-is-layout-flex\" style=\"border-radius:14px;background-color:#ffffff;padding-top:var(--wp--preset--spacing--30);padding-right:var(--wp--preset--spacing--30);padding-bottom:var(--wp--preset--spacing--30);padding-left:var(--wp--preset--spacing--30)\">\n<figure class=\"wp-block-image size-full is-resized has-custom-border wp-duotone-unset-2\"><img loading=\"lazy\" decoding=\"async\" width=\"150\" height=\"149\" src=\"https:\/\/festival.cyclo-camping.international\/2026\/wp-content\/uploads\/sites\/4\/2024\/01\/Mini-Gedon.jpg\" alt=\"\" class=\"wp-image-4476\" style=\"border-radius:100px;width:115px;height:auto\"\/><\/figure>\n\n\n\n<p class=\"has-text-align-center\"><a href=\"https:\/\/festival.cyclo-camping.international\/2026\/programme-des-films-2026\/film-aventure-en-roue-libre\/\"><strong>R\u00e9cit de voyage<\/strong><\/a><\/p>\n\n\n\n<p class=\"has-text-align-center\"><a href=\"https:\/\/festival.cyclo-camping.international\/2026\/programme-des-films-2026\/film-aventure-en-roue-libre\/\"><strong>L&rsquo;aventure en roue libre<\/strong><\/a><\/p>\n\n\n\n<p class=\"has-text-align-center\" style=\"line-height:1.3\">Agn\u00e8s Gedon<\/p>\n\n\n\n<p style=\"line-height:1.2\">27 min<\/p>\n\n\n\n<div style=\"height:7px\" aria-hidden=\"true\" class=\"wp-block-spacer\"><\/div>\n\n\n\n<p class=\"has-text-align-center\" style=\"line-height:1.4\">Agn\u00e8s et Christophe sont de grands voyageurs. Partis en 2022 \u00ab\u00a0pour 2 ans\u00a0\u00bb, ils p\u00e9dalent toujours aujourd&rsquo;hui&#8230;<\/p>\n\n\n\n<p class=\"has-text-align-center has-small-font-size\"><strong><a href=\"https:\/\/festival.cyclo-camping.international\/2026\/programme-des-films-2026\/film-aventure-en-roue-libre\/\">En savoir plus<\/a><\/strong><\/p>\n<\/div>\n\n\n\n<div class=\"wp-block-buttons is-content-justification-space-between is-layout-flex wp-container-core-buttons-is-layout-cb28d6de wp-block-buttons-is-layout-flex\" style=\"margin-top:var(--wp--preset--spacing--20)\">\n<div class=\"wp-block-button is-style-outline is-style-outline--3\"><a class=\"wp-block-button__link wp-element-button\" href=\"\/2026\/programme-des-films-2026\/film-alicia-et-ralph-sur-le-canal\/\">S\u00e9ance pr\u00e9c\u00e9dente<\/a><\/div>\n\n\n\n<div class=\"wp-block-button is-style-outline is-style-outline--4\"><a class=\"wp-block-button__link wp-element-button\" href=\"\/2026\/programme-des-films-2026\/film-le-challenge-de-tourmagne\/\">S\u00e9ance suivante<\/a><\/div>\n<\/div>\n\n\n\n<div class=\"wp-block-buttons is-content-justification-center is-layout-flex wp-container-core-buttons-is-layout-98935462 wp-block-buttons-is-layout-flex\" style=\"margin-top:var(--wp--preset--spacing--10);margin-bottom:var(--wp--preset--spacing--10)\">\n<div class=\"wp-block-button\"><a class=\"wp-block-button__link wp-element-button\" href=\"\/2026\/programme-des-films-2026\/\">Retour au programme des films<\/a><\/div>\n<\/div>\n","protected":false},"excerpt":{"rendered":"<p>Cuba fait r\u00eaver, avec ses magnifiques plages, ses grands h\u00f4tels, ses belles voitures am\u00e9ricaines, sa musique reconnaissable entre mille. Mais qu&rsquo;en est-il des Cubains? Nous partons \u00e0 leur rencontre \u00e0 v\u00e9lo, y compris dans les coins les plus recul\u00e9s, mais aussi les plus beaux. Durant deux mois, nous sommes \u00e9pat\u00e9s par un peuple confront\u00e9 \u00e0 [&hellip;]<\/p>\n","protected":false},"author":1,"featured_media":4480,"parent":944,"menu_order":15,"comment_status":"closed","ping_status":"closed","template":"page-no-title","meta":{"footnotes":""},"class_list":["post-266","page","type-page","status-publish","has-post-thumbnail","hentry"],"yoast_head":"<!-- This site is optimized with the Yoast SEO plugin v27.6 - https:\/\/yoast.com\/product\/yoast-seo-wordpress\/ -->\n<title>Film Viva Cuba<\/title>\n<meta name=\"description\" content=\"Le film &quot;Viva Cuba&quot; raconte deux mois en-chant\u00e9s \u00e0 la d\u00e9couverte de Cuba, en v\u00e9lo-couch\u00e9.\" \/>\n<meta name=\"robots\" content=\"index, follow, max-snippet:-1, max-image-preview:large, max-video-preview:-1\" \/>\n<link rel=\"canonical\" href=\"https:\/\/festival.cyclo-camping.international\/2026\/programme-des-films-2026\/film-viva-cuba\/\" \/>\n<meta property=\"og:locale\" content=\"fr_FR\" \/>\n<meta property=\"og:type\" content=\"article\" \/>\n<meta property=\"og:title\" content=\"Film Viva Cuba\" \/>\n<meta property=\"og:description\" content=\"Le film &quot;Viva Cuba&quot; raconte deux mois en-chant\u00e9s \u00e0 la d\u00e9couverte de Cuba, en v\u00e9lo-couch\u00e9.\" \/>\n<meta property=\"og:url\" content=\"https:\/\/festival.cyclo-camping.international\/2026\/programme-des-films-2026\/film-viva-cuba\/\" \/>\n<meta property=\"og:site_name\" content=\"39e Festival International du Voyage \u00e0 V\u00e9lo\" \/>\n<meta property=\"article:publisher\" content=\"https:\/\/www.facebook.com\/cyclo.camping.international\" \/>\n<meta property=\"article:modified_time\" content=\"2025-12-23T17:27:16+00:00\" \/>\n<meta property=\"og:image\" content=\"https:\/\/festival.cyclo-camping.international\/2026\/wp-content\/uploads\/sites\/4\/2025\/12\/Affiche-cuba.jpeg\" \/>\n\t<meta property=\"og:image:width\" content=\"1280\" \/>\n\t<meta property=\"og:image:height\" content=\"720\" \/>\n\t<meta property=\"og:image:type\" content=\"image\/jpeg\" \/>\n<meta name=\"twitter:card\" content=\"summary_large_image\" \/>\n<meta name=\"twitter:label1\" content=\"Dur\u00e9e de lecture estim\u00e9e\" \/>\n\t<meta name=\"twitter:data1\" content=\"2 minutes\" \/>\n<script type=\"application\/ld+json\" class=\"yoast-schema-graph\">{\"@context\":\"https:\\\/\\\/schema.org\",\"@graph\":[{\"@type\":\"WebPage\",\"@id\":\"https:\\\/\\\/festival.cyclo-camping.international\\\/2026\\\/programme-des-films-2026\\\/film-viva-cuba\\\/\",\"url\":\"https:\\\/\\\/festival.cyclo-camping.international\\\/2026\\\/programme-des-films-2026\\\/film-viva-cuba\\\/\",\"name\":\"Film Viva Cuba\",\"isPartOf\":{\"@id\":\"https:\\\/\\\/festival.cyclo-camping.international\\\/2026\\\/#website\"},\"primaryImageOfPage\":{\"@id\":\"https:\\\/\\\/festival.cyclo-camping.international\\\/2026\\\/programme-des-films-2026\\\/film-viva-cuba\\\/#primaryimage\"},\"image\":{\"@id\":\"https:\\\/\\\/festival.cyclo-camping.international\\\/2026\\\/programme-des-films-2026\\\/film-viva-cuba\\\/#primaryimage\"},\"thumbnailUrl\":\"https:\\\/\\\/festival.cyclo-camping.international\\\/2026\\\/wp-content\\\/uploads\\\/sites\\\/4\\\/2025\\\/12\\\/Affiche-cuba.jpeg\",\"datePublished\":\"2025-12-17T16:38:49+00:00\",\"dateModified\":\"2025-12-23T17:27:16+00:00\",\"description\":\"Le film \\\"Viva Cuba\\\" raconte deux mois en-chant\u00e9s \u00e0 la d\u00e9couverte de Cuba, en v\u00e9lo-couch\u00e9.\",\"breadcrumb\":{\"@id\":\"https:\\\/\\\/festival.cyclo-camping.international\\\/2026\\\/programme-des-films-2026\\\/film-viva-cuba\\\/#breadcrumb\"},\"inLanguage\":\"fr-FR\",\"potentialAction\":[{\"@type\":\"ReadAction\",\"target\":[\"https:\\\/\\\/festival.cyclo-camping.international\\\/2026\\\/programme-des-films-2026\\\/film-viva-cuba\\\/\"]}]},{\"@type\":\"ImageObject\",\"inLanguage\":\"fr-FR\",\"@id\":\"https:\\\/\\\/festival.cyclo-camping.international\\\/2026\\\/programme-des-films-2026\\\/film-viva-cuba\\\/#primaryimage\",\"url\":\"https:\\\/\\\/festival.cyclo-camping.international\\\/2026\\\/wp-content\\\/uploads\\\/sites\\\/4\\\/2025\\\/12\\\/Affiche-cuba.jpeg\",\"contentUrl\":\"https:\\\/\\\/festival.cyclo-camping.international\\\/2026\\\/wp-content\\\/uploads\\\/sites\\\/4\\\/2025\\\/12\\\/Affiche-cuba.jpeg\",\"width\":1280,\"height\":720},{\"@type\":\"BreadcrumbList\",\"@id\":\"https:\\\/\\\/festival.cyclo-camping.international\\\/2026\\\/programme-des-films-2026\\\/film-viva-cuba\\\/#breadcrumb\",\"itemListElement\":[{\"@type\":\"ListItem\",\"position\":1,\"name\":\"Accueil\",\"item\":\"https:\\\/\\\/festival.cyclo-camping.international\\\/2026\\\/\"},{\"@type\":\"ListItem\",\"position\":2,\"name\":\"Programme des films en 2026\",\"item\":\"https:\\\/\\\/festival.cyclo-camping.international\\\/2026\\\/programme-des-films-2026\\\/\"},{\"@type\":\"ListItem\",\"position\":3,\"name\":\"Viva Cuba\"}]},{\"@type\":\"WebSite\",\"@id\":\"https:\\\/\\\/festival.cyclo-camping.international\\\/2026\\\/#website\",\"url\":\"https:\\\/\\\/festival.cyclo-camping.international\\\/2026\\\/\",\"name\":\"39e Festival International du Voyage \u00e0 V\u00e9lo\",\"description\":\"\",\"publisher\":{\"@id\":\"https:\\\/\\\/festival.cyclo-camping.international\\\/2026\\\/#organization\"},\"potentialAction\":[{\"@type\":\"SearchAction\",\"target\":{\"@type\":\"EntryPoint\",\"urlTemplate\":\"https:\\\/\\\/festival.cyclo-camping.international\\\/2026\\\/?s={search_term_string}\"},\"query-input\":{\"@type\":\"PropertyValueSpecification\",\"valueRequired\":true,\"valueName\":\"search_term_string\"}}],\"inLanguage\":\"fr-FR\"},{\"@type\":\"Organization\",\"@id\":\"https:\\\/\\\/festival.cyclo-camping.international\\\/2026\\\/#organization\",\"name\":\"39e Festival International du Voyage \u00e0 V\u00e9lo\",\"url\":\"https:\\\/\\\/festival.cyclo-camping.international\\\/2026\\\/\",\"logo\":{\"@type\":\"ImageObject\",\"inLanguage\":\"fr-FR\",\"@id\":\"https:\\\/\\\/festival.cyclo-camping.international\\\/2026\\\/#\\\/schema\\\/logo\\\/image\\\/\",\"url\":\"https:\\\/\\\/festival.cyclo-camping.international\\\/2026\\\/wp-content\\\/uploads\\\/sites\\\/4\\\/2024\\\/01\\\/logo_cci_petit.png\",\"contentUrl\":\"https:\\\/\\\/festival.cyclo-camping.international\\\/2026\\\/wp-content\\\/uploads\\\/sites\\\/4\\\/2024\\\/01\\\/logo_cci_petit.png\",\"width\":264,\"height\":113,\"caption\":\"39e Festival International du Voyage \u00e0 V\u00e9lo\"},\"image\":{\"@id\":\"https:\\\/\\\/festival.cyclo-camping.international\\\/2026\\\/#\\\/schema\\\/logo\\\/image\\\/\"},\"sameAs\":[\"https:\\\/\\\/www.facebook.com\\\/cyclo.camping.international\",\"https:\\\/\\\/www.instagram.com\\\/cyclocampinginternational\\\/\"]}]}<\/script>\n<!-- \/ Yoast SEO plugin. -->","yoast_head_json":{"title":"Film Viva Cuba","description":"Le film \"Viva Cuba\" raconte deux mois en-chant\u00e9s \u00e0 la d\u00e9couverte de Cuba, en v\u00e9lo-couch\u00e9.","robots":{"index":"index","follow":"follow","max-snippet":"max-snippet:-1","max-image-preview":"max-image-preview:large","max-video-preview":"max-video-preview:-1"},"canonical":"https:\/\/festival.cyclo-camping.international\/2026\/programme-des-films-2026\/film-viva-cuba\/","og_locale":"fr_FR","og_type":"article","og_title":"Film Viva Cuba","og_description":"Le film \"Viva Cuba\" raconte deux mois en-chant\u00e9s \u00e0 la d\u00e9couverte de Cuba, en v\u00e9lo-couch\u00e9.","og_url":"https:\/\/festival.cyclo-camping.international\/2026\/programme-des-films-2026\/film-viva-cuba\/","og_site_name":"39e Festival International du Voyage \u00e0 V\u00e9lo","article_publisher":"https:\/\/www.facebook.com\/cyclo.camping.international","article_modified_time":"2025-12-23T17:27:16+00:00","og_image":[{"width":1280,"height":720,"url":"https:\/\/festival.cyclo-camping.international\/2026\/wp-content\/uploads\/sites\/4\/2025\/12\/Affiche-cuba.jpeg","type":"image\/jpeg"}],"twitter_card":"summary_large_image","twitter_misc":{"Dur\u00e9e de lecture estim\u00e9e":"2 minutes"},"schema":{"@context":"https:\/\/schema.org","@graph":[{"@type":"WebPage","@id":"https:\/\/festival.cyclo-camping.international\/2026\/programme-des-films-2026\/film-viva-cuba\/","url":"https:\/\/festival.cyclo-camping.international\/2026\/programme-des-films-2026\/film-viva-cuba\/","name":"Film Viva Cuba","isPartOf":{"@id":"https:\/\/festival.cyclo-camping.international\/2026\/#website"},"primaryImageOfPage":{"@id":"https:\/\/festival.cyclo-camping.international\/2026\/programme-des-films-2026\/film-viva-cuba\/#primaryimage"},"image":{"@id":"https:\/\/festival.cyclo-camping.international\/2026\/programme-des-films-2026\/film-viva-cuba\/#primaryimage"},"thumbnailUrl":"https:\/\/festival.cyclo-camping.international\/2026\/wp-content\/uploads\/sites\/4\/2025\/12\/Affiche-cuba.jpeg","datePublished":"2025-12-17T16:38:49+00:00","dateModified":"2025-12-23T17:27:16+00:00","description":"Le film \"Viva Cuba\" raconte deux mois en-chant\u00e9s \u00e0 la d\u00e9couverte de Cuba, en v\u00e9lo-couch\u00e9.","breadcrumb":{"@id":"https:\/\/festival.cyclo-camping.international\/2026\/programme-des-films-2026\/film-viva-cuba\/#breadcrumb"},"inLanguage":"fr-FR","potentialAction":[{"@type":"ReadAction","target":["https:\/\/festival.cyclo-camping.international\/2026\/programme-des-films-2026\/film-viva-cuba\/"]}]},{"@type":"ImageObject","inLanguage":"fr-FR","@id":"https:\/\/festival.cyclo-camping.international\/2026\/programme-des-films-2026\/film-viva-cuba\/#primaryimage","url":"https:\/\/festival.cyclo-camping.international\/2026\/wp-content\/uploads\/sites\/4\/2025\/12\/Affiche-cuba.jpeg","contentUrl":"https:\/\/festival.cyclo-camping.international\/2026\/wp-content\/uploads\/sites\/4\/2025\/12\/Affiche-cuba.jpeg","width":1280,"height":720},{"@type":"BreadcrumbList","@id":"https:\/\/festival.cyclo-camping.international\/2026\/programme-des-films-2026\/film-viva-cuba\/#breadcrumb","itemListElement":[{"@type":"ListItem","position":1,"name":"Accueil","item":"https:\/\/festival.cyclo-camping.international\/2026\/"},{"@type":"ListItem","position":2,"name":"Programme des films en 2026","item":"https:\/\/festival.cyclo-camping.international\/2026\/programme-des-films-2026\/"},{"@type":"ListItem","position":3,"name":"Viva Cuba"}]},{"@type":"WebSite","@id":"https:\/\/festival.cyclo-camping.international\/2026\/#website","url":"https:\/\/festival.cyclo-camping.international\/2026\/","name":"39e Festival International du Voyage \u00e0 V\u00e9lo","description":"","publisher":{"@id":"https:\/\/festival.cyclo-camping.international\/2026\/#organization"},"potentialAction":[{"@type":"SearchAction","target":{"@type":"EntryPoint","urlTemplate":"https:\/\/festival.cyclo-camping.international\/2026\/?s={search_term_string}"},"query-input":{"@type":"PropertyValueSpecification","valueRequired":true,"valueName":"search_term_string"}}],"inLanguage":"fr-FR"},{"@type":"Organization","@id":"https:\/\/festival.cyclo-camping.international\/2026\/#organization","name":"39e Festival International du Voyage \u00e0 V\u00e9lo","url":"https:\/\/festival.cyclo-camping.international\/2026\/","logo":{"@type":"ImageObject","inLanguage":"fr-FR","@id":"https:\/\/festival.cyclo-camping.international\/2026\/#\/schema\/logo\/image\/","url":"https:\/\/festival.cyclo-camping.international\/2026\/wp-content\/uploads\/sites\/4\/2024\/01\/logo_cci_petit.png","contentUrl":"https:\/\/festival.cyclo-camping.international\/2026\/wp-content\/uploads\/sites\/4\/2024\/01\/logo_cci_petit.png","width":264,"height":113,"caption":"39e Festival International du Voyage \u00e0 V\u00e9lo"},"image":{"@id":"https:\/\/festival.cyclo-camping.international\/2026\/#\/schema\/logo\/image\/"},"sameAs":["https:\/\/www.facebook.com\/cyclo.camping.international","https:\/\/www.instagram.com\/cyclocampinginternational\/"]}]}},"_links":{"self":[{"href":"https:\/\/festival.cyclo-camping.international\/2026\/wp-json\/wp\/v2\/pages\/266","targetHints":{"allow":["GET"]}}],"collection":[{"href":"https:\/\/festival.cyclo-camping.international\/2026\/wp-json\/wp\/v2\/pages"}],"about":[{"href":"https:\/\/festival.cyclo-camping.international\/2026\/wp-json\/wp\/v2\/types\/page"}],"author":[{"embeddable":true,"href":"https:\/\/festival.cyclo-camping.international\/2026\/wp-json\/wp\/v2\/users\/1"}],"replies":[{"embeddable":true,"href":"https:\/\/festival.cyclo-camping.international\/2026\/wp-json\/wp\/v2\/comments?post=266"}],"version-history":[{"count":6,"href":"https:\/\/festival.cyclo-camping.international\/2026\/wp-json\/wp\/v2\/pages\/266\/revisions"}],"predecessor-version":[{"id":4882,"href":"https:\/\/festival.cyclo-camping.international\/2026\/wp-json\/wp\/v2\/pages\/266\/revisions\/4882"}],"up":[{"embeddable":true,"href":"https:\/\/festival.cyclo-camping.international\/2026\/wp-json\/wp\/v2\/pages\/944"}],"wp:featuredmedia":[{"embeddable":true,"href":"https:\/\/festival.cyclo-camping.international\/2026\/wp-json\/wp\/v2\/media\/4480"}],"wp:attachment":[{"href":"https:\/\/festival.cyclo-camping.international\/2026\/wp-json\/wp\/v2\/media?parent=266"}],"curies":[{"name":"wp","href":"https:\/\/api.w.org\/{rel}","templated":true}]}}