{"id":188,"date":"2025-12-17T15:15:56","date_gmt":"2025-12-17T14:15:56","guid":{"rendered":"https:\/\/festival.cyclo-camping.international\/2024\/?page_id=188"},"modified":"2025-12-23T20:28:04","modified_gmt":"2025-12-23T19:28:04","slug":"film-lac-baikal","status":"publish","type":"page","link":"https:\/\/festival.cyclo-camping.international\/2026\/programme-des-films-2026\/film-lac-baikal\/","title":{"rendered":"Lac Ba\u00efkal"},"content":{"rendered":"\n<div class=\"wp-block-cover alignfull is-light wp-duotone-unset-1\" style=\"margin-top:0;padding-top:2rem;padding-right:2rem;padding-bottom:2rem;padding-left:2rem;min-height:66vh;aspect-ratio:unset;\"><img loading=\"lazy\" decoding=\"async\" width=\"1024\" height=\"768\" class=\"wp-block-cover__image-background wp-image-4420 size-large\" alt=\"\" src=\"https:\/\/festival.cyclo-camping.international\/2026\/wp-content\/uploads\/sites\/4\/2025\/12\/Gaelle-BOJKO5-1200-1024x768.jpg\" data-object-fit=\"cover\" srcset=\"https:\/\/festival.cyclo-camping.international\/2026\/wp-content\/uploads\/sites\/4\/2025\/12\/Gaelle-BOJKO5-1200-1024x768.jpg 1024w, https:\/\/festival.cyclo-camping.international\/2026\/wp-content\/uploads\/sites\/4\/2025\/12\/Gaelle-BOJKO5-1200-300x225.jpg 300w, https:\/\/festival.cyclo-camping.international\/2026\/wp-content\/uploads\/sites\/4\/2025\/12\/Gaelle-BOJKO5-1200-768x576.jpg 768w, https:\/\/festival.cyclo-camping.international\/2026\/wp-content\/uploads\/sites\/4\/2025\/12\/Gaelle-BOJKO5-1200.jpg 1200w\" sizes=\"auto, (max-width: 1024px) 100vw, 1024px\" \/><span aria-hidden=\"true\" class=\"wp-block-cover__background has-background-dim-30 has-background-dim\" style=\"background-color:#8ca4c2\"><\/span><div class=\"wp-block-cover__inner-container is-layout-flow wp-block-cover-is-layout-flow\">\n<div class=\"wp-block-group has-global-padding is-content-justification-center is-layout-constrained wp-container-core-group-is-layout-b3bc50f0 wp-block-group-is-layout-constrained\">\n<h1 class=\"wp-block-heading has-text-align-center has-white-color has-text-color\" style=\"font-size:clamp(28.836px, 1.802rem + ((1vw - 3.2px) * 2.205), 50px);font-style:normal;font-weight:700;letter-spacing:0px;line-height:1.1;text-transform:uppercase\">Lac Ba\u00efkal<\/h1>\n\n\n\n<div class=\"wp-block-group is-vertical is-content-justification-center is-layout-flex wp-container-core-group-is-layout-df21e9f8 wp-block-group-is-layout-flex\" style=\"margin-top:0;margin-bottom:var(--wp--preset--spacing--10);padding-top:0;padding-bottom:0\">\n<h2 class=\"wp-block-heading has-text-align-center has-text-color has-link-color wp-elements-a7e25499dc8639bdd8491e5f21e33472\" style=\"color:#ffffff\">Ga\u00eblle Bojko<\/h2>\n\n\n\n<p class=\"has-text-align-center has-base-2-color has-text-color has-link-color has-small-font-size wp-elements-da279574dc00b640d03d9eac4c7869dd\" style=\"line-height:1.2\">9 min<\/p>\n\n\n\n<p class=\"has-base-2-color has-text-color has-link-color wp-elements-5490123da718aa987887dca5ad2568ce\">Sous-titr\u00e9 en fran\u00e7ais<\/p>\n<\/div>\n<\/div>\n\n\n\n<div style=\"margin-top:0;margin-bottom:0;height:3rem\" aria-hidden=\"true\" class=\"wp-block-spacer\"><\/div>\n\n\n\n<div class=\"wp-block-columns are-vertically-aligned-bottom is-layout-flex wp-container-core-columns-is-layout-0111f410 wp-block-columns-is-layout-flex\" style=\"padding-right:var(--wp--preset--spacing--50);padding-left:var(--wp--preset--spacing--50)\">\n<div class=\"wp-block-column is-vertically-aligned-bottom is-layout-flow wp-block-column-is-layout-flow\" style=\"flex-basis:33.33%\"><\/div>\n\n\n\n<div class=\"wp-block-column is-vertically-aligned-bottom is-layout-flow wp-block-column-is-layout-flow\" style=\"flex-basis:33.33%\">\n<div class=\"wp-block-group has-border-color is-layout-flow wp-container-core-group-is-layout-494e086b wp-block-group-is-layout-flow\" style=\"border-color:#ffffff;border-width:1px;border-radius:600px;margin-top:0;margin-bottom:0;padding-top:0.5rem;padding-right:0.5rem;padding-bottom:0.5rem;padding-left:0.5rem\">\n<h3 class=\"wp-block-heading has-text-align-center has-text-color has-link-color has-medium-font-size wp-elements-1dad60f22726c4dae5575e9991d9f693\" style=\"color:#ffffff\">S\u00e9ance 4<\/h3>\n\n\n\n<p class=\"has-text-align-center has-base-2-color has-text-color has-link-color has-small-font-size wp-elements-5d4b2d13d12ba09d506d683b8e3dfab5\">Samedi \u2013 17h00 \u2013 Auditorium<\/p>\n<\/div>\n<\/div>\n\n\n\n<div class=\"wp-block-column is-vertically-aligned-bottom is-layout-flow wp-block-column-is-layout-flow\" style=\"flex-basis:33.33%\"><\/div>\n<\/div>\n<\/div><\/div>\n\n\n\n<div style=\"height:14px\" aria-hidden=\"true\" class=\"wp-block-spacer\"><\/div>\n\n\n\n<p>En f\u00e9vrier 2020, j&rsquo;ai pass\u00e9 un mois \u00e0 parcourir \u00e0 v\u00e9lo le lac Ba\u00efkal gel\u00e9. Le froid, la glace et la neige m&rsquo;ont attir\u00e9 l\u00e0-bas. Je ne peux pas expliquer pr\u00e9cis\u00e9ment pourquoi j&rsquo;aime tant ces paysages, mais je me sens bien dans ces endroits hivernaux, malgr\u00e9 le froid, la rudesse et la solitude. J&rsquo;aime le silence, les sons \u00e9touff\u00e9s, la lumi\u00e8re, l&rsquo;apparente stabilit\u00e9 que je trouve tr\u00e8s apaisante.<\/p>\n\n\n\n<p>Le lac Ba\u00efkal est le plus grand lac d&rsquo;eau douce au monde. Il mesure environ 650 kilom\u00e8tres de long et 70 kilom\u00e8tres de large et est situ\u00e9 en Sib\u00e9rie (Russie), au nord de la Mongolie. C&rsquo;est \u00e9galement le lac le plus profond au monde et il abrite une incroyable biodiversit\u00e9. Pendant trois semaines, j&rsquo;ai parcouru \u00e0 v\u00e9lo la partie nord du lac jusqu&rsquo;\u00e0 Irkoutsk, la plus grande ville des environs.<\/p>\n\n\n\n<p>Faire du v\u00e9lo dans un environnement froid implique de nombreuses adaptations, mais l&rsquo;essence m\u00eame du cyclotourisme\/du v\u00e9lo\/des bagages reste la m\u00eame : d\u00e9couvrir des lieux, des cultures, des gens. Bien que j&rsquo;aie \u00e9t\u00e9 seule la plupart du temps, j&rsquo;ai \u00e9galement rencontr\u00e9 des personnes merveilleuses qui m&rsquo;ont laiss\u00e9 beaucoup de souvenirs heureux et de chaleur. Comment d\u00e9crire ces rencontres tr\u00e8s \u00e9mouvantes alors que je n&rsquo;ai pratiquement aucune photo d&rsquo;elles ? Comment retranscrire l&rsquo;intensit\u00e9 d&rsquo;un sourire apr\u00e8s avoir \u00e9t\u00e9 seul pendant plusieurs jours ? Nous sommes des \u00eatres sociaux et passer du temps seul me rappelle \u00e0 quel point ces interactions sont pr\u00e9cieuses.<\/p>\n\n\n\n<div style=\"height:14px\" aria-hidden=\"true\" class=\"wp-block-spacer\"><\/div>\n\n\n\n<p class=\"has-text-align-left\" style=\"font-size:0.8rem;letter-spacing:0.0625rem;text-transform:uppercase\"><strong>Bio express<\/strong><\/p>\n\n\n\n<p>C\u2019est l\u2019histoire d\u2019une aventuri\u00e8re discr\u00e8te. Dipl\u00f4m\u00e9e d&rsquo;architecture, cette jeune femme commence le voyage \u00e0 v\u00e9lo par deux semaines sous la pluie en \u00c9cosse et d\u00e9cide, ensuite, de partir un an faire le tour de l\u2019Europe. Charm\u00e9e par l\u2019hiver dans les Balkans, elle continue l\u2019aventure par une travers\u00e9e glac\u00e9e du lac Ba\u00efkal. Elle est d\u00e9sormais adepte du bivouac hivernal et artisane sacochi\u00e8re\u00a0 : elle con\u00e7oit et fabrique des sacoches dans son atelier grenoblois (<em>Cours s&rsquo;il pleut<\/em>).<\/p>\n\n\n\n<div style=\"height:14px\" aria-hidden=\"true\" class=\"wp-block-spacer\"><\/div>\n\n\n\n<p class=\"has-text-align-left\" style=\"font-size:0.8rem;letter-spacing:0.0625rem;text-transform:uppercase\"><strong>La suivrE<\/strong><\/p>\n\n\n\n<ul class=\"wp-block-social-links is-layout-flex wp-block-social-links-is-layout-flex\"><li class=\"wp-social-link wp-social-link-facebook  wp-block-social-link\"><a rel=\"noopener nofollow\" target=\"_blank\" href=\"https:\/\/www.facebook.com\/gaelle.bojko\" class=\"wp-block-social-link-anchor\"><svg width=\"24\" height=\"24\" viewBox=\"0 0 24 24\" version=\"1.1\" xmlns=\"http:\/\/www.w3.org\/2000\/svg\" aria-hidden=\"true\" focusable=\"false\"><path d=\"M12 2C6.5 2 2 6.5 2 12c0 5 3.7 9.1 8.4 9.9v-7H7.9V12h2.5V9.8c0-2.5 1.5-3.9 3.8-3.9 1.1 0 2.2.2 2.2.2v2.5h-1.3c-1.2 0-1.6.8-1.6 1.6V12h2.8l-.4 2.9h-2.3v7C18.3 21.1 22 17 22 12c0-5.5-4.5-10-10-10z\"><\/path><\/svg><span class=\"wp-block-social-link-label screen-reader-text\">Facebook<\/span><\/a><\/li><\/ul>\n\n\n\n<div style=\"height:14px\" aria-hidden=\"true\" class=\"wp-block-spacer\"><\/div>\n\n\n\n<figure class=\"wp-block-embed is-type-video is-provider-youtube wp-block-embed-youtube wp-embed-aspect-16-9 wp-has-aspect-ratio\"><div class=\"wp-block-embed__wrapper\">\n<iframe loading=\"lazy\" title=\"Teaser whiteout Festival\" width=\"500\" height=\"281\" src=\"https:\/\/www.youtube.com\/embed\/wpDIy0hozHc?feature=oembed\" frameborder=\"0\" allow=\"accelerometer; autoplay; clipboard-write; encrypted-media; gyroscope; picture-in-picture; web-share\" referrerpolicy=\"strict-origin-when-cross-origin\" allowfullscreen><\/iframe>\n<\/div><\/figure>\n\n\n\n<div style=\"height:14px\" aria-hidden=\"true\" class=\"wp-block-spacer\"><\/div>\n\n\n\n<p class=\"has-text-align-center\" style=\"font-size:0.8rem;letter-spacing:0.0625rem;text-transform:uppercase\"><strong>Dans la m\u00eame s\u00e9ance<\/strong><\/p>\n\n\n\n<div class=\"wp-block-group has-background is-vertical is-content-justification-center is-layout-flex wp-container-core-group-is-layout-43e4665b wp-block-group-is-layout-flex\" style=\"border-radius:14px;background-color:#ffffff;padding-top:var(--wp--preset--spacing--30);padding-right:var(--wp--preset--spacing--30);padding-bottom:var(--wp--preset--spacing--30);padding-left:var(--wp--preset--spacing--30)\">\n<figure class=\"wp-block-image size-full is-resized has-custom-border wp-duotone-unset-2\"><img loading=\"lazy\" decoding=\"async\" width=\"150\" height=\"150\" src=\"https:\/\/festival.cyclo-camping.international\/2026\/wp-content\/uploads\/sites\/4\/2024\/01\/Mini-baer.jpg\" alt=\"\" class=\"wp-image-4428\" style=\"border-radius:100px;width:115px;height:auto\" \/><\/figure>\n\n\n\n<h3 class=\"wp-block-heading has-text-align-center\"><a href=\"https:\/\/festival.cyclo-camping.international\/2026\/programme-des-films-2026\/film-granite-on-est-libres\/\">Granite, on est libres<\/a><\/h3>\n\n\n\n<p class=\"has-text-align-center\" style=\"line-height:1.3\">Victor Baer<\/p>\n\n\n\n<p style=\"line-height:1.2\">64 min<\/p>\n\n\n\n<div style=\"height:7px\" aria-hidden=\"true\" class=\"wp-block-spacer\"><\/div>\n\n\n\n<p class=\"has-text-align-center\" style=\"line-height:1.4\">\u00c0 24 ans, Victor part pour un voyage vers l&rsquo;Iran et d\u00e9veloppe une r\u00e9flexion intime autour de la libert\u00e9.<\/p>\n\n\n\n<p class=\"has-text-align-center has-small-font-size\"><strong><a href=\"https:\/\/festival.cyclo-camping.international\/2026\/programme-des-films-2026\/film-granite-on-est-libres\/\">En savoir plus<\/a><\/strong><\/p>\n<\/div>\n\n\n\n<div class=\"wp-block-buttons is-content-justification-space-between is-layout-flex wp-container-core-buttons-is-layout-cb28d6de wp-block-buttons-is-layout-flex\" style=\"margin-top:var(--wp--preset--spacing--20)\">\n<div class=\"wp-block-button is-style-outline is-style-outline--3\"><a class=\"wp-block-button__link wp-element-button\" href=\"\/2026\/programme-des-films-2026\/film-les-100-toits-en-amerique-latine\/\">S\u00e9ance pr\u00e9c\u00e9dente<\/a><\/div>\n\n\n\n<div class=\"wp-block-button is-style-outline is-style-outline--4\"><a class=\"wp-block-button__link wp-element-button\" href=\"\/2026\/programme-des-films-2026\/film-ride-the-line\/\">S\u00e9ance suivante<\/a><\/div>\n<\/div>\n\n\n\n<div class=\"wp-block-buttons is-content-justification-center is-layout-flex wp-container-core-buttons-is-layout-98935462 wp-block-buttons-is-layout-flex\" style=\"margin-top:var(--wp--preset--spacing--10);margin-bottom:var(--wp--preset--spacing--10)\">\n<div class=\"wp-block-button\"><a class=\"wp-block-button__link wp-element-button\" href=\"\/2026\/programme-des-films-2026\/\">Retour au programme des films<\/a><\/div>\n<\/div>\n","protected":false},"excerpt":{"rendered":"<p>En f\u00e9vrier 2020, j&rsquo;ai pass\u00e9 un mois \u00e0 parcourir \u00e0 v\u00e9lo le lac Ba\u00efkal gel\u00e9. Le froid, la glace et la neige m&rsquo;ont attir\u00e9 l\u00e0-bas. Je ne peux pas expliquer pr\u00e9cis\u00e9ment pourquoi j&rsquo;aime tant ces paysages, mais je me sens bien dans ces endroits hivernaux, malgr\u00e9 le froid, la rudesse et la solitude. J&rsquo;aime le [&hellip;]<\/p>\n","protected":false},"author":1,"featured_media":4420,"parent":944,"menu_order":10,"comment_status":"closed","ping_status":"closed","template":"page-no-title","meta":{"footnotes":""},"class_list":["post-188","page","type-page","status-publish","has-post-thumbnail","hentry"],"yoast_head":"<!-- This site is optimized with the Yoast SEO plugin v27.6 - https:\/\/yoast.com\/product\/yoast-seo-wordpress\/ -->\n<title>Film Lac Ba\u00efkal<\/title>\n<meta name=\"description\" content=\"Le film &quot;Lac Ba\u00efkal&quot; montre une jeune fille de 23 ans qui fait le tour du lac Ba\u00efkal dans le froid et la neige.\" \/>\n<meta name=\"robots\" content=\"index, follow, max-snippet:-1, max-image-preview:large, max-video-preview:-1\" \/>\n<link rel=\"canonical\" href=\"https:\/\/festival.cyclo-camping.international\/2026\/programme-des-films-2026\/film-lac-baikal\/\" \/>\n<meta property=\"og:locale\" content=\"fr_FR\" \/>\n<meta property=\"og:type\" content=\"article\" \/>\n<meta property=\"og:title\" content=\"Film Lac Ba\u00efkal\" \/>\n<meta property=\"og:description\" content=\"Le film &quot;Lac Ba\u00efkal&quot; montre une jeune fille de 23 ans qui fait le tour du lac Ba\u00efkal dans le froid et la neige.\" \/>\n<meta property=\"og:url\" content=\"https:\/\/festival.cyclo-camping.international\/2026\/programme-des-films-2026\/film-lac-baikal\/\" \/>\n<meta property=\"og:site_name\" content=\"39e Festival International du Voyage \u00e0 V\u00e9lo\" \/>\n<meta property=\"article:publisher\" content=\"https:\/\/www.facebook.com\/cyclo.camping.international\" \/>\n<meta property=\"article:modified_time\" content=\"2025-12-23T19:28:04+00:00\" \/>\n<meta property=\"og:image\" content=\"https:\/\/festival.cyclo-camping.international\/2026\/wp-content\/uploads\/sites\/4\/2025\/12\/Gaelle-BOJKO5-1200.jpg\" \/>\n\t<meta property=\"og:image:width\" content=\"1200\" \/>\n\t<meta property=\"og:image:height\" content=\"900\" \/>\n\t<meta property=\"og:image:type\" content=\"image\/jpeg\" \/>\n<meta name=\"twitter:card\" content=\"summary_large_image\" \/>\n<meta name=\"twitter:label1\" content=\"Dur\u00e9e de lecture estim\u00e9e\" \/>\n\t<meta name=\"twitter:data1\" content=\"3 minutes\" \/>\n<script type=\"application\/ld+json\" class=\"yoast-schema-graph\">{\"@context\":\"https:\\\/\\\/schema.org\",\"@graph\":[{\"@type\":\"WebPage\",\"@id\":\"https:\\\/\\\/festival.cyclo-camping.international\\\/2026\\\/programme-des-films-2026\\\/film-lac-baikal\\\/\",\"url\":\"https:\\\/\\\/festival.cyclo-camping.international\\\/2026\\\/programme-des-films-2026\\\/film-lac-baikal\\\/\",\"name\":\"Film Lac Ba\u00efkal\",\"isPartOf\":{\"@id\":\"https:\\\/\\\/festival.cyclo-camping.international\\\/2026\\\/#website\"},\"primaryImageOfPage\":{\"@id\":\"https:\\\/\\\/festival.cyclo-camping.international\\\/2026\\\/programme-des-films-2026\\\/film-lac-baikal\\\/#primaryimage\"},\"image\":{\"@id\":\"https:\\\/\\\/festival.cyclo-camping.international\\\/2026\\\/programme-des-films-2026\\\/film-lac-baikal\\\/#primaryimage\"},\"thumbnailUrl\":\"https:\\\/\\\/festival.cyclo-camping.international\\\/2026\\\/wp-content\\\/uploads\\\/sites\\\/4\\\/2025\\\/12\\\/Gaelle-BOJKO5-1200.jpg\",\"datePublished\":\"2025-12-17T14:15:56+00:00\",\"dateModified\":\"2025-12-23T19:28:04+00:00\",\"description\":\"Le film \\\"Lac Ba\u00efkal\\\" montre une jeune fille de 23 ans qui fait le tour du lac Ba\u00efkal dans le froid et la neige.\",\"breadcrumb\":{\"@id\":\"https:\\\/\\\/festival.cyclo-camping.international\\\/2026\\\/programme-des-films-2026\\\/film-lac-baikal\\\/#breadcrumb\"},\"inLanguage\":\"fr-FR\",\"potentialAction\":[{\"@type\":\"ReadAction\",\"target\":[\"https:\\\/\\\/festival.cyclo-camping.international\\\/2026\\\/programme-des-films-2026\\\/film-lac-baikal\\\/\"]}]},{\"@type\":\"ImageObject\",\"inLanguage\":\"fr-FR\",\"@id\":\"https:\\\/\\\/festival.cyclo-camping.international\\\/2026\\\/programme-des-films-2026\\\/film-lac-baikal\\\/#primaryimage\",\"url\":\"https:\\\/\\\/festival.cyclo-camping.international\\\/2026\\\/wp-content\\\/uploads\\\/sites\\\/4\\\/2025\\\/12\\\/Gaelle-BOJKO5-1200.jpg\",\"contentUrl\":\"https:\\\/\\\/festival.cyclo-camping.international\\\/2026\\\/wp-content\\\/uploads\\\/sites\\\/4\\\/2025\\\/12\\\/Gaelle-BOJKO5-1200.jpg\",\"width\":1200,\"height\":900},{\"@type\":\"BreadcrumbList\",\"@id\":\"https:\\\/\\\/festival.cyclo-camping.international\\\/2026\\\/programme-des-films-2026\\\/film-lac-baikal\\\/#breadcrumb\",\"itemListElement\":[{\"@type\":\"ListItem\",\"position\":1,\"name\":\"Accueil\",\"item\":\"https:\\\/\\\/festival.cyclo-camping.international\\\/2026\\\/\"},{\"@type\":\"ListItem\",\"position\":2,\"name\":\"Programme des films en 2026\",\"item\":\"https:\\\/\\\/festival.cyclo-camping.international\\\/2026\\\/programme-des-films-2026\\\/\"},{\"@type\":\"ListItem\",\"position\":3,\"name\":\"Lac Ba\u00efkal\"}]},{\"@type\":\"WebSite\",\"@id\":\"https:\\\/\\\/festival.cyclo-camping.international\\\/2026\\\/#website\",\"url\":\"https:\\\/\\\/festival.cyclo-camping.international\\\/2026\\\/\",\"name\":\"39e Festival International du Voyage \u00e0 V\u00e9lo\",\"description\":\"\",\"publisher\":{\"@id\":\"https:\\\/\\\/festival.cyclo-camping.international\\\/2026\\\/#organization\"},\"potentialAction\":[{\"@type\":\"SearchAction\",\"target\":{\"@type\":\"EntryPoint\",\"urlTemplate\":\"https:\\\/\\\/festival.cyclo-camping.international\\\/2026\\\/?s={search_term_string}\"},\"query-input\":{\"@type\":\"PropertyValueSpecification\",\"valueRequired\":true,\"valueName\":\"search_term_string\"}}],\"inLanguage\":\"fr-FR\"},{\"@type\":\"Organization\",\"@id\":\"https:\\\/\\\/festival.cyclo-camping.international\\\/2026\\\/#organization\",\"name\":\"39e Festival International du Voyage \u00e0 V\u00e9lo\",\"url\":\"https:\\\/\\\/festival.cyclo-camping.international\\\/2026\\\/\",\"logo\":{\"@type\":\"ImageObject\",\"inLanguage\":\"fr-FR\",\"@id\":\"https:\\\/\\\/festival.cyclo-camping.international\\\/2026\\\/#\\\/schema\\\/logo\\\/image\\\/\",\"url\":\"https:\\\/\\\/festival.cyclo-camping.international\\\/2026\\\/wp-content\\\/uploads\\\/sites\\\/4\\\/2024\\\/01\\\/logo_cci_petit.png\",\"contentUrl\":\"https:\\\/\\\/festival.cyclo-camping.international\\\/2026\\\/wp-content\\\/uploads\\\/sites\\\/4\\\/2024\\\/01\\\/logo_cci_petit.png\",\"width\":264,\"height\":113,\"caption\":\"39e Festival International du Voyage \u00e0 V\u00e9lo\"},\"image\":{\"@id\":\"https:\\\/\\\/festival.cyclo-camping.international\\\/2026\\\/#\\\/schema\\\/logo\\\/image\\\/\"},\"sameAs\":[\"https:\\\/\\\/www.facebook.com\\\/cyclo.camping.international\",\"https:\\\/\\\/www.instagram.com\\\/cyclocampinginternational\\\/\"]}]}<\/script>\n<!-- \/ Yoast SEO plugin. -->","yoast_head_json":{"title":"Film Lac Ba\u00efkal","description":"Le film \"Lac Ba\u00efkal\" montre une jeune fille de 23 ans qui fait le tour du lac Ba\u00efkal dans le froid et la neige.","robots":{"index":"index","follow":"follow","max-snippet":"max-snippet:-1","max-image-preview":"max-image-preview:large","max-video-preview":"max-video-preview:-1"},"canonical":"https:\/\/festival.cyclo-camping.international\/2026\/programme-des-films-2026\/film-lac-baikal\/","og_locale":"fr_FR","og_type":"article","og_title":"Film Lac Ba\u00efkal","og_description":"Le film \"Lac Ba\u00efkal\" montre une jeune fille de 23 ans qui fait le tour du lac Ba\u00efkal dans le froid et la neige.","og_url":"https:\/\/festival.cyclo-camping.international\/2026\/programme-des-films-2026\/film-lac-baikal\/","og_site_name":"39e Festival International du Voyage \u00e0 V\u00e9lo","article_publisher":"https:\/\/www.facebook.com\/cyclo.camping.international","article_modified_time":"2025-12-23T19:28:04+00:00","og_image":[{"width":1200,"height":900,"url":"https:\/\/festival.cyclo-camping.international\/2026\/wp-content\/uploads\/sites\/4\/2025\/12\/Gaelle-BOJKO5-1200.jpg","type":"image\/jpeg"}],"twitter_card":"summary_large_image","twitter_misc":{"Dur\u00e9e de lecture estim\u00e9e":"3 minutes"},"schema":{"@context":"https:\/\/schema.org","@graph":[{"@type":"WebPage","@id":"https:\/\/festival.cyclo-camping.international\/2026\/programme-des-films-2026\/film-lac-baikal\/","url":"https:\/\/festival.cyclo-camping.international\/2026\/programme-des-films-2026\/film-lac-baikal\/","name":"Film Lac Ba\u00efkal","isPartOf":{"@id":"https:\/\/festival.cyclo-camping.international\/2026\/#website"},"primaryImageOfPage":{"@id":"https:\/\/festival.cyclo-camping.international\/2026\/programme-des-films-2026\/film-lac-baikal\/#primaryimage"},"image":{"@id":"https:\/\/festival.cyclo-camping.international\/2026\/programme-des-films-2026\/film-lac-baikal\/#primaryimage"},"thumbnailUrl":"https:\/\/festival.cyclo-camping.international\/2026\/wp-content\/uploads\/sites\/4\/2025\/12\/Gaelle-BOJKO5-1200.jpg","datePublished":"2025-12-17T14:15:56+00:00","dateModified":"2025-12-23T19:28:04+00:00","description":"Le film \"Lac Ba\u00efkal\" montre une jeune fille de 23 ans qui fait le tour du lac Ba\u00efkal dans le froid et la neige.","breadcrumb":{"@id":"https:\/\/festival.cyclo-camping.international\/2026\/programme-des-films-2026\/film-lac-baikal\/#breadcrumb"},"inLanguage":"fr-FR","potentialAction":[{"@type":"ReadAction","target":["https:\/\/festival.cyclo-camping.international\/2026\/programme-des-films-2026\/film-lac-baikal\/"]}]},{"@type":"ImageObject","inLanguage":"fr-FR","@id":"https:\/\/festival.cyclo-camping.international\/2026\/programme-des-films-2026\/film-lac-baikal\/#primaryimage","url":"https:\/\/festival.cyclo-camping.international\/2026\/wp-content\/uploads\/sites\/4\/2025\/12\/Gaelle-BOJKO5-1200.jpg","contentUrl":"https:\/\/festival.cyclo-camping.international\/2026\/wp-content\/uploads\/sites\/4\/2025\/12\/Gaelle-BOJKO5-1200.jpg","width":1200,"height":900},{"@type":"BreadcrumbList","@id":"https:\/\/festival.cyclo-camping.international\/2026\/programme-des-films-2026\/film-lac-baikal\/#breadcrumb","itemListElement":[{"@type":"ListItem","position":1,"name":"Accueil","item":"https:\/\/festival.cyclo-camping.international\/2026\/"},{"@type":"ListItem","position":2,"name":"Programme des films en 2026","item":"https:\/\/festival.cyclo-camping.international\/2026\/programme-des-films-2026\/"},{"@type":"ListItem","position":3,"name":"Lac Ba\u00efkal"}]},{"@type":"WebSite","@id":"https:\/\/festival.cyclo-camping.international\/2026\/#website","url":"https:\/\/festival.cyclo-camping.international\/2026\/","name":"39e Festival International du Voyage \u00e0 V\u00e9lo","description":"","publisher":{"@id":"https:\/\/festival.cyclo-camping.international\/2026\/#organization"},"potentialAction":[{"@type":"SearchAction","target":{"@type":"EntryPoint","urlTemplate":"https:\/\/festival.cyclo-camping.international\/2026\/?s={search_term_string}"},"query-input":{"@type":"PropertyValueSpecification","valueRequired":true,"valueName":"search_term_string"}}],"inLanguage":"fr-FR"},{"@type":"Organization","@id":"https:\/\/festival.cyclo-camping.international\/2026\/#organization","name":"39e Festival International du Voyage \u00e0 V\u00e9lo","url":"https:\/\/festival.cyclo-camping.international\/2026\/","logo":{"@type":"ImageObject","inLanguage":"fr-FR","@id":"https:\/\/festival.cyclo-camping.international\/2026\/#\/schema\/logo\/image\/","url":"https:\/\/festival.cyclo-camping.international\/2026\/wp-content\/uploads\/sites\/4\/2024\/01\/logo_cci_petit.png","contentUrl":"https:\/\/festival.cyclo-camping.international\/2026\/wp-content\/uploads\/sites\/4\/2024\/01\/logo_cci_petit.png","width":264,"height":113,"caption":"39e Festival International du Voyage \u00e0 V\u00e9lo"},"image":{"@id":"https:\/\/festival.cyclo-camping.international\/2026\/#\/schema\/logo\/image\/"},"sameAs":["https:\/\/www.facebook.com\/cyclo.camping.international","https:\/\/www.instagram.com\/cyclocampinginternational\/"]}]}},"_links":{"self":[{"href":"https:\/\/festival.cyclo-camping.international\/2026\/wp-json\/wp\/v2\/pages\/188","targetHints":{"allow":["GET"]}}],"collection":[{"href":"https:\/\/festival.cyclo-camping.international\/2026\/wp-json\/wp\/v2\/pages"}],"about":[{"href":"https:\/\/festival.cyclo-camping.international\/2026\/wp-json\/wp\/v2\/types\/page"}],"author":[{"embeddable":true,"href":"https:\/\/festival.cyclo-camping.international\/2026\/wp-json\/wp\/v2\/users\/1"}],"replies":[{"embeddable":true,"href":"https:\/\/festival.cyclo-camping.international\/2026\/wp-json\/wp\/v2\/comments?post=188"}],"version-history":[{"count":6,"href":"https:\/\/festival.cyclo-camping.international\/2026\/wp-json\/wp\/v2\/pages\/188\/revisions"}],"predecessor-version":[{"id":4906,"href":"https:\/\/festival.cyclo-camping.international\/2026\/wp-json\/wp\/v2\/pages\/188\/revisions\/4906"}],"up":[{"embeddable":true,"href":"https:\/\/festival.cyclo-camping.international\/2026\/wp-json\/wp\/v2\/pages\/944"}],"wp:featuredmedia":[{"embeddable":true,"href":"https:\/\/festival.cyclo-camping.international\/2026\/wp-json\/wp\/v2\/media\/4420"}],"wp:attachment":[{"href":"https:\/\/festival.cyclo-camping.international\/2026\/wp-json\/wp\/v2\/media?parent=188"}],"curies":[{"name":"wp","href":"https:\/\/api.w.org\/{rel}","templated":true}]}}