{"id":186,"date":"2025-12-17T15:15:00","date_gmt":"2025-12-17T14:15:00","guid":{"rendered":"https:\/\/festival.cyclo-camping.international\/2024\/?page_id=186"},"modified":"2025-12-23T17:08:00","modified_gmt":"2025-12-23T16:08:00","slug":"film-la-grande-bleue-a-velo","status":"publish","type":"page","link":"https:\/\/festival.cyclo-camping.international\/2026\/programme-des-films-2026\/film-la-grande-bleue-a-velo\/","title":{"rendered":"La grande bleue \u00e0 v\u00e9lo"},"content":{"rendered":"\n<div class=\"wp-block-cover alignfull is-light wp-duotone-unset-1\" style=\"margin-top:0;padding-top:2rem;padding-right:2rem;padding-bottom:2rem;padding-left:2rem;min-height:66vh;aspect-ratio:unset;\"><img loading=\"lazy\" decoding=\"async\" width=\"1024\" height=\"768\" class=\"wp-block-cover__image-background wp-image-4412 size-large\" alt=\"\" src=\"https:\/\/festival.cyclo-camping.international\/2026\/wp-content\/uploads\/sites\/4\/2025\/12\/Grece_0104reduit-1200-1024x768.jpg\" data-object-fit=\"cover\" srcset=\"https:\/\/festival.cyclo-camping.international\/2026\/wp-content\/uploads\/sites\/4\/2025\/12\/Grece_0104reduit-1200-1024x768.jpg 1024w, https:\/\/festival.cyclo-camping.international\/2026\/wp-content\/uploads\/sites\/4\/2025\/12\/Grece_0104reduit-1200-300x225.jpg 300w, https:\/\/festival.cyclo-camping.international\/2026\/wp-content\/uploads\/sites\/4\/2025\/12\/Grece_0104reduit-1200-768x576.jpg 768w, https:\/\/festival.cyclo-camping.international\/2026\/wp-content\/uploads\/sites\/4\/2025\/12\/Grece_0104reduit-1200.jpg 1200w\" sizes=\"auto, (max-width: 1024px) 100vw, 1024px\" \/><span aria-hidden=\"true\" class=\"wp-block-cover__background has-background-dim-30 has-background-dim\" style=\"background-color:#bfc3c6\"><\/span><div class=\"wp-block-cover__inner-container is-layout-flow wp-block-cover-is-layout-flow\">\n<div class=\"wp-block-group has-global-padding is-content-justification-center is-layout-constrained wp-container-core-group-is-layout-b3bc50f0 wp-block-group-is-layout-constrained\">\n<h1 class=\"wp-block-heading has-text-align-center has-base-2-color has-text-color has-link-color wp-elements-a7406fee579403fff70b1a30f0af78fb\" style=\"font-size:clamp(28.836px, 1.802rem + ((1vw - 3.2px) * 2.205), 50px);font-style:normal;font-weight:700;letter-spacing:0px;line-height:1.1;text-transform:uppercase\">La grande bleue \u00e0 v\u00e9lo<\/h1>\n\n\n\n<div class=\"wp-block-group is-vertical is-content-justification-center is-layout-flex wp-container-core-group-is-layout-df21e9f8 wp-block-group-is-layout-flex\" style=\"margin-top:0;margin-bottom:var(--wp--preset--spacing--10);padding-top:0;padding-bottom:0\">\n<h2 class=\"wp-block-heading has-text-align-center has-text-color has-link-color wp-elements-80e728ac331cc97a324fcc8297ec0043\" style=\"color:#fbfbfb\"><a href=\"https:\/\/festival.cyclo-camping.international\/futur2026\/steppes-kirghizes-velo\"><\/a><\/h2>\n\n\n\n<h2 class=\"wp-block-heading has-text-align-center has-base-2-color has-text-color has-link-color wp-elements-b626200f1525bad77b68f9446d385b1f\">Les haricots en selle<\/h2>\n\n\n\n<p class=\"has-text-align-center has-base-2-color has-text-color has-link-color has-small-font-size wp-elements-11eacba86be9c12108e22804818a5de6\" style=\"line-height:1.2\">49 min<\/p>\n<\/div>\n<\/div>\n\n\n\n<div style=\"margin-top:0;margin-bottom:0;height:3rem\" aria-hidden=\"true\" class=\"wp-block-spacer\"><\/div>\n\n\n\n<div class=\"wp-block-columns are-vertically-aligned-bottom is-layout-flex wp-container-core-columns-is-layout-0111f410 wp-block-columns-is-layout-flex\" style=\"padding-right:var(--wp--preset--spacing--50);padding-left:var(--wp--preset--spacing--50)\">\n<div class=\"wp-block-column is-vertically-aligned-bottom is-layout-flow wp-block-column-is-layout-flow\" style=\"flex-basis:33.33%\"><\/div>\n\n\n\n<div class=\"wp-block-column is-vertically-aligned-bottom is-layout-flow wp-block-column-is-layout-flow\" style=\"flex-basis:33.33%\">\n<div class=\"wp-block-group has-border-color is-layout-flow wp-container-core-group-is-layout-494e086b wp-block-group-is-layout-flow\" style=\"border-color:#ffffff;border-width:1px;border-radius:600px;margin-top:0;margin-bottom:0;padding-top:0.5rem;padding-right:0.5rem;padding-bottom:0.5rem;padding-left:0.5rem\">\n<h3 class=\"wp-block-heading has-text-align-center has-text-color has-link-color has-medium-font-size wp-elements-f8c6459309671b03e87c69a4b762a117\" style=\"color:#ffffff\">S\u00e9ance 3 <\/h3>\n\n\n\n<p class=\"has-text-align-center has-base-2-color has-text-color has-link-color has-small-font-size wp-elements-791436fbc39e0143c3ad4bcde847e6e3\">Samedi \u2013 14h45 \u2013 Auditorium<\/p>\n<\/div>\n<\/div>\n\n\n\n<div class=\"wp-block-column is-vertically-aligned-bottom is-layout-flow wp-block-column-is-layout-flow\" style=\"flex-basis:33.33%\"><\/div>\n<\/div>\n<\/div><\/div>\n\n\n\n<div style=\"height:14px\" aria-hidden=\"true\" class=\"wp-block-spacer\"><\/div>\n\n\n\n<p>P\u00e9daler 7 mois en famille autour de la M\u00e9diterran\u00e9e. P\u00e2tes collantes ou gelati fondantes, gazouze glac\u00e9e ou th\u00e9 brulant, nuits stressantes sous les \u00e9clairs ou apais\u00e9es chez l&rsquo;habitant, baignades glac\u00e9es slov\u00e8nes ou roulades sabl\u00e9es sahariennes, \u00e9cole ou plage&#8230; Un voyage contrast\u00e9 guid\u00e9 par les oliviers et les ruines romaines, avec une constante de taille, celle de la g\u00e9n\u00e9rosit\u00e9 des hommes rencontr\u00e9s.<\/p>\n\n\n\n<div style=\"height:14px\" aria-hidden=\"true\" class=\"wp-block-spacer\"><\/div>\n\n\n\n<p class=\"has-text-align-left\" style=\"font-size:0.8rem;letter-spacing:0.0625rem;text-transform:uppercase\"><strong>Bio express<\/strong><\/p>\n\n\n\n<p>L&rsquo;\u00e9quip\u00e9e sauvage et n\u00e9anmoins familiale compose belle salade, avec le d\u00e9tonnant m\u00e9lange entre H\u00e9lo\u00efse le haricot chatouilleur, Simon le haricot sauteur, Alice le haricot licorne p\u00e9gase, Nathalie le haricot bidouilleur et Vincent le haricot fonceur. Pas de doute, ils sont du sud-ouest mais nous embarquent bien au-del\u00e0 des fronti\u00e8res&#8230; Et ce n&rsquo;est ni la premi\u00e8re, ni la derni\u00e8re fois !<\/p>\n\n\n\n<div style=\"height:14px\" aria-hidden=\"true\" class=\"wp-block-spacer\"><\/div>\n\n\n\n<p class=\"has-text-align-left\" style=\"font-size:0.8rem;letter-spacing:0.0625rem;text-transform:uppercase\"><strong>Les suivre<\/strong><\/p>\n\n\n\n<div class=\"wp-block-group is-nowrap is-layout-flex wp-container-core-group-is-layout-6c531013 wp-block-group-is-layout-flex\">\n<ul class=\"wp-block-social-links is-layout-flex wp-block-social-links-is-layout-flex\"><li class=\"wp-social-link wp-social-link-chain  wp-block-social-link\"><a rel=\"noopener nofollow\" target=\"_blank\" href=\"https:\/\/les-haricots-en-selle.jimdosite.com\" class=\"wp-block-social-link-anchor\"><svg width=\"24\" height=\"24\" viewBox=\"0 0 24 24\" version=\"1.1\" xmlns=\"http:\/\/www.w3.org\/2000\/svg\" aria-hidden=\"true\" focusable=\"false\"><path d=\"M15.6,7.2H14v1.5h1.6c2,0,3.7,1.7,3.7,3.7s-1.7,3.7-3.7,3.7H14v1.5h1.6c2.8,0,5.2-2.3,5.2-5.2,0-2.9-2.3-5.2-5.2-5.2zM4.7,12.4c0-2,1.7-3.7,3.7-3.7H10V7.2H8.4c-2.9,0-5.2,2.3-5.2,5.2,0,2.9,2.3,5.2,5.2,5.2H10v-1.5H8.4c-2,0-3.7-1.7-3.7-3.7zm4.6.9h5.3v-1.5H9.3v1.5z\"><\/path><\/svg><span class=\"wp-block-social-link-label screen-reader-text\">Lien<\/span><\/a><\/li><\/ul>\n<\/div>\n\n\n\n<div style=\"height:14px\" aria-hidden=\"true\" class=\"wp-block-spacer\"><\/div>\n\n\n\n<figure class=\"wp-block-embed is-type-video is-provider-youtube wp-block-embed-youtube wp-embed-aspect-16-9 wp-has-aspect-ratio\"><div class=\"wp-block-embed__wrapper\">\n<iframe loading=\"lazy\" title=\"Les aventures des haricots en selle - La grande bleue \u00e0 v\u00e9lo [intro]\" width=\"500\" height=\"281\" src=\"https:\/\/www.youtube.com\/embed\/1jwWvq5gTYk?feature=oembed\" frameborder=\"0\" allow=\"accelerometer; autoplay; clipboard-write; encrypted-media; gyroscope; picture-in-picture; web-share\" referrerpolicy=\"strict-origin-when-cross-origin\" allowfullscreen><\/iframe>\n<\/div><\/figure>\n\n\n\n<div style=\"height:14px\" aria-hidden=\"true\" class=\"wp-block-spacer\"><\/div>\n\n\n\n<p class=\"has-text-align-center\" style=\"font-size:0.8rem;letter-spacing:0.0625rem;text-transform:uppercase\"><strong>Dans la m\u00eame s\u00e9ance<\/strong><\/p>\n\n\n\n<div class=\"wp-block-columns are-vertically-aligned-top is-layout-flex wp-container-core-columns-is-layout-28f84493 wp-block-columns-is-layout-flex\">\n<div class=\"wp-block-column is-vertically-aligned-top is-layout-flow wp-block-column-is-layout-flow\" style=\"flex-basis:50%\">\n<div class=\"wp-block-group has-background is-vertical is-content-justification-center is-layout-flex wp-container-core-group-is-layout-43e4665b wp-block-group-is-layout-flex\" style=\"border-radius:14px;background-color:#ffffff;padding-top:var(--wp--preset--spacing--30);padding-right:var(--wp--preset--spacing--30);padding-bottom:var(--wp--preset--spacing--30);padding-left:var(--wp--preset--spacing--30)\">\n<figure class=\"wp-block-image size-thumbnail is-resized has-custom-border wp-duotone-unset-2\"><img loading=\"lazy\" decoding=\"async\" width=\"150\" height=\"150\" src=\"https:\/\/festival.cyclo-camping.international\/2026\/wp-content\/uploads\/sites\/4\/2024\/01\/Mini-Coastal-150x150.jpg\" alt=\"\" class=\"wp-image-4392\" style=\"border-radius:100px;width:115px;height:auto\"\/><\/figure>\n\n\n\n<h3 class=\"wp-block-heading has-text-align-center\"><a href=\"\/2026\/programme-des-films-2026\/film-nord-norvege\/\">Coastal Ride<\/a><\/h3>\n\n\n\n<p class=\"has-text-align-center\" style=\"line-height:1.3\">Kari Toftesund et Jonathan Labarre<\/p>\n\n\n\n<p class=\"has-contrast-2-color has-text-color has-link-color has-small-font-size wp-elements-1ecfbe47793b9bc745de83bb8c5ecd32\">(sous-titr\u00e9 en fran\u00e7ais)<\/p>\n\n\n\n<p style=\"line-height:1.2\">10 min<\/p>\n\n\n\n<div style=\"height:7px\" aria-hidden=\"true\" class=\"wp-block-spacer\"><\/div>\n\n\n\n<p class=\"has-text-align-center\" style=\"line-height:1.4\">Premier voyage en solitaire pour Kari \u00e0 travers le nord de la Norv\u00e8ge.<\/p>\n\n\n\n<p class=\"has-text-align-center has-small-font-size\"><strong><a href=\"\/2026\/programme-des-films-2026\/film-nord-norvege\/\">En savoir plus<\/a><\/strong><\/p>\n<\/div>\n<\/div>\n\n\n\n<div class=\"wp-block-column is-layout-flow wp-block-column-is-layout-flow\" style=\"flex-basis:50%\">\n<div class=\"wp-block-group has-background is-vertical is-content-justification-center is-layout-flex wp-container-core-group-is-layout-43e4665b wp-block-group-is-layout-flex\" style=\"border-radius:14px;background-color:#ffffff;padding-top:var(--wp--preset--spacing--30);padding-right:var(--wp--preset--spacing--30);padding-bottom:var(--wp--preset--spacing--30);padding-left:var(--wp--preset--spacing--30)\">\n<figure class=\"wp-block-image size-full is-resized has-custom-border wp-duotone-unset-3\"><img loading=\"lazy\" decoding=\"async\" width=\"150\" height=\"150\" src=\"https:\/\/festival.cyclo-camping.international\/2026\/wp-content\/uploads\/sites\/4\/2024\/01\/Mini-Jacquin.jpg\" alt=\"\" class=\"wp-image-4405\" style=\"border-radius:100px;width:115px;height:auto\"\/><\/figure>\n\n\n\n<h3 class=\"wp-block-heading has-text-align-center\"><a href=\"\/2026\/programme-des-films-2026\/film-colmar-montpellier\/\">Colmar &#8211; Montpellier<\/a><\/h3>\n\n\n\n<p class=\"has-text-align-center\" style=\"line-height:1.3\">Betty Fleck et Jean-Pierre Jacquin<\/p>\n\n\n\n<p style=\"line-height:1.2\">11 min<\/p>\n\n\n\n<div style=\"height:7px\" aria-hidden=\"true\" class=\"wp-block-spacer\"><\/div>\n\n\n\n<p class=\"has-text-align-center\">Le r\u00e9cit d&rsquo;un couple d&rsquo;octog\u00e9naires reparti pour un nouveau voyage, \u00e0 travers un fabuleux pays&#8230; La France.<\/p>\n\n\n\n<p class=\"has-text-align-center has-small-font-size\"><strong><a href=\"\/2026\/programme-des-films-2026\/film-colmar-montpellier\/\">En savoir plus<\/a><\/strong><\/p>\n<\/div>\n<\/div>\n<\/div>\n\n\n\n<div class=\"wp-block-buttons is-content-justification-space-between is-layout-flex wp-container-core-buttons-is-layout-cb28d6de wp-block-buttons-is-layout-flex\" style=\"margin-top:var(--wp--preset--spacing--20)\">\n<div class=\"wp-block-button is-style-outline is-style-outline--4\"><a class=\"wp-block-button__link wp-element-button\" href=\"\/2026\/programme-des-films-2026\/film-lettre-a-velocio\/\">S\u00e9ance pr\u00e9c\u00e9dente<\/a><\/div>\n\n\n\n<div class=\"wp-block-button is-style-outline is-style-outline--5\"><a class=\"wp-block-button__link wp-element-button\" href=\"\/2026\/programme-des-films-2026\/film-les-100-toits-en-amerique-latine\/\">S\u00e9ance suivante<\/a><\/div>\n<\/div>\n\n\n\n<div class=\"wp-block-buttons is-content-justification-center is-layout-flex wp-container-core-buttons-is-layout-98935462 wp-block-buttons-is-layout-flex\" style=\"margin-top:var(--wp--preset--spacing--10);margin-bottom:var(--wp--preset--spacing--10)\">\n<div class=\"wp-block-button\"><a class=\"wp-block-button__link wp-element-button\" href=\"\/2026\/programme-des-films-2026\/\">Retour au programme des films<\/a><\/div>\n<\/div>\n","protected":false},"excerpt":{"rendered":"<p>P\u00e9daler 7 mois en famille autour de la M\u00e9diterran\u00e9e. P\u00e2tes collantes ou gelati fondantes, gazouze glac\u00e9e ou th\u00e9 brulant, nuits stressantes sous les \u00e9clairs ou apais\u00e9es chez l&rsquo;habitant, baignades glac\u00e9es slov\u00e8nes ou roulades sabl\u00e9es sahariennes, \u00e9cole ou plage&#8230; Un voyage contrast\u00e9 guid\u00e9 par les oliviers et les ruines romaines, avec une constante de taille, celle [&hellip;]<\/p>\n","protected":false},"author":1,"featured_media":4412,"parent":944,"menu_order":7,"comment_status":"closed","ping_status":"closed","template":"page-no-title","meta":{"footnotes":""},"class_list":["post-186","page","type-page","status-publish","has-post-thumbnail","hentry"],"yoast_head":"<!-- This site is optimized with the Yoast SEO plugin v27.6 - https:\/\/yoast.com\/product\/yoast-seo-wordpress\/ -->\n<title>Film La grande bleue \u00e0 v\u00e9lo<\/title>\n<meta name=\"description\" content=\"Le film &quot;La grande bleue \u00e0 v\u00e9lo&quot; raconte un voyage \u00e0 v\u00e9lo en famille autour de la M\u00e9diterran\u00e9e.\" \/>\n<meta name=\"robots\" content=\"index, follow, max-snippet:-1, max-image-preview:large, max-video-preview:-1\" \/>\n<link rel=\"canonical\" href=\"https:\/\/festival.cyclo-camping.international\/2026\/programme-des-films-2026\/film-la-grande-bleue-a-velo\/\" \/>\n<meta property=\"og:locale\" content=\"fr_FR\" \/>\n<meta property=\"og:type\" content=\"article\" \/>\n<meta property=\"og:title\" content=\"Film La grande bleue \u00e0 v\u00e9lo\" \/>\n<meta property=\"og:description\" content=\"Le film &quot;La grande bleue \u00e0 v\u00e9lo&quot; raconte un voyage \u00e0 v\u00e9lo en famille autour de la M\u00e9diterran\u00e9e.\" \/>\n<meta property=\"og:url\" content=\"https:\/\/festival.cyclo-camping.international\/2026\/programme-des-films-2026\/film-la-grande-bleue-a-velo\/\" \/>\n<meta property=\"og:site_name\" content=\"39e Festival International du Voyage \u00e0 V\u00e9lo\" \/>\n<meta property=\"article:publisher\" content=\"https:\/\/www.facebook.com\/cyclo.camping.international\" \/>\n<meta property=\"article:modified_time\" content=\"2025-12-23T16:08:00+00:00\" \/>\n<meta property=\"og:image\" content=\"https:\/\/festival.cyclo-camping.international\/2026\/wp-content\/uploads\/sites\/4\/2025\/12\/Grece_0104reduit-1200.jpg\" \/>\n\t<meta property=\"og:image:width\" content=\"1200\" \/>\n\t<meta property=\"og:image:height\" content=\"900\" \/>\n\t<meta property=\"og:image:type\" content=\"image\/jpeg\" \/>\n<meta name=\"twitter:card\" content=\"summary_large_image\" \/>\n<meta name=\"twitter:label1\" content=\"Dur\u00e9e de lecture estim\u00e9e\" \/>\n\t<meta name=\"twitter:data1\" content=\"4 minutes\" \/>\n<script type=\"application\/ld+json\" class=\"yoast-schema-graph\">{\"@context\":\"https:\\\/\\\/schema.org\",\"@graph\":[{\"@type\":\"WebPage\",\"@id\":\"https:\\\/\\\/festival.cyclo-camping.international\\\/2026\\\/programme-des-films-2026\\\/film-la-grande-bleue-a-velo\\\/\",\"url\":\"https:\\\/\\\/festival.cyclo-camping.international\\\/2026\\\/programme-des-films-2026\\\/film-la-grande-bleue-a-velo\\\/\",\"name\":\"Film La grande bleue \u00e0 v\u00e9lo\",\"isPartOf\":{\"@id\":\"https:\\\/\\\/festival.cyclo-camping.international\\\/2026\\\/#website\"},\"primaryImageOfPage\":{\"@id\":\"https:\\\/\\\/festival.cyclo-camping.international\\\/2026\\\/programme-des-films-2026\\\/film-la-grande-bleue-a-velo\\\/#primaryimage\"},\"image\":{\"@id\":\"https:\\\/\\\/festival.cyclo-camping.international\\\/2026\\\/programme-des-films-2026\\\/film-la-grande-bleue-a-velo\\\/#primaryimage\"},\"thumbnailUrl\":\"https:\\\/\\\/festival.cyclo-camping.international\\\/2026\\\/wp-content\\\/uploads\\\/sites\\\/4\\\/2025\\\/12\\\/Grece_0104reduit-1200.jpg\",\"datePublished\":\"2025-12-17T14:15:00+00:00\",\"dateModified\":\"2025-12-23T16:08:00+00:00\",\"description\":\"Le film \\\"La grande bleue \u00e0 v\u00e9lo\\\" raconte un voyage \u00e0 v\u00e9lo en famille autour de la M\u00e9diterran\u00e9e.\",\"breadcrumb\":{\"@id\":\"https:\\\/\\\/festival.cyclo-camping.international\\\/2026\\\/programme-des-films-2026\\\/film-la-grande-bleue-a-velo\\\/#breadcrumb\"},\"inLanguage\":\"fr-FR\",\"potentialAction\":[{\"@type\":\"ReadAction\",\"target\":[\"https:\\\/\\\/festival.cyclo-camping.international\\\/2026\\\/programme-des-films-2026\\\/film-la-grande-bleue-a-velo\\\/\"]}]},{\"@type\":\"ImageObject\",\"inLanguage\":\"fr-FR\",\"@id\":\"https:\\\/\\\/festival.cyclo-camping.international\\\/2026\\\/programme-des-films-2026\\\/film-la-grande-bleue-a-velo\\\/#primaryimage\",\"url\":\"https:\\\/\\\/festival.cyclo-camping.international\\\/2026\\\/wp-content\\\/uploads\\\/sites\\\/4\\\/2025\\\/12\\\/Grece_0104reduit-1200.jpg\",\"contentUrl\":\"https:\\\/\\\/festival.cyclo-camping.international\\\/2026\\\/wp-content\\\/uploads\\\/sites\\\/4\\\/2025\\\/12\\\/Grece_0104reduit-1200.jpg\",\"width\":1200,\"height\":900},{\"@type\":\"BreadcrumbList\",\"@id\":\"https:\\\/\\\/festival.cyclo-camping.international\\\/2026\\\/programme-des-films-2026\\\/film-la-grande-bleue-a-velo\\\/#breadcrumb\",\"itemListElement\":[{\"@type\":\"ListItem\",\"position\":1,\"name\":\"Accueil\",\"item\":\"https:\\\/\\\/festival.cyclo-camping.international\\\/2026\\\/\"},{\"@type\":\"ListItem\",\"position\":2,\"name\":\"Programme des films en 2026\",\"item\":\"https:\\\/\\\/festival.cyclo-camping.international\\\/2026\\\/programme-des-films-2026\\\/\"},{\"@type\":\"ListItem\",\"position\":3,\"name\":\"La grande bleue \u00e0 v\u00e9lo\"}]},{\"@type\":\"WebSite\",\"@id\":\"https:\\\/\\\/festival.cyclo-camping.international\\\/2026\\\/#website\",\"url\":\"https:\\\/\\\/festival.cyclo-camping.international\\\/2026\\\/\",\"name\":\"39e Festival International du Voyage \u00e0 V\u00e9lo\",\"description\":\"\",\"publisher\":{\"@id\":\"https:\\\/\\\/festival.cyclo-camping.international\\\/2026\\\/#organization\"},\"potentialAction\":[{\"@type\":\"SearchAction\",\"target\":{\"@type\":\"EntryPoint\",\"urlTemplate\":\"https:\\\/\\\/festival.cyclo-camping.international\\\/2026\\\/?s={search_term_string}\"},\"query-input\":{\"@type\":\"PropertyValueSpecification\",\"valueRequired\":true,\"valueName\":\"search_term_string\"}}],\"inLanguage\":\"fr-FR\"},{\"@type\":\"Organization\",\"@id\":\"https:\\\/\\\/festival.cyclo-camping.international\\\/2026\\\/#organization\",\"name\":\"39e Festival International du Voyage \u00e0 V\u00e9lo\",\"url\":\"https:\\\/\\\/festival.cyclo-camping.international\\\/2026\\\/\",\"logo\":{\"@type\":\"ImageObject\",\"inLanguage\":\"fr-FR\",\"@id\":\"https:\\\/\\\/festival.cyclo-camping.international\\\/2026\\\/#\\\/schema\\\/logo\\\/image\\\/\",\"url\":\"https:\\\/\\\/festival.cyclo-camping.international\\\/2026\\\/wp-content\\\/uploads\\\/sites\\\/4\\\/2024\\\/01\\\/logo_cci_petit.png\",\"contentUrl\":\"https:\\\/\\\/festival.cyclo-camping.international\\\/2026\\\/wp-content\\\/uploads\\\/sites\\\/4\\\/2024\\\/01\\\/logo_cci_petit.png\",\"width\":264,\"height\":113,\"caption\":\"39e Festival International du Voyage \u00e0 V\u00e9lo\"},\"image\":{\"@id\":\"https:\\\/\\\/festival.cyclo-camping.international\\\/2026\\\/#\\\/schema\\\/logo\\\/image\\\/\"},\"sameAs\":[\"https:\\\/\\\/www.facebook.com\\\/cyclo.camping.international\",\"https:\\\/\\\/www.instagram.com\\\/cyclocampinginternational\\\/\"]}]}<\/script>\n<!-- \/ Yoast SEO plugin. -->","yoast_head_json":{"title":"Film La grande bleue \u00e0 v\u00e9lo","description":"Le film \"La grande bleue \u00e0 v\u00e9lo\" raconte un voyage \u00e0 v\u00e9lo en famille autour de la M\u00e9diterran\u00e9e.","robots":{"index":"index","follow":"follow","max-snippet":"max-snippet:-1","max-image-preview":"max-image-preview:large","max-video-preview":"max-video-preview:-1"},"canonical":"https:\/\/festival.cyclo-camping.international\/2026\/programme-des-films-2026\/film-la-grande-bleue-a-velo\/","og_locale":"fr_FR","og_type":"article","og_title":"Film La grande bleue \u00e0 v\u00e9lo","og_description":"Le film \"La grande bleue \u00e0 v\u00e9lo\" raconte un voyage \u00e0 v\u00e9lo en famille autour de la M\u00e9diterran\u00e9e.","og_url":"https:\/\/festival.cyclo-camping.international\/2026\/programme-des-films-2026\/film-la-grande-bleue-a-velo\/","og_site_name":"39e Festival International du Voyage \u00e0 V\u00e9lo","article_publisher":"https:\/\/www.facebook.com\/cyclo.camping.international","article_modified_time":"2025-12-23T16:08:00+00:00","og_image":[{"width":1200,"height":900,"url":"https:\/\/festival.cyclo-camping.international\/2026\/wp-content\/uploads\/sites\/4\/2025\/12\/Grece_0104reduit-1200.jpg","type":"image\/jpeg"}],"twitter_card":"summary_large_image","twitter_misc":{"Dur\u00e9e de lecture estim\u00e9e":"4 minutes"},"schema":{"@context":"https:\/\/schema.org","@graph":[{"@type":"WebPage","@id":"https:\/\/festival.cyclo-camping.international\/2026\/programme-des-films-2026\/film-la-grande-bleue-a-velo\/","url":"https:\/\/festival.cyclo-camping.international\/2026\/programme-des-films-2026\/film-la-grande-bleue-a-velo\/","name":"Film La grande bleue \u00e0 v\u00e9lo","isPartOf":{"@id":"https:\/\/festival.cyclo-camping.international\/2026\/#website"},"primaryImageOfPage":{"@id":"https:\/\/festival.cyclo-camping.international\/2026\/programme-des-films-2026\/film-la-grande-bleue-a-velo\/#primaryimage"},"image":{"@id":"https:\/\/festival.cyclo-camping.international\/2026\/programme-des-films-2026\/film-la-grande-bleue-a-velo\/#primaryimage"},"thumbnailUrl":"https:\/\/festival.cyclo-camping.international\/2026\/wp-content\/uploads\/sites\/4\/2025\/12\/Grece_0104reduit-1200.jpg","datePublished":"2025-12-17T14:15:00+00:00","dateModified":"2025-12-23T16:08:00+00:00","description":"Le film \"La grande bleue \u00e0 v\u00e9lo\" raconte un voyage \u00e0 v\u00e9lo en famille autour de la M\u00e9diterran\u00e9e.","breadcrumb":{"@id":"https:\/\/festival.cyclo-camping.international\/2026\/programme-des-films-2026\/film-la-grande-bleue-a-velo\/#breadcrumb"},"inLanguage":"fr-FR","potentialAction":[{"@type":"ReadAction","target":["https:\/\/festival.cyclo-camping.international\/2026\/programme-des-films-2026\/film-la-grande-bleue-a-velo\/"]}]},{"@type":"ImageObject","inLanguage":"fr-FR","@id":"https:\/\/festival.cyclo-camping.international\/2026\/programme-des-films-2026\/film-la-grande-bleue-a-velo\/#primaryimage","url":"https:\/\/festival.cyclo-camping.international\/2026\/wp-content\/uploads\/sites\/4\/2025\/12\/Grece_0104reduit-1200.jpg","contentUrl":"https:\/\/festival.cyclo-camping.international\/2026\/wp-content\/uploads\/sites\/4\/2025\/12\/Grece_0104reduit-1200.jpg","width":1200,"height":900},{"@type":"BreadcrumbList","@id":"https:\/\/festival.cyclo-camping.international\/2026\/programme-des-films-2026\/film-la-grande-bleue-a-velo\/#breadcrumb","itemListElement":[{"@type":"ListItem","position":1,"name":"Accueil","item":"https:\/\/festival.cyclo-camping.international\/2026\/"},{"@type":"ListItem","position":2,"name":"Programme des films en 2026","item":"https:\/\/festival.cyclo-camping.international\/2026\/programme-des-films-2026\/"},{"@type":"ListItem","position":3,"name":"La grande bleue \u00e0 v\u00e9lo"}]},{"@type":"WebSite","@id":"https:\/\/festival.cyclo-camping.international\/2026\/#website","url":"https:\/\/festival.cyclo-camping.international\/2026\/","name":"39e Festival International du Voyage \u00e0 V\u00e9lo","description":"","publisher":{"@id":"https:\/\/festival.cyclo-camping.international\/2026\/#organization"},"potentialAction":[{"@type":"SearchAction","target":{"@type":"EntryPoint","urlTemplate":"https:\/\/festival.cyclo-camping.international\/2026\/?s={search_term_string}"},"query-input":{"@type":"PropertyValueSpecification","valueRequired":true,"valueName":"search_term_string"}}],"inLanguage":"fr-FR"},{"@type":"Organization","@id":"https:\/\/festival.cyclo-camping.international\/2026\/#organization","name":"39e Festival International du Voyage \u00e0 V\u00e9lo","url":"https:\/\/festival.cyclo-camping.international\/2026\/","logo":{"@type":"ImageObject","inLanguage":"fr-FR","@id":"https:\/\/festival.cyclo-camping.international\/2026\/#\/schema\/logo\/image\/","url":"https:\/\/festival.cyclo-camping.international\/2026\/wp-content\/uploads\/sites\/4\/2024\/01\/logo_cci_petit.png","contentUrl":"https:\/\/festival.cyclo-camping.international\/2026\/wp-content\/uploads\/sites\/4\/2024\/01\/logo_cci_petit.png","width":264,"height":113,"caption":"39e Festival International du Voyage \u00e0 V\u00e9lo"},"image":{"@id":"https:\/\/festival.cyclo-camping.international\/2026\/#\/schema\/logo\/image\/"},"sameAs":["https:\/\/www.facebook.com\/cyclo.camping.international","https:\/\/www.instagram.com\/cyclocampinginternational\/"]}]}},"_links":{"self":[{"href":"https:\/\/festival.cyclo-camping.international\/2026\/wp-json\/wp\/v2\/pages\/186","targetHints":{"allow":["GET"]}}],"collection":[{"href":"https:\/\/festival.cyclo-camping.international\/2026\/wp-json\/wp\/v2\/pages"}],"about":[{"href":"https:\/\/festival.cyclo-camping.international\/2026\/wp-json\/wp\/v2\/types\/page"}],"author":[{"embeddable":true,"href":"https:\/\/festival.cyclo-camping.international\/2026\/wp-json\/wp\/v2\/users\/1"}],"replies":[{"embeddable":true,"href":"https:\/\/festival.cyclo-camping.international\/2026\/wp-json\/wp\/v2\/comments?post=186"}],"version-history":[{"count":7,"href":"https:\/\/festival.cyclo-camping.international\/2026\/wp-json\/wp\/v2\/pages\/186\/revisions"}],"predecessor-version":[{"id":4853,"href":"https:\/\/festival.cyclo-camping.international\/2026\/wp-json\/wp\/v2\/pages\/186\/revisions\/4853"}],"up":[{"embeddable":true,"href":"https:\/\/festival.cyclo-camping.international\/2026\/wp-json\/wp\/v2\/pages\/944"}],"wp:featuredmedia":[{"embeddable":true,"href":"https:\/\/festival.cyclo-camping.international\/2026\/wp-json\/wp\/v2\/media\/4412"}],"wp:attachment":[{"href":"https:\/\/festival.cyclo-camping.international\/2026\/wp-json\/wp\/v2\/media?parent=186"}],"curies":[{"name":"wp","href":"https:\/\/api.w.org\/{rel}","templated":true}]}}