{"id":176,"date":"2025-12-17T15:10:08","date_gmt":"2025-12-17T14:10:08","guid":{"rendered":"https:\/\/festival.cyclo-camping.international\/2024\/?page_id=176"},"modified":"2026-01-20T20:56:46","modified_gmt":"2026-01-20T19:56:46","slug":"film-lettre-a-velocio","status":"publish","type":"page","link":"https:\/\/festival.cyclo-camping.international\/2026\/programme-des-films-2026\/film-lettre-a-velocio\/","title":{"rendered":"Lettre \u00e0 V\u00e9locio"},"content":{"rendered":"\n<div class=\"wp-block-cover alignfull wp-duotone-unset-1\" style=\"margin-top:0;padding-top:2rem;padding-right:2rem;padding-bottom:2rem;padding-left:2rem;min-height:66vh;aspect-ratio:unset;\"><img loading=\"lazy\" decoding=\"async\" width=\"1024\" height=\"579\" class=\"wp-block-cover__image-background wp-image-4936 size-large\" alt=\"\" src=\"https:\/\/festival.cyclo-camping.international\/2026\/wp-content\/uploads\/sites\/4\/2025\/12\/Lettre-a-Velocio-1024x579.jpg\" data-object-fit=\"cover\" srcset=\"https:\/\/festival.cyclo-camping.international\/2026\/wp-content\/uploads\/sites\/4\/2025\/12\/Lettre-a-Velocio-1024x579.jpg 1024w, https:\/\/festival.cyclo-camping.international\/2026\/wp-content\/uploads\/sites\/4\/2025\/12\/Lettre-a-Velocio-300x170.jpg 300w, https:\/\/festival.cyclo-camping.international\/2026\/wp-content\/uploads\/sites\/4\/2025\/12\/Lettre-a-Velocio-768x435.jpg 768w, https:\/\/festival.cyclo-camping.international\/2026\/wp-content\/uploads\/sites\/4\/2025\/12\/Lettre-a-Velocio.jpg 1200w\" sizes=\"auto, (max-width: 1024px) 100vw, 1024px\" \/><span aria-hidden=\"true\" class=\"wp-block-cover__background has-background-dim-30 has-background-dim\" style=\"background-color:#7b7973\"><\/span><div class=\"wp-block-cover__inner-container is-layout-flow wp-block-cover-is-layout-flow\">\n<div class=\"wp-block-group has-global-padding is-content-justification-center is-layout-constrained wp-container-core-group-is-layout-b3bc50f0 wp-block-group-is-layout-constrained\">\n<h1 class=\"wp-block-heading has-text-align-center has-base-2-color has-text-color has-link-color wp-elements-ef18510004478d501859ebbf949583da\" style=\"font-size:clamp(28.836px, 1.802rem + ((1vw - 3.2px) * 2.205), 50px);font-style:normal;font-weight:700;letter-spacing:0px;line-height:1.1;text-transform:uppercase\">Lettre \u00e0 V\u00e9locio<\/h1>\n\n\n\n<div class=\"wp-block-group is-vertical is-content-justification-center is-layout-flex wp-container-core-group-is-layout-df21e9f8 wp-block-group-is-layout-flex\" style=\"margin-top:0;margin-bottom:var(--wp--preset--spacing--10);padding-top:0;padding-bottom:0\">\n<h2 class=\"wp-block-heading has-text-align-center has-base-2-color has-text-color has-link-color wp-elements-2a1d5a6d9d271de5fb7611a39e36193f\">Claude Marthaler et Olivier Meissel<\/h2>\n\n\n\n<p class=\"has-text-align-center has-base-2-color has-text-color has-link-color has-small-font-size wp-elements-98c4194e4f4a0a53a9b24db8198f1e96\" style=\"line-height:1.2\">26 min<\/p>\n<\/div>\n<\/div>\n\n\n\n<div style=\"margin-top:0;margin-bottom:0;height:3rem\" aria-hidden=\"true\" class=\"wp-block-spacer\"><\/div>\n\n\n\n<div class=\"wp-block-columns are-vertically-aligned-bottom is-layout-flex wp-container-core-columns-is-layout-0111f410 wp-block-columns-is-layout-flex\" style=\"padding-right:var(--wp--preset--spacing--50);padding-left:var(--wp--preset--spacing--50)\">\n<div class=\"wp-block-column is-vertically-aligned-bottom is-layout-flow wp-block-column-is-layout-flow\" style=\"flex-basis:33.33%\"><\/div>\n\n\n\n<div class=\"wp-block-column is-vertically-aligned-bottom is-layout-flow wp-block-column-is-layout-flow\" style=\"flex-basis:33.33%\">\n<div class=\"wp-block-group has-border-color is-layout-flow wp-container-core-group-is-layout-494e086b wp-block-group-is-layout-flow\" style=\"border-color:#ffffff;border-width:1px;border-radius:600px;margin-top:0;margin-bottom:0;padding-top:0.5rem;padding-right:0.5rem;padding-bottom:0.5rem;padding-left:0.5rem\">\n<h3 class=\"wp-block-heading has-text-align-center has-text-color has-link-color has-medium-font-size wp-elements-2528872b7205eac8c7d00cf1c9af9163\" style=\"color:#ffffff\">S\u00e9ance 2 <\/h3>\n\n\n\n<p class=\"has-text-align-center has-base-2-color has-text-color has-link-color has-small-font-size wp-elements-fb38293cd8419f589f5b6115fadebae4\">Samedi \u2013 12h30 \u2013 Auditorium<\/p>\n<\/div>\n<\/div>\n\n\n\n<div class=\"wp-block-column is-vertically-aligned-bottom is-layout-flow wp-block-column-is-layout-flow\" style=\"flex-basis:33.33%\"><\/div>\n<\/div>\n<\/div><\/div>\n\n\n\n<div style=\"height:14px\" aria-hidden=\"true\" class=\"wp-block-spacer\"><\/div>\n\n\n\n<p>Le documentaire \u00ab\u00a0Lettre \u00e0 V\u00e9locio\u00a0\u00bb, r\u00e9alis\u00e9 par Olivier Meissel et Claude Marthaler, rend hommage \u00e0 Paul de Vivie, alias V\u00e9locio, l\u2019une des figures fondatrices du cyclotourisme moderne.<\/p>\n\n\n\n<p>Claude Marthaler, Olivier Meissel et Matthieu Allereau ont roul\u00e9 en octobre 2023 sur les traces de V\u00e9locio, reliant 7 des lieux embl\u00e9matiques de son existence, trac\u00e9s par Charles de Vivie, son arri\u00e8re-petit-neveu, dans la biographie qu\u2019il lui a consacr\u00e9 cette ann\u00e9e-l\u00e0. Claude, r\u00e9cemment atteint d\u2019un type de cancer par trop connu des cyclistes masculins, jette un coup de r\u00e9troviseur \u00e0 son propre pass\u00e9. De faire appel aussi aux g\u00e9ants, mythes, cols et pionniers cyclop\u00e9ens pour traverser le feu, que fredonne dans ses veines, encore et toujours, le joyeux chant des roues. &nbsp;Ce road-movie c\u00e9l\u00e8bre en amiti\u00e9 <em>\u201cl\u2019aventure d\u2019\u00eatre&nbsp;en vie \u2013 en selle, plus qu\u2019ailleurs\u201d<\/em>.<\/p>\n\n\n\n<div style=\"height:14px\" aria-hidden=\"true\" class=\"wp-block-spacer\"><\/div>\n\n\n\n<p class=\"has-text-align-left\" style=\"font-size:0.8rem;letter-spacing:0.0625rem;text-transform:uppercase\"><strong>Bio express<\/strong><\/p>\n\n\n\n<p><strong>Claude<\/strong> est un aventurier cycliste de renomm\u00e9e internationale. Ayant consacr\u00e9 sa vie aux voyages \u00e0 v\u00e9lo, dont un tour du monde de sept ans, il partage aujourd\u2019hui sa passion \u00e0 travers des livres et des films, o\u00f9 il voit le voyage comme une m\u00e9taphore de la vie.<\/p>\n\n\n\n<div style=\"height:14px\" aria-hidden=\"true\" class=\"wp-block-spacer\"><\/div>\n\n\n\n<p class=\"has-text-align-left\" style=\"font-size:0.8rem;letter-spacing:0.0625rem;text-transform:uppercase\"><strong>LE suivre<\/strong><\/p>\n\n\n\n<ul class=\"wp-block-social-links is-layout-flex wp-block-social-links-is-layout-flex\"><li class=\"wp-social-link wp-social-link-chain  wp-block-social-link\"><a rel=\"noopener nofollow\" target=\"_blank\" href=\"https:\/\/claudemarthaler.ch\/\" class=\"wp-block-social-link-anchor\"><svg width=\"24\" height=\"24\" viewBox=\"0 0 24 24\" version=\"1.1\" xmlns=\"http:\/\/www.w3.org\/2000\/svg\" aria-hidden=\"true\" focusable=\"false\"><path d=\"M15.6,7.2H14v1.5h1.6c2,0,3.7,1.7,3.7,3.7s-1.7,3.7-3.7,3.7H14v1.5h1.6c2.8,0,5.2-2.3,5.2-5.2,0-2.9-2.3-5.2-5.2-5.2zM4.7,12.4c0-2,1.7-3.7,3.7-3.7H10V7.2H8.4c-2.9,0-5.2,2.3-5.2,5.2,0,2.9,2.3,5.2,5.2,5.2H10v-1.5H8.4c-2,0-3.7-1.7-3.7-3.7zm4.6.9h5.3v-1.5H9.3v1.5z\"><\/path><\/svg><span class=\"wp-block-social-link-label screen-reader-text\">Lien<\/span><\/a><\/li><\/ul>\n\n\n\n<div style=\"height:14px\" aria-hidden=\"true\" class=\"wp-block-spacer\"><\/div>\n\n\n\n<figure class=\"wp-block-embed is-type-video is-provider-youtube wp-block-embed-youtube wp-embed-aspect-16-9 wp-has-aspect-ratio\"><div class=\"wp-block-embed__wrapper\">\n<iframe loading=\"lazy\" title=\"Lettre \u00e0 V\u00e9locio\" width=\"500\" height=\"281\" src=\"https:\/\/www.youtube.com\/embed\/eLKQSVXb4pE?feature=oembed\" frameborder=\"0\" allow=\"accelerometer; autoplay; clipboard-write; encrypted-media; gyroscope; picture-in-picture; web-share\" referrerpolicy=\"strict-origin-when-cross-origin\" allowfullscreen><\/iframe>\n<\/div><\/figure>\n\n\n\n<p class=\"has-text-align-center\" style=\"font-size:0.8rem;letter-spacing:0.0625rem;text-transform:uppercase\"><strong>Dans la m\u00eame s\u00e9ance<\/strong><\/p>\n\n\n\n<div class=\"wp-block-group has-background is-vertical is-content-justification-center is-layout-flex wp-container-core-group-is-layout-43e4665b wp-block-group-is-layout-flex\" style=\"border-radius:14px;background-color:#ffffff;padding-top:var(--wp--preset--spacing--30);padding-right:var(--wp--preset--spacing--30);padding-bottom:var(--wp--preset--spacing--30);padding-left:var(--wp--preset--spacing--30)\">\n<figure class=\"wp-block-image size-full is-resized has-custom-border wp-duotone-unset-2\"><img loading=\"lazy\" decoding=\"async\" width=\"150\" height=\"150\" src=\"https:\/\/festival.cyclo-camping.international\/2026\/wp-content\/uploads\/sites\/4\/2024\/01\/Mini-Bernard.jpg\" alt=\"\" class=\"wp-image-4387\" style=\"border-radius:100px;width:115px;height:auto\"\/><\/figure>\n\n\n\n<h3 class=\"wp-block-heading has-text-align-center\"><a href=\"https:\/\/festival.cyclo-camping.international\/2026\/programme-des-films-2026\/film-a-la-rencontre-du-monde-a-velo\/\">A la rencontre du Monde \u00e0 V\u00e9lo<\/a><\/h3>\n\n\n\n<p style=\"line-height:1.3\">Bernard C.<\/p>\n\n\n\n<p>50 min<\/p>\n\n\n\n<div style=\"height:7px\" aria-hidden=\"true\" class=\"wp-block-spacer\"><\/div>\n\n\n\n<p class=\"has-text-align-center\" style=\"line-height:1.4\">Cahots et beaut\u00e9s des 5 continents vus par un cyclovoyageur au long cours : des pays et des gens.&nbsp;<\/p>\n\n\n\n<p class=\"has-small-font-size\"><a href=\"https:\/\/festival.cyclo-camping.international\/2026\/programme-des-films-2026\/film-a-la-rencontre-du-monde-a-velo\/\"><strong>En savoir plus<\/strong><\/a><\/p>\n<\/div>\n\n\n\n<div class=\"wp-block-buttons is-content-justification-space-between is-layout-flex wp-container-core-buttons-is-layout-cb28d6de wp-block-buttons-is-layout-flex\" style=\"margin-top:var(--wp--preset--spacing--20)\">\n<div class=\"wp-block-button is-style-outline is-style-outline--3\"><a class=\"wp-block-button__link wp-element-button\" href=\"\/2026\/programme-des-films-2026\/film-bikepacking-islande\/\">S\u00e9ance pr\u00e9c\u00e9dente<\/a><\/div>\n\n\n\n<div class=\"wp-block-button is-style-outline is-style-outline--4\"><a class=\"wp-block-button__link wp-element-button\" href=\"\/2026\/programme-des-films-2026\/film-nord-norvege\/\">S\u00e9ance suivante<\/a><\/div>\n<\/div>\n\n\n\n<div class=\"wp-block-buttons is-content-justification-center is-layout-flex wp-container-core-buttons-is-layout-98935462 wp-block-buttons-is-layout-flex\" style=\"margin-top:var(--wp--preset--spacing--10);margin-bottom:var(--wp--preset--spacing--10)\">\n<div class=\"wp-block-button\"><a class=\"wp-block-button__link wp-element-button\" href=\"\/2026\/programme-des-films-2026\/\">Retour au programme des films<\/a><\/div>\n<\/div>\n","protected":false},"excerpt":{"rendered":"<p>Le documentaire \u00ab\u00a0Lettre \u00e0 V\u00e9locio\u00a0\u00bb, r\u00e9alis\u00e9 par Olivier Meissel et Claude Marthaler, rend hommage \u00e0 Paul de Vivie, alias V\u00e9locio, l\u2019une des figures fondatrices du cyclotourisme moderne. Claude Marthaler, Olivier Meissel et Matthieu Allereau ont roul\u00e9 en octobre 2023 sur les traces de V\u00e9locio, reliant 7 des lieux embl\u00e9matiques de son existence, trac\u00e9s par Charles [&hellip;]<\/p>\n","protected":false},"author":1,"featured_media":4936,"parent":944,"menu_order":3,"comment_status":"closed","ping_status":"closed","template":"page-no-title","meta":{"footnotes":""},"class_list":["post-176","page","type-page","status-publish","has-post-thumbnail","hentry"],"yoast_head":"<!-- This site is optimized with the Yoast SEO plugin v27.6 - https:\/\/yoast.com\/product\/yoast-seo-wordpress\/ -->\n<title>Film Lettre \u00e0 V\u00e9locio<\/title>\n<meta name=\"description\" content=\"Le film &quot;Lettre \u00e0 V\u00e9locio&quot; est un cyclo-docu intime sur les traces de V\u00e9locio, pr\u00e9curseur du cyclotourisme moderne.\" \/>\n<meta name=\"robots\" content=\"index, follow, max-snippet:-1, max-image-preview:large, max-video-preview:-1\" \/>\n<link rel=\"canonical\" href=\"https:\/\/festival.cyclo-camping.international\/2026\/programme-des-films-2026\/film-lettre-a-velocio\/\" \/>\n<meta property=\"og:locale\" content=\"fr_FR\" \/>\n<meta property=\"og:type\" content=\"article\" \/>\n<meta property=\"og:title\" content=\"Film Lettre \u00e0 V\u00e9locio\" \/>\n<meta property=\"og:description\" content=\"Le film &quot;Lettre \u00e0 V\u00e9locio&quot; est un cyclo-docu intime sur les traces de V\u00e9locio, pr\u00e9curseur du cyclotourisme moderne.\" \/>\n<meta property=\"og:url\" content=\"https:\/\/festival.cyclo-camping.international\/2026\/programme-des-films-2026\/film-lettre-a-velocio\/\" \/>\n<meta property=\"og:site_name\" content=\"39e Festival International du Voyage \u00e0 V\u00e9lo\" \/>\n<meta property=\"article:publisher\" content=\"https:\/\/www.facebook.com\/cyclo.camping.international\" \/>\n<meta property=\"article:modified_time\" content=\"2026-01-20T19:56:46+00:00\" \/>\n<meta property=\"og:image\" content=\"https:\/\/festival.cyclo-camping.international\/2026\/wp-content\/uploads\/sites\/4\/2025\/12\/Lettre-a-Velocio.jpg\" \/>\n\t<meta property=\"og:image:width\" content=\"1200\" \/>\n\t<meta property=\"og:image:height\" content=\"679\" \/>\n\t<meta property=\"og:image:type\" content=\"image\/jpeg\" \/>\n<meta name=\"twitter:card\" content=\"summary_large_image\" \/>\n<meta name=\"twitter:label1\" content=\"Dur\u00e9e de lecture estim\u00e9e\" \/>\n\t<meta name=\"twitter:data1\" content=\"2 minutes\" \/>\n<script type=\"application\/ld+json\" class=\"yoast-schema-graph\">{\"@context\":\"https:\\\/\\\/schema.org\",\"@graph\":[{\"@type\":\"WebPage\",\"@id\":\"https:\\\/\\\/festival.cyclo-camping.international\\\/2026\\\/programme-des-films-2026\\\/film-lettre-a-velocio\\\/\",\"url\":\"https:\\\/\\\/festival.cyclo-camping.international\\\/2026\\\/programme-des-films-2026\\\/film-lettre-a-velocio\\\/\",\"name\":\"Film Lettre \u00e0 V\u00e9locio\",\"isPartOf\":{\"@id\":\"https:\\\/\\\/festival.cyclo-camping.international\\\/2026\\\/#website\"},\"primaryImageOfPage\":{\"@id\":\"https:\\\/\\\/festival.cyclo-camping.international\\\/2026\\\/programme-des-films-2026\\\/film-lettre-a-velocio\\\/#primaryimage\"},\"image\":{\"@id\":\"https:\\\/\\\/festival.cyclo-camping.international\\\/2026\\\/programme-des-films-2026\\\/film-lettre-a-velocio\\\/#primaryimage\"},\"thumbnailUrl\":\"https:\\\/\\\/festival.cyclo-camping.international\\\/2026\\\/wp-content\\\/uploads\\\/sites\\\/4\\\/2025\\\/12\\\/Lettre-a-Velocio.jpg\",\"datePublished\":\"2025-12-17T14:10:08+00:00\",\"dateModified\":\"2026-01-20T19:56:46+00:00\",\"description\":\"Le film \\\"Lettre \u00e0 V\u00e9locio\\\" est un cyclo-docu intime sur les traces de V\u00e9locio, pr\u00e9curseur du cyclotourisme moderne.\",\"breadcrumb\":{\"@id\":\"https:\\\/\\\/festival.cyclo-camping.international\\\/2026\\\/programme-des-films-2026\\\/film-lettre-a-velocio\\\/#breadcrumb\"},\"inLanguage\":\"fr-FR\",\"potentialAction\":[{\"@type\":\"ReadAction\",\"target\":[\"https:\\\/\\\/festival.cyclo-camping.international\\\/2026\\\/programme-des-films-2026\\\/film-lettre-a-velocio\\\/\"]}]},{\"@type\":\"ImageObject\",\"inLanguage\":\"fr-FR\",\"@id\":\"https:\\\/\\\/festival.cyclo-camping.international\\\/2026\\\/programme-des-films-2026\\\/film-lettre-a-velocio\\\/#primaryimage\",\"url\":\"https:\\\/\\\/festival.cyclo-camping.international\\\/2026\\\/wp-content\\\/uploads\\\/sites\\\/4\\\/2025\\\/12\\\/Lettre-a-Velocio.jpg\",\"contentUrl\":\"https:\\\/\\\/festival.cyclo-camping.international\\\/2026\\\/wp-content\\\/uploads\\\/sites\\\/4\\\/2025\\\/12\\\/Lettre-a-Velocio.jpg\",\"width\":1200,\"height\":679},{\"@type\":\"BreadcrumbList\",\"@id\":\"https:\\\/\\\/festival.cyclo-camping.international\\\/2026\\\/programme-des-films-2026\\\/film-lettre-a-velocio\\\/#breadcrumb\",\"itemListElement\":[{\"@type\":\"ListItem\",\"position\":1,\"name\":\"Accueil\",\"item\":\"https:\\\/\\\/festival.cyclo-camping.international\\\/2026\\\/\"},{\"@type\":\"ListItem\",\"position\":2,\"name\":\"Programme des films en 2026\",\"item\":\"https:\\\/\\\/festival.cyclo-camping.international\\\/2026\\\/programme-des-films-2026\\\/\"},{\"@type\":\"ListItem\",\"position\":3,\"name\":\"Lettre \u00e0 V\u00e9locio\"}]},{\"@type\":\"WebSite\",\"@id\":\"https:\\\/\\\/festival.cyclo-camping.international\\\/2026\\\/#website\",\"url\":\"https:\\\/\\\/festival.cyclo-camping.international\\\/2026\\\/\",\"name\":\"39e Festival International du Voyage \u00e0 V\u00e9lo\",\"description\":\"\",\"publisher\":{\"@id\":\"https:\\\/\\\/festival.cyclo-camping.international\\\/2026\\\/#organization\"},\"potentialAction\":[{\"@type\":\"SearchAction\",\"target\":{\"@type\":\"EntryPoint\",\"urlTemplate\":\"https:\\\/\\\/festival.cyclo-camping.international\\\/2026\\\/?s={search_term_string}\"},\"query-input\":{\"@type\":\"PropertyValueSpecification\",\"valueRequired\":true,\"valueName\":\"search_term_string\"}}],\"inLanguage\":\"fr-FR\"},{\"@type\":\"Organization\",\"@id\":\"https:\\\/\\\/festival.cyclo-camping.international\\\/2026\\\/#organization\",\"name\":\"39e Festival International du Voyage \u00e0 V\u00e9lo\",\"url\":\"https:\\\/\\\/festival.cyclo-camping.international\\\/2026\\\/\",\"logo\":{\"@type\":\"ImageObject\",\"inLanguage\":\"fr-FR\",\"@id\":\"https:\\\/\\\/festival.cyclo-camping.international\\\/2026\\\/#\\\/schema\\\/logo\\\/image\\\/\",\"url\":\"https:\\\/\\\/festival.cyclo-camping.international\\\/2026\\\/wp-content\\\/uploads\\\/sites\\\/4\\\/2024\\\/01\\\/logo_cci_petit.png\",\"contentUrl\":\"https:\\\/\\\/festival.cyclo-camping.international\\\/2026\\\/wp-content\\\/uploads\\\/sites\\\/4\\\/2024\\\/01\\\/logo_cci_petit.png\",\"width\":264,\"height\":113,\"caption\":\"39e Festival International du Voyage \u00e0 V\u00e9lo\"},\"image\":{\"@id\":\"https:\\\/\\\/festival.cyclo-camping.international\\\/2026\\\/#\\\/schema\\\/logo\\\/image\\\/\"},\"sameAs\":[\"https:\\\/\\\/www.facebook.com\\\/cyclo.camping.international\",\"https:\\\/\\\/www.instagram.com\\\/cyclocampinginternational\\\/\"]}]}<\/script>\n<!-- \/ Yoast SEO plugin. -->","yoast_head_json":{"title":"Film Lettre \u00e0 V\u00e9locio","description":"Le film \"Lettre \u00e0 V\u00e9locio\" est un cyclo-docu intime sur les traces de V\u00e9locio, pr\u00e9curseur du cyclotourisme moderne.","robots":{"index":"index","follow":"follow","max-snippet":"max-snippet:-1","max-image-preview":"max-image-preview:large","max-video-preview":"max-video-preview:-1"},"canonical":"https:\/\/festival.cyclo-camping.international\/2026\/programme-des-films-2026\/film-lettre-a-velocio\/","og_locale":"fr_FR","og_type":"article","og_title":"Film Lettre \u00e0 V\u00e9locio","og_description":"Le film \"Lettre \u00e0 V\u00e9locio\" est un cyclo-docu intime sur les traces de V\u00e9locio, pr\u00e9curseur du cyclotourisme moderne.","og_url":"https:\/\/festival.cyclo-camping.international\/2026\/programme-des-films-2026\/film-lettre-a-velocio\/","og_site_name":"39e Festival International du Voyage \u00e0 V\u00e9lo","article_publisher":"https:\/\/www.facebook.com\/cyclo.camping.international","article_modified_time":"2026-01-20T19:56:46+00:00","og_image":[{"width":1200,"height":679,"url":"https:\/\/festival.cyclo-camping.international\/2026\/wp-content\/uploads\/sites\/4\/2025\/12\/Lettre-a-Velocio.jpg","type":"image\/jpeg"}],"twitter_card":"summary_large_image","twitter_misc":{"Dur\u00e9e de lecture estim\u00e9e":"2 minutes"},"schema":{"@context":"https:\/\/schema.org","@graph":[{"@type":"WebPage","@id":"https:\/\/festival.cyclo-camping.international\/2026\/programme-des-films-2026\/film-lettre-a-velocio\/","url":"https:\/\/festival.cyclo-camping.international\/2026\/programme-des-films-2026\/film-lettre-a-velocio\/","name":"Film Lettre \u00e0 V\u00e9locio","isPartOf":{"@id":"https:\/\/festival.cyclo-camping.international\/2026\/#website"},"primaryImageOfPage":{"@id":"https:\/\/festival.cyclo-camping.international\/2026\/programme-des-films-2026\/film-lettre-a-velocio\/#primaryimage"},"image":{"@id":"https:\/\/festival.cyclo-camping.international\/2026\/programme-des-films-2026\/film-lettre-a-velocio\/#primaryimage"},"thumbnailUrl":"https:\/\/festival.cyclo-camping.international\/2026\/wp-content\/uploads\/sites\/4\/2025\/12\/Lettre-a-Velocio.jpg","datePublished":"2025-12-17T14:10:08+00:00","dateModified":"2026-01-20T19:56:46+00:00","description":"Le film \"Lettre \u00e0 V\u00e9locio\" est un cyclo-docu intime sur les traces de V\u00e9locio, pr\u00e9curseur du cyclotourisme moderne.","breadcrumb":{"@id":"https:\/\/festival.cyclo-camping.international\/2026\/programme-des-films-2026\/film-lettre-a-velocio\/#breadcrumb"},"inLanguage":"fr-FR","potentialAction":[{"@type":"ReadAction","target":["https:\/\/festival.cyclo-camping.international\/2026\/programme-des-films-2026\/film-lettre-a-velocio\/"]}]},{"@type":"ImageObject","inLanguage":"fr-FR","@id":"https:\/\/festival.cyclo-camping.international\/2026\/programme-des-films-2026\/film-lettre-a-velocio\/#primaryimage","url":"https:\/\/festival.cyclo-camping.international\/2026\/wp-content\/uploads\/sites\/4\/2025\/12\/Lettre-a-Velocio.jpg","contentUrl":"https:\/\/festival.cyclo-camping.international\/2026\/wp-content\/uploads\/sites\/4\/2025\/12\/Lettre-a-Velocio.jpg","width":1200,"height":679},{"@type":"BreadcrumbList","@id":"https:\/\/festival.cyclo-camping.international\/2026\/programme-des-films-2026\/film-lettre-a-velocio\/#breadcrumb","itemListElement":[{"@type":"ListItem","position":1,"name":"Accueil","item":"https:\/\/festival.cyclo-camping.international\/2026\/"},{"@type":"ListItem","position":2,"name":"Programme des films en 2026","item":"https:\/\/festival.cyclo-camping.international\/2026\/programme-des-films-2026\/"},{"@type":"ListItem","position":3,"name":"Lettre \u00e0 V\u00e9locio"}]},{"@type":"WebSite","@id":"https:\/\/festival.cyclo-camping.international\/2026\/#website","url":"https:\/\/festival.cyclo-camping.international\/2026\/","name":"39e Festival International du Voyage \u00e0 V\u00e9lo","description":"","publisher":{"@id":"https:\/\/festival.cyclo-camping.international\/2026\/#organization"},"potentialAction":[{"@type":"SearchAction","target":{"@type":"EntryPoint","urlTemplate":"https:\/\/festival.cyclo-camping.international\/2026\/?s={search_term_string}"},"query-input":{"@type":"PropertyValueSpecification","valueRequired":true,"valueName":"search_term_string"}}],"inLanguage":"fr-FR"},{"@type":"Organization","@id":"https:\/\/festival.cyclo-camping.international\/2026\/#organization","name":"39e Festival International du Voyage \u00e0 V\u00e9lo","url":"https:\/\/festival.cyclo-camping.international\/2026\/","logo":{"@type":"ImageObject","inLanguage":"fr-FR","@id":"https:\/\/festival.cyclo-camping.international\/2026\/#\/schema\/logo\/image\/","url":"https:\/\/festival.cyclo-camping.international\/2026\/wp-content\/uploads\/sites\/4\/2024\/01\/logo_cci_petit.png","contentUrl":"https:\/\/festival.cyclo-camping.international\/2026\/wp-content\/uploads\/sites\/4\/2024\/01\/logo_cci_petit.png","width":264,"height":113,"caption":"39e Festival International du Voyage \u00e0 V\u00e9lo"},"image":{"@id":"https:\/\/festival.cyclo-camping.international\/2026\/#\/schema\/logo\/image\/"},"sameAs":["https:\/\/www.facebook.com\/cyclo.camping.international","https:\/\/www.instagram.com\/cyclocampinginternational\/"]}]}},"_links":{"self":[{"href":"https:\/\/festival.cyclo-camping.international\/2026\/wp-json\/wp\/v2\/pages\/176","targetHints":{"allow":["GET"]}}],"collection":[{"href":"https:\/\/festival.cyclo-camping.international\/2026\/wp-json\/wp\/v2\/pages"}],"about":[{"href":"https:\/\/festival.cyclo-camping.international\/2026\/wp-json\/wp\/v2\/types\/page"}],"author":[{"embeddable":true,"href":"https:\/\/festival.cyclo-camping.international\/2026\/wp-json\/wp\/v2\/users\/1"}],"replies":[{"embeddable":true,"href":"https:\/\/festival.cyclo-camping.international\/2026\/wp-json\/wp\/v2\/comments?post=176"}],"version-history":[{"count":9,"href":"https:\/\/festival.cyclo-camping.international\/2026\/wp-json\/wp\/v2\/pages\/176\/revisions"}],"predecessor-version":[{"id":5072,"href":"https:\/\/festival.cyclo-camping.international\/2026\/wp-json\/wp\/v2\/pages\/176\/revisions\/5072"}],"up":[{"embeddable":true,"href":"https:\/\/festival.cyclo-camping.international\/2026\/wp-json\/wp\/v2\/pages\/944"}],"wp:featuredmedia":[{"embeddable":true,"href":"https:\/\/festival.cyclo-camping.international\/2026\/wp-json\/wp\/v2\/media\/4936"}],"wp:attachment":[{"href":"https:\/\/festival.cyclo-camping.international\/2026\/wp-json\/wp\/v2\/media?parent=176"}],"curies":[{"name":"wp","href":"https:\/\/api.w.org\/{rel}","templated":true}]}}