{"id":48,"date":"2023-12-24T17:17:00","date_gmt":"2023-12-24T16:17:00","guid":{"rendered":"https:\/\/festival.cyclo-camping.international\/?page_id=48"},"modified":"2025-01-15T11:13:46","modified_gmt":"2025-01-15T10:13:46","slug":"dossier-de-presse-festival-voyage-velo","status":"publish","type":"page","link":"https:\/\/festival.cyclo-camping.international\/2025\/medias\/dossier-de-presse-festival-voyage-velo\/","title":{"rendered":"Dossier de Presse"},"content":{"rendered":"\n<div style=\"height:14px;width:0px\" aria-hidden=\"true\" class=\"wp-block-spacer\"><\/div>\n\n\n\n<h2 class=\"wp-block-heading has-text-align-center\">Dossier de presse<\/h2>\n\n\n\n<p>Vous trouverez dans cette page le dossier de presse concernant le 38<sup>e<\/sup> festival international du voyage \u00e0 v\u00e9lo et son organisateur, ainsi que le mat\u00e9riel de promotion.<\/p>\n\n\n\n<div class=\"wp-block-group is-vertical is-layout-flex wp-container-core-group-is-layout-fe9cc265 wp-block-group-is-layout-flex\">\n<h3 class=\"wp-block-heading\">Pr\u00e9sentation du&nbsp;38<sup>e<\/sup> Festival International du&nbsp;Voyage \u00e0&nbsp;V\u00e9lo<\/h3>\n\n\n\n<div data-wp-interactive=\"core\/file\" class=\"wp-block-file\"><object data-wp-bind--hidden=\"!state.hasPdfPreview\" hidden class=\"wp-block-file__embed\" data=\"https:\/\/festival.cyclo-camping.international\/2025\/wp-content\/uploads\/sites\/3\/2025\/01\/Communique-de-presse.pdf\" type=\"application\/pdf\" style=\"width:100%;height:600px\" aria-label=\"Contenu embarqu\u00e9 Communique\u0301 de presse.\"><\/object><a id=\"wp-block-file--media-d41f4f9f-06b5-473c-9bfc-67a33da7ec91\" href=\"https:\/\/festival.cyclo-camping.international\/2025\/wp-content\/uploads\/sites\/3\/2025\/01\/Communique-de-presse.pdf\">Communique\u0301 de presse<\/a><a href=\"https:\/\/festival.cyclo-camping.international\/2025\/wp-content\/uploads\/sites\/3\/2025\/01\/Communique-de-presse.pdf\" class=\"wp-block-file__button wp-element-button\" download aria-describedby=\"wp-block-file--media-d41f4f9f-06b5-473c-9bfc-67a33da7ec91\">T\u00e9l\u00e9charger<\/a><\/div>\n<\/div>\n\n\n\n<div data-wp-interactive=\"core\/file\" class=\"wp-block-file\"><object data-wp-bind--hidden=\"!state.hasPdfPreview\" hidden class=\"wp-block-file__embed\" data=\"https:\/\/festival.cyclo-camping.international\/2025\/wp-content\/uploads\/sites\/3\/2025\/01\/Dossier-de-presentation.pdf\" type=\"application\/pdf\" style=\"width:100%;height:600px\" aria-label=\"Contenu embarqu\u00e9 Dossier de pre\u0301sentation.\"><\/object><a id=\"wp-block-file--media-a84fa455-af30-44a7-a2e8-d533661f1a7a\" href=\"https:\/\/festival.cyclo-camping.international\/2025\/wp-content\/uploads\/sites\/3\/2025\/01\/Dossier-de-presentation.pdf\">Dossier de pre\u0301sentation<\/a><a href=\"https:\/\/festival.cyclo-camping.international\/2025\/wp-content\/uploads\/sites\/3\/2025\/01\/Dossier-de-presentation.pdf\" class=\"wp-block-file__button wp-element-button\" download aria-describedby=\"wp-block-file--media-a84fa455-af30-44a7-a2e8-d533661f1a7a\">T\u00e9l\u00e9charger<\/a><\/div>\n\n\n\n<div class=\"wp-block-group is-vertical is-layout-flex wp-container-core-group-is-layout-fe9cc265 wp-block-group-is-layout-flex\">\n<h3 class=\"wp-block-heading\">Pr\u00e9sentation de&nbsp;l\u2019association Cyclo\u2011Camping International<\/h3>\n\n\n\n<div data-wp-interactive=\"core\/file\" class=\"wp-block-file\"><object data-wp-bind--hidden=\"!state.hasPdfPreview\" hidden class=\"wp-block-file__embed\" data=\"https:\/\/festival.cyclo-camping.international\/2025\/wp-content\/uploads\/sites\/3\/2024\/01\/dossier-presentation-CCI-2023.pdf\" type=\"application\/pdf\" style=\"width:100%;height:600px\" aria-label=\"Contenu embarqu\u00e9 dossier-presentation-CCI-2023.\"><\/object><a id=\"wp-block-file--media-eacb280e-dc1b-4833-bfa8-bb4a002a7e29\" href=\"https:\/\/festival.cyclo-camping.international\/2025\/wp-content\/uploads\/sites\/3\/2024\/01\/dossier-presentation-CCI-2023.pdf\">dossier-presentation-CCI-2023<\/a><a href=\"https:\/\/festival.cyclo-camping.international\/2025\/wp-content\/uploads\/sites\/3\/2024\/01\/dossier-presentation-CCI-2023.pdf\" class=\"wp-block-file__button wp-element-button\" download aria-describedby=\"wp-block-file--media-eacb280e-dc1b-4833-bfa8-bb4a002a7e29\">T\u00e9l\u00e9charger<\/a><\/div>\n<\/div>\n\n\n\n<div id=\"ContactsPresse\" class=\"wp-block-group is-vertical is-layout-flex wp-container-core-group-is-layout-fe9cc265 wp-block-group-is-layout-flex\">\n<h3 class=\"wp-block-heading\">Contacts presse<\/h3>\n\n\n\n<div class=\"wp-block-group is-layout-flex wp-container-core-group-is-layout-382ae193 wp-block-group-is-layout-flex\" style=\"margin-top:0;margin-bottom:0;padding-top:0;padding-bottom:0\">\n<p class=\"has-text-align-left\" style=\"font-size:0.8rem;letter-spacing:0.0625rem;text-transform:uppercase\">Infos g\u00e9n\u00e9rales :<\/p>\n\n\n\n<div style=\"height:14px;width:0px\" aria-hidden=\"true\" class=\"wp-block-spacer\"><\/div>\n\n\n\n<p class=\"has-text-align-left\" style=\"font-size:clamp(0.875rem, 0.875rem + ((1vw - 0.2rem) * 0.175), 0.98rem);\"><a href=\"&#x6d;&#97;i&#x6c;&#116;o&#x3a;&#x63;&#111;&#x6e;&#x74;&#97;c&#x74;&#64;c&#x79;&#x63;&#108;&#x6f;&#x2d;&#99;a&#x6d;&#112;i&#x6e;&#x67;&#46;&#x69;&#x6e;&#116;e&#x72;&#110;a&#x74;&#x69;&#111;&#x6e;&#x61;&#108;\">&#x63;&#111;&#x6e;&#x74;a&#x63;&#116;&#64;&#x63;&#121;c&#x6c;&#111;&#x2d;&#x63;a&#x6d;&#112;i&#x6e;&#103;&#46;&#x69;&#110;&#x74;&#x65;&#114;&#x6e;&#x61;t&#x69;&#111;n&#x61;&#108;<\/a><\/p>\n<\/div>\n\n\n\n<div class=\"wp-block-group is-layout-flex wp-container-core-group-is-layout-3c8a755a wp-block-group-is-layout-flex\" style=\"margin-top:0;margin-bottom:0;padding-top:0;padding-bottom:0\">\n<p class=\"has-text-align-left\" style=\"font-size:0.8rem;letter-spacing:0.0625rem;text-transform:uppercase\">Contact presse :<\/p>\n\n\n\n<div style=\"height:14px;width:0px\" aria-hidden=\"true\" class=\"wp-block-spacer\"><\/div>\n\n\n\n<p class=\"has-text-align-left\" style=\"font-size:clamp(0.875rem, 0.875rem + ((1vw - 0.2rem) * 0.175), 0.98rem);\">Jo\u00ebl Brich &#8211;<\/p>\n\n\n\n<div style=\"height:14px;width:0px\" aria-hidden=\"true\" class=\"wp-block-spacer\"><\/div>\n\n\n\n<p class=\"has-text-align-left\" style=\"font-size:clamp(0.875rem, 0.875rem + ((1vw - 0.2rem) * 0.175), 0.98rem);\"><a href=\"mail&#116;&#111;&#58;&#106;&#111;&#101;&#108;&#x40;&#x62;&#x72;&#x69;&#x63;&#x68;&#x2e;&#x66;&#x72;\">&#x6a;o&#x65;&#108;&#64;&#x62;&#114;&#x69;&#x63;h&#x2e;&#102;r<\/a><\/p>\n<\/div>\n\n\n\n<div class=\"wp-block-group is-layout-flex wp-container-core-group-is-layout-3c8a755a wp-block-group-is-layout-flex\" style=\"margin-top:0;margin-bottom:0;padding-top:0;padding-bottom:0\">\n<p class=\"has-text-align-left\" style=\"font-size:0.8rem;letter-spacing:0.0625rem;text-transform:uppercase\">Coordinateur g\u00e9n\u00e9ral :<\/p>\n\n\n\n<div style=\"height:14px;width:0px\" aria-hidden=\"true\" class=\"wp-block-spacer\"><\/div>\n\n\n\n<p class=\"has-text-align-left\" style=\"font-size:clamp(0.875rem, 0.875rem + ((1vw - 0.2rem) * 0.175), 0.98rem);\">Thierry Mourlanne &#8211;<\/p>\n\n\n\n<div style=\"height:14px;width:0px\" aria-hidden=\"true\" class=\"wp-block-spacer\"><\/div>\n\n\n\n<p class=\"has-text-align-left\" style=\"font-size:clamp(0.875rem, 0.875rem + ((1vw - 0.2rem) * 0.175), 0.98rem);\"><a href=\"&#109;&#x61;i&#108;&#x74;o&#58;&#x74;h&#105;&#x65;r&#114;&#x79;&#64;&#x6d;&#x6f;&#117;&#x72;&#x6c;&#97;&#x6e;n&#101;&#x2e;c&#111;&#x6d;\">&#x74;&#x68;&#x69;&#x65;&#x72;&#x72;&#121;&#64;&#109;&#111;urla&#x6e;&#x6e;&#x65;&#x2e;&#x63;&#x6f;&#109;<\/a> <\/p>\n\n\n\n<div style=\"height:14px;width:0px\" aria-hidden=\"true\" class=\"wp-block-spacer\"><\/div>\n\n\n\n<p class=\"has-text-align-left\" style=\"font-size:clamp(0.875rem, 0.875rem + ((1vw - 0.2rem) * 0.125), 0.95rem);\">T\u00e9l : <a href=\"tel:0680483191\">06.80.48.31.91<\/a><\/p>\n<\/div>\n<\/div>\n\n\n\n<div class=\"wp-block-group is-vertical is-layout-flex wp-container-core-group-is-layout-fe9cc265 wp-block-group-is-layout-flex\">\n<h3 class=\"wp-block-heading\">Mat\u00e9riel de communication<\/h3>\n\n\n\n<div class=\"wp-block-file\"><a id=\"wp-block-file--media-90f9ff24-d9d6-4246-b699-4a69cc870ea8\" href=\"https:\/\/festival.cyclo-camping.international\/2025\/wp-content\/uploads\/sites\/3\/2025\/01\/Affiche-horizontale.jpg\">Affiche horizontale<\/a><a href=\"https:\/\/festival.cyclo-camping.international\/2025\/wp-content\/uploads\/sites\/3\/2025\/01\/Affiche-horizontale.jpg\" class=\"wp-block-file__button wp-element-button\" download aria-describedby=\"wp-block-file--media-90f9ff24-d9d6-4246-b699-4a69cc870ea8\">T\u00e9l\u00e9charger<\/a><\/div>\n\n\n\n<div class=\"wp-block-file\"><a id=\"wp-block-file--media-31559f4e-e53a-42c3-8124-eb7b26a2a003\" href=\"https:\/\/festival.cyclo-camping.international\/2025\/wp-content\/uploads\/sites\/3\/2025\/01\/Affiche-verticale.jpg\">Affiche verticale<\/a><a href=\"https:\/\/festival.cyclo-camping.international\/2025\/wp-content\/uploads\/sites\/3\/2025\/01\/Affiche-verticale.jpg\" class=\"wp-block-file__button wp-element-button\" download aria-describedby=\"wp-block-file--media-31559f4e-e53a-42c3-8124-eb7b26a2a003\">T\u00e9l\u00e9charger<\/a><\/div>\n<\/div>\n\n\n\n<p><\/p>\n","protected":false},"excerpt":{"rendered":"<p>Dossier de presse Vous trouverez dans cette page le dossier de presse concernant le 38e festival international du voyage \u00e0 v\u00e9lo et son organisateur, ainsi que le mat\u00e9riel de promotion. Pr\u00e9sentation du&nbsp;38e Festival International du&nbsp;Voyage \u00e0&nbsp;V\u00e9lo Pr\u00e9sentation de&nbsp;l\u2019association Cyclo\u2011Camping International Contacts presse Infos g\u00e9n\u00e9rales : &#x63;&#x6f;&#x6e;&#x74;&#x61;&#x63;&#x74;&#x40;&#x63;&#x79;&#x63;&#x6c;&#x6f;&#x2d;&#x63;&#x61;&#x6d;&#x70;&#x69;&#x6e;&#x67;&#x2e;&#x69;&#x6e;&#x74;&#x65;&#x72;&#x6e;&#x61;&#x74;&#x69;&#x6f;&#x6e;&#x61;&#x6c; Contact presse : Jo\u00ebl Brich &#8211; joel&#64;&#98;&#114;&#105;&#99;&#104;&#46;&#x66;&#x72; Coordinateur g\u00e9n\u00e9ral [&hellip;]<\/p>\n","protected":false},"author":1,"featured_media":0,"parent":61,"menu_order":3,"comment_status":"closed","ping_status":"closed","template":"page-no-title","meta":{"footnotes":""},"class_list":["post-48","page","type-page","status-publish","hentry"],"yoast_head":"<!-- This site is optimized with the Yoast SEO plugin v27.4 - https:\/\/yoast.com\/product\/yoast-seo-wordpress\/ -->\n<title>Dossier de Presse - 38e Festival International du Voyage \u00e0 V\u00e9lo<\/title>\n<meta name=\"description\" content=\"Dossier de presse du 37e festival international du voyage \u00e0 v\u00e9lo au Mans, organis\u00e9 par Cyclo-camping international.\" \/>\n<meta name=\"robots\" content=\"index, follow, max-snippet:-1, max-image-preview:large, max-video-preview:-1\" \/>\n<link rel=\"canonical\" href=\"https:\/\/festival.cyclo-camping.international\/2025\/medias\/dossier-de-presse-festival-voyage-velo\/\" \/>\n<meta property=\"og:locale\" content=\"fr_FR\" \/>\n<meta property=\"og:type\" content=\"article\" \/>\n<meta property=\"og:title\" content=\"Dossier de Presse - 38e Festival International du Voyage \u00e0 V\u00e9lo\" \/>\n<meta property=\"og:description\" content=\"Dossier de presse du 37e festival international du voyage \u00e0 v\u00e9lo au Mans, organis\u00e9 par Cyclo-camping international.\" \/>\n<meta property=\"og:url\" content=\"https:\/\/festival.cyclo-camping.international\/2025\/medias\/dossier-de-presse-festival-voyage-velo\/\" \/>\n<meta property=\"og:site_name\" content=\"38e Festival International du Voyage \u00e0 V\u00e9lo\" \/>\n<meta property=\"article:modified_time\" content=\"2025-01-15T10:13:46+00:00\" \/>\n<meta name=\"twitter:card\" content=\"summary_large_image\" \/>\n<meta name=\"twitter:label1\" content=\"Dur\u00e9e de lecture estim\u00e9e\" \/>\n\t<meta name=\"twitter:data1\" content=\"1 minute\" \/>\n<script type=\"application\/ld+json\" class=\"yoast-schema-graph\">{\"@context\":\"https:\\\/\\\/schema.org\",\"@graph\":[{\"@type\":\"WebPage\",\"@id\":\"https:\\\/\\\/festival.cyclo-camping.international\\\/2025\\\/medias\\\/dossier-de-presse-festival-voyage-velo\\\/\",\"url\":\"https:\\\/\\\/festival.cyclo-camping.international\\\/2025\\\/medias\\\/dossier-de-presse-festival-voyage-velo\\\/\",\"name\":\"Dossier de Presse - 38e Festival International du Voyage \u00e0 V\u00e9lo\",\"isPartOf\":{\"@id\":\"https:\\\/\\\/festival.cyclo-camping.international\\\/2025\\\/#website\"},\"datePublished\":\"2023-12-24T16:17:00+00:00\",\"dateModified\":\"2025-01-15T10:13:46+00:00\",\"description\":\"Dossier de presse du 37e festival international du voyage \u00e0 v\u00e9lo au Mans, organis\u00e9 par Cyclo-camping international.\",\"breadcrumb\":{\"@id\":\"https:\\\/\\\/festival.cyclo-camping.international\\\/2025\\\/medias\\\/dossier-de-presse-festival-voyage-velo\\\/#breadcrumb\"},\"inLanguage\":\"fr-FR\",\"potentialAction\":[{\"@type\":\"ReadAction\",\"target\":[\"https:\\\/\\\/festival.cyclo-camping.international\\\/2025\\\/medias\\\/dossier-de-presse-festival-voyage-velo\\\/\"]}]},{\"@type\":\"BreadcrumbList\",\"@id\":\"https:\\\/\\\/festival.cyclo-camping.international\\\/2025\\\/medias\\\/dossier-de-presse-festival-voyage-velo\\\/#breadcrumb\",\"itemListElement\":[{\"@type\":\"ListItem\",\"position\":1,\"name\":\"Accueil\",\"item\":\"https:\\\/\\\/festival.cyclo-camping.international\\\/2025\\\/\"},{\"@type\":\"ListItem\",\"position\":2,\"name\":\"M\u00e9dias\",\"item\":\"https:\\\/\\\/festival.cyclo-camping.international\\\/2025\\\/medias\\\/\"},{\"@type\":\"ListItem\",\"position\":3,\"name\":\"Dossier de Presse\"}]},{\"@type\":\"WebSite\",\"@id\":\"https:\\\/\\\/festival.cyclo-camping.international\\\/2025\\\/#website\",\"url\":\"https:\\\/\\\/festival.cyclo-camping.international\\\/2025\\\/\",\"name\":\"38e Festival International du Voyage \u00e0 V\u00e9lo\",\"description\":\"\",\"publisher\":{\"@id\":\"https:\\\/\\\/festival.cyclo-camping.international\\\/2025\\\/#organization\"},\"potentialAction\":[{\"@type\":\"SearchAction\",\"target\":{\"@type\":\"EntryPoint\",\"urlTemplate\":\"https:\\\/\\\/festival.cyclo-camping.international\\\/2025\\\/?s={search_term_string}\"},\"query-input\":{\"@type\":\"PropertyValueSpecification\",\"valueRequired\":true,\"valueName\":\"search_term_string\"}}],\"inLanguage\":\"fr-FR\"},{\"@type\":\"Organization\",\"@id\":\"https:\\\/\\\/festival.cyclo-camping.international\\\/2025\\\/#organization\",\"name\":\"38e Festival International du Voyage \u00e0 V\u00e9lo\",\"url\":\"https:\\\/\\\/festival.cyclo-camping.international\\\/2025\\\/\",\"logo\":{\"@type\":\"ImageObject\",\"inLanguage\":\"fr-FR\",\"@id\":\"https:\\\/\\\/festival.cyclo-camping.international\\\/2025\\\/#\\\/schema\\\/logo\\\/image\\\/\",\"url\":\"https:\\\/\\\/festival.cyclo-camping.international\\\/2025\\\/wp-content\\\/uploads\\\/sites\\\/3\\\/2023\\\/12\\\/logo_cci_petit.png\",\"contentUrl\":\"https:\\\/\\\/festival.cyclo-camping.international\\\/2025\\\/wp-content\\\/uploads\\\/sites\\\/3\\\/2023\\\/12\\\/logo_cci_petit.png\",\"width\":264,\"height\":113,\"caption\":\"38e Festival International du Voyage \u00e0 V\u00e9lo\"},\"image\":{\"@id\":\"https:\\\/\\\/festival.cyclo-camping.international\\\/2025\\\/#\\\/schema\\\/logo\\\/image\\\/\"}}]}<\/script>\n<!-- \/ Yoast SEO plugin. -->","yoast_head_json":{"title":"Dossier de Presse - 38e Festival International du Voyage \u00e0 V\u00e9lo","description":"Dossier de presse du 37e festival international du voyage \u00e0 v\u00e9lo au Mans, organis\u00e9 par Cyclo-camping international.","robots":{"index":"index","follow":"follow","max-snippet":"max-snippet:-1","max-image-preview":"max-image-preview:large","max-video-preview":"max-video-preview:-1"},"canonical":"https:\/\/festival.cyclo-camping.international\/2025\/medias\/dossier-de-presse-festival-voyage-velo\/","og_locale":"fr_FR","og_type":"article","og_title":"Dossier de Presse - 38e Festival International du Voyage \u00e0 V\u00e9lo","og_description":"Dossier de presse du 37e festival international du voyage \u00e0 v\u00e9lo au Mans, organis\u00e9 par Cyclo-camping international.","og_url":"https:\/\/festival.cyclo-camping.international\/2025\/medias\/dossier-de-presse-festival-voyage-velo\/","og_site_name":"38e Festival International du Voyage \u00e0 V\u00e9lo","article_modified_time":"2025-01-15T10:13:46+00:00","twitter_card":"summary_large_image","twitter_misc":{"Dur\u00e9e de lecture estim\u00e9e":"1 minute"},"schema":{"@context":"https:\/\/schema.org","@graph":[{"@type":"WebPage","@id":"https:\/\/festival.cyclo-camping.international\/2025\/medias\/dossier-de-presse-festival-voyage-velo\/","url":"https:\/\/festival.cyclo-camping.international\/2025\/medias\/dossier-de-presse-festival-voyage-velo\/","name":"Dossier de Presse - 38e Festival International du Voyage \u00e0 V\u00e9lo","isPartOf":{"@id":"https:\/\/festival.cyclo-camping.international\/2025\/#website"},"datePublished":"2023-12-24T16:17:00+00:00","dateModified":"2025-01-15T10:13:46+00:00","description":"Dossier de presse du 37e festival international du voyage \u00e0 v\u00e9lo au Mans, organis\u00e9 par Cyclo-camping international.","breadcrumb":{"@id":"https:\/\/festival.cyclo-camping.international\/2025\/medias\/dossier-de-presse-festival-voyage-velo\/#breadcrumb"},"inLanguage":"fr-FR","potentialAction":[{"@type":"ReadAction","target":["https:\/\/festival.cyclo-camping.international\/2025\/medias\/dossier-de-presse-festival-voyage-velo\/"]}]},{"@type":"BreadcrumbList","@id":"https:\/\/festival.cyclo-camping.international\/2025\/medias\/dossier-de-presse-festival-voyage-velo\/#breadcrumb","itemListElement":[{"@type":"ListItem","position":1,"name":"Accueil","item":"https:\/\/festival.cyclo-camping.international\/2025\/"},{"@type":"ListItem","position":2,"name":"M\u00e9dias","item":"https:\/\/festival.cyclo-camping.international\/2025\/medias\/"},{"@type":"ListItem","position":3,"name":"Dossier de Presse"}]},{"@type":"WebSite","@id":"https:\/\/festival.cyclo-camping.international\/2025\/#website","url":"https:\/\/festival.cyclo-camping.international\/2025\/","name":"38e Festival International du Voyage \u00e0 V\u00e9lo","description":"","publisher":{"@id":"https:\/\/festival.cyclo-camping.international\/2025\/#organization"},"potentialAction":[{"@type":"SearchAction","target":{"@type":"EntryPoint","urlTemplate":"https:\/\/festival.cyclo-camping.international\/2025\/?s={search_term_string}"},"query-input":{"@type":"PropertyValueSpecification","valueRequired":true,"valueName":"search_term_string"}}],"inLanguage":"fr-FR"},{"@type":"Organization","@id":"https:\/\/festival.cyclo-camping.international\/2025\/#organization","name":"38e Festival International du Voyage \u00e0 V\u00e9lo","url":"https:\/\/festival.cyclo-camping.international\/2025\/","logo":{"@type":"ImageObject","inLanguage":"fr-FR","@id":"https:\/\/festival.cyclo-camping.international\/2025\/#\/schema\/logo\/image\/","url":"https:\/\/festival.cyclo-camping.international\/2025\/wp-content\/uploads\/sites\/3\/2023\/12\/logo_cci_petit.png","contentUrl":"https:\/\/festival.cyclo-camping.international\/2025\/wp-content\/uploads\/sites\/3\/2023\/12\/logo_cci_petit.png","width":264,"height":113,"caption":"38e Festival International du Voyage \u00e0 V\u00e9lo"},"image":{"@id":"https:\/\/festival.cyclo-camping.international\/2025\/#\/schema\/logo\/image\/"}}]}},"_links":{"self":[{"href":"https:\/\/festival.cyclo-camping.international\/2025\/wp-json\/wp\/v2\/pages\/48","targetHints":{"allow":["GET"]}}],"collection":[{"href":"https:\/\/festival.cyclo-camping.international\/2025\/wp-json\/wp\/v2\/pages"}],"about":[{"href":"https:\/\/festival.cyclo-camping.international\/2025\/wp-json\/wp\/v2\/types\/page"}],"author":[{"embeddable":true,"href":"https:\/\/festival.cyclo-camping.international\/2025\/wp-json\/wp\/v2\/users\/1"}],"replies":[{"embeddable":true,"href":"https:\/\/festival.cyclo-camping.international\/2025\/wp-json\/wp\/v2\/comments?post=48"}],"version-history":[{"count":7,"href":"https:\/\/festival.cyclo-camping.international\/2025\/wp-json\/wp\/v2\/pages\/48\/revisions"}],"predecessor-version":[{"id":3793,"href":"https:\/\/festival.cyclo-camping.international\/2025\/wp-json\/wp\/v2\/pages\/48\/revisions\/3793"}],"up":[{"embeddable":true,"href":"https:\/\/festival.cyclo-camping.international\/2025\/wp-json\/wp\/v2\/pages\/61"}],"wp:attachment":[{"href":"https:\/\/festival.cyclo-camping.international\/2025\/wp-json\/wp\/v2\/media?parent=48"}],"curies":[{"name":"wp","href":"https:\/\/api.w.org\/{rel}","templated":true}]}}