{"id":182,"date":"2023-12-31T15:12:59","date_gmt":"2023-12-31T14:12:59","guid":{"rendered":"https:\/\/festival.cyclo-camping.international\/2024\/?page_id=182"},"modified":"2024-12-22T00:16:37","modified_gmt":"2024-12-21T23:16:37","slug":"film-qu-est-ce-qui-t-en-empeche","status":"publish","type":"page","link":"https:\/\/festival.cyclo-camping.international\/2025\/programme-des-films-2025\/film-qu-est-ce-qui-t-en-empeche\/","title":{"rendered":"Qu\u2019est-ce qui t\u2019en emp\u00e8che\u00a0?"},"content":{"rendered":"\n<div class=\"wp-block-cover alignfull wp-duotone-unset-1\" style=\"margin-top:0;margin-bottom:0rem;padding-top:2rem;padding-right:2rem;padding-bottom:2rem;padding-left:2rem;min-height:66vh;aspect-ratio:unset;\"><span aria-hidden=\"true\" class=\"wp-block-cover__background has-contrast-background-color has-background-dim-40 has-background-dim\"><\/span><img loading=\"lazy\" decoding=\"async\" width=\"583\" height=\"335\" class=\"wp-block-cover__image-background wp-image-3051\" alt=\"\" src=\"https:\/\/festival.cyclo-camping.international\/2025\/wp-content\/uploads\/sites\/3\/2024\/01\/Razat-e1734818941860.png\" style=\"object-position:71% 31%\" data-object-fit=\"cover\" data-object-position=\"71% 31%\" srcset=\"https:\/\/festival.cyclo-camping.international\/2025\/wp-content\/uploads\/sites\/3\/2024\/01\/Razat-e1734818941860.png 583w, https:\/\/festival.cyclo-camping.international\/2025\/wp-content\/uploads\/sites\/3\/2024\/01\/Razat-e1734818941860-300x172.png 300w\" sizes=\"auto, (max-width: 583px) 100vw, 583px\" \/><div class=\"wp-block-cover__inner-container is-layout-flow wp-block-cover-is-layout-flow\">\n<div class=\"wp-block-group has-global-padding is-content-justification-center is-layout-constrained wp-container-core-group-is-layout-0869c1f3 wp-block-group-is-layout-constrained\" style=\"padding-right:0;padding-left:0\"><h1 class=\"has-text-align-center wp-block-post-title\">Qu\u2019est-ce qui t\u2019en emp\u00e8che\u00a0?<\/h1>\n\n\n<div class=\"wp-block-group is-vertical is-content-justification-center is-layout-flex wp-container-core-group-is-layout-df21e9f8 wp-block-group-is-layout-flex\" style=\"margin-top:0;margin-bottom:var(--wp--preset--spacing--10);padding-top:0;padding-bottom:0\">\n<h2 class=\"wp-block-heading has-text-align-center has-base-2-color has-text-color has-link-color wp-elements-5bc4001983c905bca6e821db22f136c0\" style=\"font-style:normal;font-weight:600\">St\u00e9phane Razat<\/h2>\n\n\n\n<p class=\"has-text-align-center has-base-2-color has-text-color has-link-color has-small-font-size wp-elements-3e9d0cd7c079ffcbcbe72bd187f2107c\" style=\"line-height:1.2\">12 min<\/p>\n<\/div>\n<\/div>\n\n\n\n<div style=\"margin-top:0;margin-bottom:0;height:3rem\" aria-hidden=\"true\" class=\"wp-block-spacer\"><\/div>\n\n\n\n<div class=\"wp-block-columns are-vertically-aligned-bottom is-layout-flex wp-container-core-columns-is-layout-0111f410 wp-block-columns-is-layout-flex\" style=\"padding-right:var(--wp--preset--spacing--50);padding-left:var(--wp--preset--spacing--50)\">\n<div class=\"wp-block-column is-vertically-aligned-bottom is-layout-flow wp-block-column-is-layout-flow\" style=\"flex-basis:33.33%\"><\/div>\n\n\n\n<div class=\"wp-block-column is-vertically-aligned-bottom is-layout-flow wp-block-column-is-layout-flow\" style=\"flex-basis:33.33%\">\n<div class=\"wp-block-group has-border-color has-background is-layout-flow wp-container-core-group-is-layout-494e086b wp-block-group-is-layout-flow\" style=\"border-color:#ffffff;border-width:1px;border-radius:600px;background-color:#0000004d;margin-top:0;margin-bottom:0;padding-top:0.5rem;padding-right:0.5rem;padding-bottom:0.5rem;padding-left:0.5rem\">\n<h3 class=\"wp-block-heading has-text-align-center has-text-color has-link-color has-medium-font-size wp-elements-f8c6459309671b03e87c69a4b762a117\" style=\"color:#ffffff\">S\u00e9ance 3 <\/h3>\n\n\n\n<p class=\"has-text-align-center has-base-2-color has-text-color has-link-color has-small-font-size wp-elements-75db10021b98b4111c82dffd13a33f5d\" style=\"letter-spacing:0.5px\">Samedi \u2013 14h30 \u2013 Salle A<\/p>\n<\/div>\n<\/div>\n\n\n\n<div class=\"wp-block-column is-vertically-aligned-bottom is-layout-flow wp-block-column-is-layout-flow\" style=\"flex-basis:33.33%\"><\/div>\n<\/div>\n<\/div><\/div>\n\n\n\n<div style=\"height:14px;width:0px\" aria-hidden=\"true\" class=\"wp-block-spacer\"><\/div>\n\n\n\n<p>En 2022, j\u2019ai relev\u00e9 un d\u00e9fi qui symbolise ma r\u00e9silience et m\u2019a fait d\u00e9couvrir ma force de caract\u00e8re. Tout a commenc\u00e9 par une remarque de ma s\u0153ur Sandrine, qui m\u2019a dit un jour&nbsp;: \u00ab&nbsp;Avec tous les kilom\u00e8tres que tu fais chaque semaine, tu pourrais venir jusqu\u2019\u00e0 Toulouse.&nbsp;\u00bb Ces mots ont r\u00e9sonn\u00e9 en moi et m\u2019ont donn\u00e9 une id\u00e9e audacieuse. Je me suis dit&nbsp;: \u00ab&nbsp;Mais oui, c\u2019est carr\u00e9ment possible&nbsp;!&nbsp;\u00bb<\/p>\n\n\n\n<p>C\u2019est ainsi que j\u2019ai d\u00e9cid\u00e9 d\u2019organiser mon premier grand p\u00e9riple \u00e0 v\u00e9lo, reliant Le Mans \u00e0 Toulouse. Pendant 15 jours, j\u2019ai parcouru cette distance de 880 km en 11 \u00e9tapes bien planifi\u00e9es. Pour mener \u00e0 bien ce d\u00e9fi, je n\u2019\u00e9tais pas seul. \u00c0 mes c\u00f4t\u00e9s, j\u2019ai pu compter sur le soutien ind\u00e9fectible de mon fr\u00e8re J\u00e9r\u00f4me, sur la pr\u00e9sence rassurante de mon p\u00e8re Lucien et sur l\u2019attention bienveillante de Ma\u00eblle, une infirmi\u00e8re qui veillait sur ma sant\u00e9 et m\u2019aidait \u00e0 me pr\u00e9parer le matin tout au long de l\u2019aventure.<\/p>\n\n\n\n<p>L\u2019un des moments forts de ce voyage a \u00e9t\u00e9 mon arr\u00eat \u00e0 Bordeaux, dans le centre de r\u00e9\u00e9ducation o\u00f9 j\u2019avais fait ma propre r\u00e9\u00e9ducation 20 ans plus t\u00f4t. C\u2019\u00e9tait une \u00e9tape symbolique et \u00e9mouvante. J\u2019ai eu l\u2019opportunit\u00e9 de rencontrer des personnes en situation de handicap et en r\u00e9\u00e9ducation, comme je l\u2019avais \u00e9t\u00e9 \u00e0 une autre \u00e9poque. Je leur ai parl\u00e9 de mon parcours, de mes d\u00e9fis, et de ce p\u00e9riple que j\u2019\u00e9tais en train de r\u00e9aliser. Mon objectif \u00e9tait simple : leur remonter le moral, leur montrer que tout est possible et leur donner l\u2019envie de se d\u00e9passer eux-m\u00eames.<\/p>\n\n\n\n<p>Ce voyage n\u2019a pas \u00e9t\u00e9 seulement une performance sportive \u00e0 mon \u00e9chelle, mais aussi une exp\u00e9rience riche en \u00e9motions et en d\u00e9passement de soi. Chaque coup de p\u00e9dale a fait reculer les limites que la vie a voulu m\u2019imposer et m\u2019a rapproch\u00e9 d\u2019un objectif qui semblait fou au d\u00e9part. Pourtant, avec ma d\u00e9termination et l\u2019aide des personnes qui m\u2019accompagnaient, tout est devenu possible.<\/p>\n\n\n\n<p>Ce p\u00e9riple a \u00e9t\u00e9 un moment inoubliable, un tournant dans ma vie. Il m\u2019a prouv\u00e9 que tout est r\u00e9alisable avec du courage, de la volont\u00e9 et le soutien des bonnes personnes. C\u2019est un souvenir pr\u00e9cieux qui m\u2019a donn\u00e9 confiance pour affronter bien d\u2019autres d\u00e9fis par la suite.<\/p>\n\n\n\n<div style=\"height:14px;width:0px\" aria-hidden=\"true\" class=\"wp-block-spacer\"><\/div>\n\n\n\n<p class=\"has-text-align-center\" style=\"font-size:0.8rem;letter-spacing:0.0625rem;text-transform:uppercase\"><strong>Dans la m\u00eame s\u00e9ance<\/strong><\/p>\n\n\n\n<div class=\"wp-block-columns are-vertically-aligned-top is-layout-flex wp-container-core-columns-is-layout-28f84493 wp-block-columns-is-layout-flex\">\n<div class=\"wp-block-column is-vertically-aligned-top is-layout-flow wp-block-column-is-layout-flow\" style=\"flex-basis:50%\">\n<div class=\"wp-block-group has-background is-vertical is-content-justification-center is-layout-flex wp-container-core-group-is-layout-43e4665b wp-block-group-is-layout-flex\" style=\"border-radius:14px;background-color:#ffffff;padding-top:var(--wp--preset--spacing--30);padding-right:var(--wp--preset--spacing--30);padding-bottom:var(--wp--preset--spacing--30);padding-left:var(--wp--preset--spacing--30)\">\n<figure class=\"wp-block-image size-thumbnail is-resized has-custom-border wp-duotone-unset-2\"><img loading=\"lazy\" decoding=\"async\" width=\"150\" height=\"150\" src=\"https:\/\/festival.cyclo-camping.international\/2025\/wp-content\/uploads\/sites\/3\/2024\/12\/Echanges-en-Egypte-pt-150x150.jpg\" alt=\"\" class=\"wp-image-2397\" style=\"border-radius:100px;width:115px;height:auto\" \/><\/figure>\n\n\n\n<h3 class=\"wp-block-heading has-text-align-center\"><a href=\"\/2025\/programme-des-films-2025\/film-africa\/\">Africa \u2013 Un soup\u00e7on d\u2019aventure<\/a><\/h3>\n\n\n\n<p style=\"line-height:1.3\">Quentin Clavel<\/p>\n\n\n\n<p style=\"line-height:1.2\">21 min<\/p>\n\n\n\n<div style=\"height:7px\" aria-hidden=\"true\" class=\"wp-block-spacer\"><\/div>\n\n\n\n<p class=\"has-text-align-center\">Bikepacking en solo \u00e0 travers l\u2019Afrique du Caire jusqu\u2019au Cap<\/p>\n\n\n\n<p class=\"has-text-align-center has-small-font-size\"><strong><a href=\"\/2025\/programme-des-films-2025\/film-africa\/\">En savoir plus<\/a><\/strong><\/p>\n<\/div>\n<\/div>\n\n\n\n<div class=\"wp-block-column is-layout-flow wp-block-column-is-layout-flow\" style=\"flex-basis:50%\">\n<div class=\"wp-block-group has-background is-vertical is-content-justification-center is-layout-flex wp-container-core-group-is-layout-43e4665b wp-block-group-is-layout-flex\" style=\"border-radius:14px;background-color:#ffffff;padding-top:var(--wp--preset--spacing--30);padding-right:var(--wp--preset--spacing--30);padding-bottom:var(--wp--preset--spacing--30);padding-left:var(--wp--preset--spacing--30)\">\n<figure class=\"wp-block-image size-thumbnail is-resized has-custom-border wp-duotone-unset-3\"><img loading=\"lazy\" decoding=\"async\" width=\"150\" height=\"150\" src=\"https:\/\/festival.cyclo-camping.international\/2025\/wp-content\/uploads\/sites\/3\/2024\/12\/1.2019-11-24-Salar-de-Uyuni-25-pt-150x150.jpg\" alt=\"\" class=\"wp-image-2406\" style=\"border-radius:100px;width:115px;height:auto\"\/><\/figure>\n\n\n\n<h3 class=\"wp-block-heading has-text-align-center\"><a href=\"\/2025\/programme-des-films-2025\/film-velomerica\/\">Velomerica, de l\u2019Alaska \u00e0 la Patagonie<\/a><\/h3>\n\n\n\n<p class=\"has-text-align-center\">Marilyne Griffon<\/p>\n\n\n\n<p>41 min<\/p>\n\n\n\n<div style=\"height:7px\" aria-hidden=\"true\" class=\"wp-block-spacer\"><\/div>\n\n\n\n<p class=\"has-text-align-center\">3 ans, 3 Am\u00e9riques, 2 enfants.<\/p>\n\n\n\n<p class=\"has-text-align-center has-small-font-size\"><strong><a href=\"\/2025\/programme-des-films-2025\/film-velomerica\/\">En savoir plus<\/a><\/strong><\/p>\n<\/div>\n<\/div>\n<\/div>\n\n\n\n<div class=\"wp-block-buttons is-content-justification-space-between is-layout-flex wp-container-core-buttons-is-layout-cb28d6de wp-block-buttons-is-layout-flex\" style=\"margin-top:var(--wp--preset--spacing--20)\">\n<div class=\"wp-block-button is-style-outline is-style-outline--4\"><a class=\"wp-block-button__link wp-element-button\" href=\"\/2025\/programme-des-films-2025\/film-nouvelle-zelande\/\">S\u00e9ance pr\u00e9c\u00e9dente<\/a><\/div>\n\n\n\n<div class=\"wp-block-button is-style-outline is-style-outline--5\"><a class=\"wp-block-button__link wp-element-button\" href=\"\/2025\/programme-des-films-2025\/film-nomadland\/\">S\u00e9ance suivante<\/a><\/div>\n<\/div>\n\n\n\n<div class=\"wp-block-buttons is-content-justification-center is-layout-flex wp-container-core-buttons-is-layout-98935462 wp-block-buttons-is-layout-flex\" style=\"margin-top:var(--wp--preset--spacing--10);margin-bottom:var(--wp--preset--spacing--10)\">\n<div class=\"wp-block-button\"><a class=\"wp-block-button__link wp-element-button\" href=\"\/2025\/programme-des-films-2025\/\">Retour au programme des films<\/a><\/div>\n<\/div>\n","protected":false},"excerpt":{"rendered":"<p>En 2022, j\u2019ai relev\u00e9 un d\u00e9fi qui symbolise ma r\u00e9silience et m\u2019a fait d\u00e9couvrir ma force de caract\u00e8re. Tout a commenc\u00e9 par une remarque de ma s\u0153ur Sandrine, qui m\u2019a dit un jour&nbsp;: \u00ab&nbsp;Avec tous les kilom\u00e8tres que tu fais chaque semaine, tu pourrais venir jusqu\u2019\u00e0 Toulouse.&nbsp;\u00bb Ces mots ont r\u00e9sonn\u00e9 en moi et m\u2019ont [&hellip;]<\/p>\n","protected":false},"author":1,"featured_media":0,"parent":944,"menu_order":5,"comment_status":"closed","ping_status":"closed","template":"page-no-title","meta":{"footnotes":""},"class_list":["post-182","page","type-page","status-publish","hentry"],"yoast_head":"<!-- This site is optimized with the Yoast SEO plugin v27.4 - https:\/\/yoast.com\/product\/yoast-seo-wordpress\/ -->\n<title>Film qu&#039;est ce qui t&#039;en emp\u00eache<\/title>\n<meta name=\"description\" content=\"Le film &quot;Qu&#039;est-ce qui t&#039;en emp\u00eache&quot; raconte le voyage de 700km en handbike de St\u00e9phane, du Mans jusqu&#039;\u00e0 Toulouse.\" \/>\n<meta name=\"robots\" content=\"index, follow, max-snippet:-1, max-image-preview:large, max-video-preview:-1\" \/>\n<link rel=\"canonical\" href=\"https:\/\/festival.cyclo-camping.international\/2025\/programme-des-films-2025\/film-qu-est-ce-qui-t-en-empeche\/\" \/>\n<meta property=\"og:locale\" content=\"fr_FR\" \/>\n<meta property=\"og:type\" content=\"article\" \/>\n<meta property=\"og:title\" content=\"Film qu&#039;est ce qui t&#039;en emp\u00eache\" \/>\n<meta property=\"og:description\" content=\"Le film &quot;Qu&#039;est-ce qui t&#039;en emp\u00eache&quot; raconte le voyage de 700km en handbike de St\u00e9phane, du Mans jusqu&#039;\u00e0 Toulouse.\" \/>\n<meta property=\"og:url\" content=\"https:\/\/festival.cyclo-camping.international\/2025\/programme-des-films-2025\/film-qu-est-ce-qui-t-en-empeche\/\" \/>\n<meta property=\"og:site_name\" content=\"38e Festival International du Voyage \u00e0 V\u00e9lo\" \/>\n<meta property=\"article:modified_time\" content=\"2024-12-21T23:16:37+00:00\" \/>\n<meta property=\"og:image\" content=\"https:\/\/festival.cyclo-camping.international\/2025\/wp-content\/uploads\/sites\/3\/2024\/01\/Razat-e1734818941860.png\" \/>\n<meta name=\"twitter:card\" content=\"summary_large_image\" \/>\n<meta name=\"twitter:label1\" content=\"Dur\u00e9e de lecture estim\u00e9e\" \/>\n\t<meta name=\"twitter:data1\" content=\"7 minutes\" \/>\n<script type=\"application\/ld+json\" class=\"yoast-schema-graph\">{\"@context\":\"https:\\\/\\\/schema.org\",\"@graph\":[{\"@type\":\"WebPage\",\"@id\":\"https:\\\/\\\/festival.cyclo-camping.international\\\/2025\\\/programme-des-films-2025\\\/film-qu-est-ce-qui-t-en-empeche\\\/\",\"url\":\"https:\\\/\\\/festival.cyclo-camping.international\\\/2025\\\/programme-des-films-2025\\\/film-qu-est-ce-qui-t-en-empeche\\\/\",\"name\":\"Film qu'est ce qui t'en emp\u00eache\",\"isPartOf\":{\"@id\":\"https:\\\/\\\/festival.cyclo-camping.international\\\/2025\\\/#website\"},\"primaryImageOfPage\":{\"@id\":\"https:\\\/\\\/festival.cyclo-camping.international\\\/2025\\\/programme-des-films-2025\\\/film-qu-est-ce-qui-t-en-empeche\\\/#primaryimage\"},\"image\":{\"@id\":\"https:\\\/\\\/festival.cyclo-camping.international\\\/2025\\\/programme-des-films-2025\\\/film-qu-est-ce-qui-t-en-empeche\\\/#primaryimage\"},\"thumbnailUrl\":\"https:\\\/\\\/festival.cyclo-camping.international\\\/2025\\\/wp-content\\\/uploads\\\/sites\\\/3\\\/2024\\\/01\\\/Razat-e1734818941860.png\",\"datePublished\":\"2023-12-31T14:12:59+00:00\",\"dateModified\":\"2024-12-21T23:16:37+00:00\",\"description\":\"Le film \\\"Qu'est-ce qui t'en emp\u00eache\\\" raconte le voyage de 700km en handbike de St\u00e9phane, du Mans jusqu'\u00e0 Toulouse.\",\"breadcrumb\":{\"@id\":\"https:\\\/\\\/festival.cyclo-camping.international\\\/2025\\\/programme-des-films-2025\\\/film-qu-est-ce-qui-t-en-empeche\\\/#breadcrumb\"},\"inLanguage\":\"fr-FR\",\"potentialAction\":[{\"@type\":\"ReadAction\",\"target\":[\"https:\\\/\\\/festival.cyclo-camping.international\\\/2025\\\/programme-des-films-2025\\\/film-qu-est-ce-qui-t-en-empeche\\\/\"]}]},{\"@type\":\"ImageObject\",\"inLanguage\":\"fr-FR\",\"@id\":\"https:\\\/\\\/festival.cyclo-camping.international\\\/2025\\\/programme-des-films-2025\\\/film-qu-est-ce-qui-t-en-empeche\\\/#primaryimage\",\"url\":\"https:\\\/\\\/festival.cyclo-camping.international\\\/2025\\\/wp-content\\\/uploads\\\/sites\\\/3\\\/2024\\\/01\\\/Razat-e1734818941860.png\",\"contentUrl\":\"https:\\\/\\\/festival.cyclo-camping.international\\\/2025\\\/wp-content\\\/uploads\\\/sites\\\/3\\\/2024\\\/01\\\/Razat-e1734818941860.png\",\"width\":583,\"height\":335},{\"@type\":\"BreadcrumbList\",\"@id\":\"https:\\\/\\\/festival.cyclo-camping.international\\\/2025\\\/programme-des-films-2025\\\/film-qu-est-ce-qui-t-en-empeche\\\/#breadcrumb\",\"itemListElement\":[{\"@type\":\"ListItem\",\"position\":1,\"name\":\"Accueil\",\"item\":\"https:\\\/\\\/festival.cyclo-camping.international\\\/2025\\\/\"},{\"@type\":\"ListItem\",\"position\":2,\"name\":\"Programme des films en 2025\",\"item\":\"https:\\\/\\\/festival.cyclo-camping.international\\\/2025\\\/programme-des-films-2025\\\/\"},{\"@type\":\"ListItem\",\"position\":3,\"name\":\"Qu\u2019est-ce qui t\u2019en emp\u00e8che\u00a0?\"}]},{\"@type\":\"WebSite\",\"@id\":\"https:\\\/\\\/festival.cyclo-camping.international\\\/2025\\\/#website\",\"url\":\"https:\\\/\\\/festival.cyclo-camping.international\\\/2025\\\/\",\"name\":\"38e Festival International du Voyage \u00e0 V\u00e9lo\",\"description\":\"\",\"publisher\":{\"@id\":\"https:\\\/\\\/festival.cyclo-camping.international\\\/2025\\\/#organization\"},\"potentialAction\":[{\"@type\":\"SearchAction\",\"target\":{\"@type\":\"EntryPoint\",\"urlTemplate\":\"https:\\\/\\\/festival.cyclo-camping.international\\\/2025\\\/?s={search_term_string}\"},\"query-input\":{\"@type\":\"PropertyValueSpecification\",\"valueRequired\":true,\"valueName\":\"search_term_string\"}}],\"inLanguage\":\"fr-FR\"},{\"@type\":\"Organization\",\"@id\":\"https:\\\/\\\/festival.cyclo-camping.international\\\/2025\\\/#organization\",\"name\":\"38e Festival International du Voyage \u00e0 V\u00e9lo\",\"url\":\"https:\\\/\\\/festival.cyclo-camping.international\\\/2025\\\/\",\"logo\":{\"@type\":\"ImageObject\",\"inLanguage\":\"fr-FR\",\"@id\":\"https:\\\/\\\/festival.cyclo-camping.international\\\/2025\\\/#\\\/schema\\\/logo\\\/image\\\/\",\"url\":\"https:\\\/\\\/festival.cyclo-camping.international\\\/2025\\\/wp-content\\\/uploads\\\/sites\\\/3\\\/2023\\\/12\\\/logo_cci_petit.png\",\"contentUrl\":\"https:\\\/\\\/festival.cyclo-camping.international\\\/2025\\\/wp-content\\\/uploads\\\/sites\\\/3\\\/2023\\\/12\\\/logo_cci_petit.png\",\"width\":264,\"height\":113,\"caption\":\"38e Festival International du Voyage \u00e0 V\u00e9lo\"},\"image\":{\"@id\":\"https:\\\/\\\/festival.cyclo-camping.international\\\/2025\\\/#\\\/schema\\\/logo\\\/image\\\/\"}}]}<\/script>\n<!-- \/ Yoast SEO plugin. -->","yoast_head_json":{"title":"Film qu'est ce qui t'en emp\u00eache","description":"Le film \"Qu'est-ce qui t'en emp\u00eache\" raconte le voyage de 700km en handbike de St\u00e9phane, du Mans jusqu'\u00e0 Toulouse.","robots":{"index":"index","follow":"follow","max-snippet":"max-snippet:-1","max-image-preview":"max-image-preview:large","max-video-preview":"max-video-preview:-1"},"canonical":"https:\/\/festival.cyclo-camping.international\/2025\/programme-des-films-2025\/film-qu-est-ce-qui-t-en-empeche\/","og_locale":"fr_FR","og_type":"article","og_title":"Film qu'est ce qui t'en emp\u00eache","og_description":"Le film \"Qu'est-ce qui t'en emp\u00eache\" raconte le voyage de 700km en handbike de St\u00e9phane, du Mans jusqu'\u00e0 Toulouse.","og_url":"https:\/\/festival.cyclo-camping.international\/2025\/programme-des-films-2025\/film-qu-est-ce-qui-t-en-empeche\/","og_site_name":"38e Festival International du Voyage \u00e0 V\u00e9lo","article_modified_time":"2024-12-21T23:16:37+00:00","og_image":[{"url":"https:\/\/festival.cyclo-camping.international\/2025\/wp-content\/uploads\/sites\/3\/2024\/01\/Razat-e1734818941860.png","type":"","width":"","height":""}],"twitter_card":"summary_large_image","twitter_misc":{"Dur\u00e9e de lecture estim\u00e9e":"7 minutes"},"schema":{"@context":"https:\/\/schema.org","@graph":[{"@type":"WebPage","@id":"https:\/\/festival.cyclo-camping.international\/2025\/programme-des-films-2025\/film-qu-est-ce-qui-t-en-empeche\/","url":"https:\/\/festival.cyclo-camping.international\/2025\/programme-des-films-2025\/film-qu-est-ce-qui-t-en-empeche\/","name":"Film qu'est ce qui t'en emp\u00eache","isPartOf":{"@id":"https:\/\/festival.cyclo-camping.international\/2025\/#website"},"primaryImageOfPage":{"@id":"https:\/\/festival.cyclo-camping.international\/2025\/programme-des-films-2025\/film-qu-est-ce-qui-t-en-empeche\/#primaryimage"},"image":{"@id":"https:\/\/festival.cyclo-camping.international\/2025\/programme-des-films-2025\/film-qu-est-ce-qui-t-en-empeche\/#primaryimage"},"thumbnailUrl":"https:\/\/festival.cyclo-camping.international\/2025\/wp-content\/uploads\/sites\/3\/2024\/01\/Razat-e1734818941860.png","datePublished":"2023-12-31T14:12:59+00:00","dateModified":"2024-12-21T23:16:37+00:00","description":"Le film \"Qu'est-ce qui t'en emp\u00eache\" raconte le voyage de 700km en handbike de St\u00e9phane, du Mans jusqu'\u00e0 Toulouse.","breadcrumb":{"@id":"https:\/\/festival.cyclo-camping.international\/2025\/programme-des-films-2025\/film-qu-est-ce-qui-t-en-empeche\/#breadcrumb"},"inLanguage":"fr-FR","potentialAction":[{"@type":"ReadAction","target":["https:\/\/festival.cyclo-camping.international\/2025\/programme-des-films-2025\/film-qu-est-ce-qui-t-en-empeche\/"]}]},{"@type":"ImageObject","inLanguage":"fr-FR","@id":"https:\/\/festival.cyclo-camping.international\/2025\/programme-des-films-2025\/film-qu-est-ce-qui-t-en-empeche\/#primaryimage","url":"https:\/\/festival.cyclo-camping.international\/2025\/wp-content\/uploads\/sites\/3\/2024\/01\/Razat-e1734818941860.png","contentUrl":"https:\/\/festival.cyclo-camping.international\/2025\/wp-content\/uploads\/sites\/3\/2024\/01\/Razat-e1734818941860.png","width":583,"height":335},{"@type":"BreadcrumbList","@id":"https:\/\/festival.cyclo-camping.international\/2025\/programme-des-films-2025\/film-qu-est-ce-qui-t-en-empeche\/#breadcrumb","itemListElement":[{"@type":"ListItem","position":1,"name":"Accueil","item":"https:\/\/festival.cyclo-camping.international\/2025\/"},{"@type":"ListItem","position":2,"name":"Programme des films en 2025","item":"https:\/\/festival.cyclo-camping.international\/2025\/programme-des-films-2025\/"},{"@type":"ListItem","position":3,"name":"Qu\u2019est-ce qui t\u2019en emp\u00e8che\u00a0?"}]},{"@type":"WebSite","@id":"https:\/\/festival.cyclo-camping.international\/2025\/#website","url":"https:\/\/festival.cyclo-camping.international\/2025\/","name":"38e Festival International du Voyage \u00e0 V\u00e9lo","description":"","publisher":{"@id":"https:\/\/festival.cyclo-camping.international\/2025\/#organization"},"potentialAction":[{"@type":"SearchAction","target":{"@type":"EntryPoint","urlTemplate":"https:\/\/festival.cyclo-camping.international\/2025\/?s={search_term_string}"},"query-input":{"@type":"PropertyValueSpecification","valueRequired":true,"valueName":"search_term_string"}}],"inLanguage":"fr-FR"},{"@type":"Organization","@id":"https:\/\/festival.cyclo-camping.international\/2025\/#organization","name":"38e Festival International du Voyage \u00e0 V\u00e9lo","url":"https:\/\/festival.cyclo-camping.international\/2025\/","logo":{"@type":"ImageObject","inLanguage":"fr-FR","@id":"https:\/\/festival.cyclo-camping.international\/2025\/#\/schema\/logo\/image\/","url":"https:\/\/festival.cyclo-camping.international\/2025\/wp-content\/uploads\/sites\/3\/2023\/12\/logo_cci_petit.png","contentUrl":"https:\/\/festival.cyclo-camping.international\/2025\/wp-content\/uploads\/sites\/3\/2023\/12\/logo_cci_petit.png","width":264,"height":113,"caption":"38e Festival International du Voyage \u00e0 V\u00e9lo"},"image":{"@id":"https:\/\/festival.cyclo-camping.international\/2025\/#\/schema\/logo\/image\/"}}]}},"_links":{"self":[{"href":"https:\/\/festival.cyclo-camping.international\/2025\/wp-json\/wp\/v2\/pages\/182","targetHints":{"allow":["GET"]}}],"collection":[{"href":"https:\/\/festival.cyclo-camping.international\/2025\/wp-json\/wp\/v2\/pages"}],"about":[{"href":"https:\/\/festival.cyclo-camping.international\/2025\/wp-json\/wp\/v2\/types\/page"}],"author":[{"embeddable":true,"href":"https:\/\/festival.cyclo-camping.international\/2025\/wp-json\/wp\/v2\/users\/1"}],"replies":[{"embeddable":true,"href":"https:\/\/festival.cyclo-camping.international\/2025\/wp-json\/wp\/v2\/comments?post=182"}],"version-history":[{"count":12,"href":"https:\/\/festival.cyclo-camping.international\/2025\/wp-json\/wp\/v2\/pages\/182\/revisions"}],"predecessor-version":[{"id":3283,"href":"https:\/\/festival.cyclo-camping.international\/2025\/wp-json\/wp\/v2\/pages\/182\/revisions\/3283"}],"up":[{"embeddable":true,"href":"https:\/\/festival.cyclo-camping.international\/2025\/wp-json\/wp\/v2\/pages\/944"}],"wp:attachment":[{"href":"https:\/\/festival.cyclo-camping.international\/2025\/wp-json\/wp\/v2\/media?parent=182"}],"curies":[{"name":"wp","href":"https:\/\/api.w.org\/{rel}","templated":true}]}}