{"id":90,"date":"2023-12-26T20:43:55","date_gmt":"2023-12-26T19:43:55","guid":{"rendered":"https:\/\/festival.cyclo-camping.international\/?page_id=90"},"modified":"2023-12-26T20:43:55","modified_gmt":"2023-12-26T19:43:55","slug":"infos-pratiques-festival-voyage-velo","status":"publish","type":"page","link":"https:\/\/festival.cyclo-camping.international\/2024\/infos-pratiques-festival-voyage-velo\/","title":{"rendered":"Infos pratiques"},"content":{"rendered":"\n<h2 class=\"wp-block-heading has-text-align-center\">Pr\u00e9parez votre venue ! <\/h2>\n\n\n\n<p>Vous trouverez ici toutes les infos pratiques pour pr\u00e9parer votre venue au Festival international du voyage \u00e0 v\u00e9lo 2024, au Mans.<\/p>\n\n\n\n<h3 class=\"wp-block-heading\">Dates et horaires<\/h3>\n\n\n\n<p>En 2024, le festival aura lieu le week-end des <strong>24 et 25 f\u00e9vrier<\/strong>.<\/p>\n\n\n\n<ul class=\"wp-block-list\">\n<li>le samedi de 10h \u00e0 22h<\/li>\n\n\n\n<li>le dimanche de 10h \u00e0 19h<\/li>\n<\/ul>\n\n\n\n<div style=\"height:7px\" aria-hidden=\"true\" class=\"wp-block-spacer\"><\/div>\n\n\n\n<hr class=\"wp-block-separator has-alpha-channel-opacity is-style-wide is-style-wide--1\" style=\"margin-top:var(--wp--preset--spacing--30);margin-bottom:var(--wp--preset--spacing--30)\" \/>\n\n\n\n<div style=\"height:7px\" aria-hidden=\"true\" class=\"wp-block-spacer\"><\/div>\n\n\n\n<h3 class=\"wp-block-heading\">Lieu<\/h3>\n\n\n\n<p>Le festival est accueilli cette ann\u00e9e par la ville du Mans.<\/p>\n\n\n\n<div class=\"wp-block-columns is-layout-flex wp-container-core-columns-is-layout-28f84493 wp-block-columns-is-layout-flex\">\n<div class=\"wp-block-column is-layout-flow wp-block-column-is-layout-flow\" style=\"flex-basis:25%\"><\/div>\n\n\n\n<div class=\"wp-block-column is-layout-flow wp-block-column-is-layout-flow\" style=\"flex-basis:50%\">\n<p class=\"has-text-align-center\"><a href=\"https:\/\/www.lemans-congres.com\/decouvrir-le-lieu\/\" target=\"_blank\" rel=\"noreferrer noopener\">Palais des Congr\u00e8s et la Culture<\/a>&nbsp;<br \/>rue d&rsquo;Arcole <br \/>72100 Le Mans<\/p>\n<\/div>\n\n\n\n<div class=\"wp-block-column is-layout-flow wp-block-column-is-layout-flow\" style=\"flex-basis:25%\"><\/div>\n<\/div>\n\n\n\n<p>L&rsquo;<strong>auditorium A<\/strong> et l&rsquo;<strong>amphi B<\/strong> accueilleront les projections de films. Les <strong>salles 3 et 4 <\/strong>accueilleront les rencontres et d\u00e9bats. Le b\u00e2timent <strong>C\u00e9noman<\/strong> accueillera les stands d&rsquo;expo et la restauration.<\/p>\n\n\n\n<p><em>Tous les lieux sont accessible aux personnes \u00e0 mobilit\u00e9 r\u00e9duite.<\/em><\/p>\n\n\n\n<p class=\"has-text-align-left\" style=\"font-size:0.8rem;letter-spacing:0.0625rem;text-transform:uppercase\"><strong>En savoir plus sur le lieu<\/strong><\/p>\n\n\n\n<p><a href=\"https:\/\/www.lemans-congres.com\/decouvrir-le-lieu\/\" target=\"_blank\" rel=\"noreferrer noopener\">https:\/\/www.lemans-congres.com\/decouvrir-le-lieu\/<\/a><\/p>\n\n\n\n<div style=\"height:7px\" aria-hidden=\"true\" class=\"wp-block-spacer\"><\/div>\n\n\n\n<hr class=\"wp-block-separator has-alpha-channel-opacity is-style-wide is-style-wide--2\" style=\"margin-top:var(--wp--preset--spacing--30);margin-bottom:var(--wp--preset--spacing--30)\" \/>\n\n\n\n<div style=\"height:7px\" aria-hidden=\"true\" class=\"wp-block-spacer\"><\/div>\n\n\n\n<h3 class=\"wp-block-heading\">Tarifs<\/h3>\n\n\n\n<p>Les activit\u00e9s propos\u00e9e lors du festival sont majoritairement gratuites et en acc\u00e8s libre <strong>pour tous<\/strong>. <\/p>\n\n\n\n<h4 class=\"wp-block-heading\" style=\"font-size:clamp(14.642px, 0.915rem + ((1vw - 3.2px) * 0.766), 22px);\"><strong>Gratuit et en acc\u00e8s libre :<\/strong><\/h4>\n\n\n\n<ul class=\"wp-block-list\">\n<li>D\u00e9bats <\/li>\n\n\n\n<li>Rencontres Cyclo-Pays <\/li>\n\n\n\n<li>Stands d&rsquo;exposition  <\/li>\n<\/ul>\n\n\n\n<h4 class=\"wp-block-heading\" style=\"font-size:clamp(14.642px, 0.915rem + ((1vw - 3.2px) * 0.766), 22px);\"><strong>Gratuit sur r\u00e9servation <\/strong>:<\/h4>\n\n\n\n<ul class=\"wp-block-list\">\n<li>Le Festival des enfants<strong> <\/strong><\/li>\n\n\n\n<li>Ateliers pratiques<\/li>\n<\/ul>\n\n\n\n<p class=\"has-custom-couleur-1-background-color has-background has-small-font-size\" style=\"margin-top:var(--wp--preset--spacing--10);margin-bottom:2rem;padding-top:0.3rem;padding-right:0rem;padding-bottom:0.5rem;padding-left:0.6rem\">Pour ces activit\u00e9s, en raison du nombre restreint de&nbsp;participants, il&nbsp;faut <strong>s&rsquo;inscrire sur place au&nbsp;stand CCI <\/strong>(dans le b\u00e2timent&nbsp;C\u00e9noman). <\/p>\n\n\n\n<div class=\"wp-block-buttons is-layout-flex wp-block-buttons-is-layout-flex\">\n<div class=\"wp-block-button is-style-outline is-style-outline--3\"><a class=\"wp-block-button__link wp-element-button\">Voir le programme des activit\u00e9s<\/a><\/div>\n<\/div>\n\n\n\n<h4 class=\"wp-block-heading\" style=\"font-size:clamp(14.642px, 0.915rem + ((1vw - 3.2px) * 0.766), 22px);\"><strong>Payant :<\/strong><\/h4>\n\n\n\n<p>Seules les projections de films sont payantes.<\/p>\n\n\n\n<ul class=\"wp-block-list\" style=\"padding-bottom:0;line-height:1.6\">\n<li class=\"has-medium-font-size\"><strong>Tarif plein \u00e0 6 \u20ac la s\u00e9ance <\/strong><\/li>\n\n\n\n<li class=\"has-medium-font-size\"><strong>Tarif r\u00e9duit \u00e0 5 \u20ac la s\u00e9ance <\/strong>\n<ul style=\"margin-top:0;margin-bottom:0\" class=\"is-style-default has-small-font-size wp-block-list\">\n<li>Adh\u00e9rents CCI, <\/li>\n\n\n\n<li>Moins de 25 ans, <\/li>\n\n\n\n<li>Demandeurs d\u2019emploi <\/li>\n\n\n\n<li>Membres des associations : <a href=\"https:\/\/ffvelo.fr\/\" target=\"_blank\" rel=\"noreferrer noopener\">FFV\u00e9lo<\/a>, <a href=\"https:\/\/www.af3v.org\/\" target=\"_blank\" rel=\"noreferrer noopener\">AF3V<\/a>, <a href=\"https:\/\/eurovelo3.fr\/\" target=\"_blank\" rel=\"noreferrer noopener\">CyclotransEurope<\/a> et <a href=\"https:\/\/cyclamaine.fr\/\" target=\"_blank\" rel=\"noreferrer noopener\">Cyclamaine<\/a><\/li>\n<\/ul>\n<\/li>\n\n\n\n<li class=\"has-medium-font-size\"><strong>Gratuit\u00e9 pour les moins de 12 ans.<\/strong><\/li>\n<\/ul>\n\n\n\n<div class=\"wp-block-buttons is-layout-flex wp-block-buttons-is-layout-flex\">\n<div class=\"wp-block-button is-style-outline is-style-outline--4\"><a class=\"wp-block-button__link wp-element-button\" href=\"https:\/\/festival.cyclo-camping.international\/2024\/programme-des-films-2024\/\">Voir le programme des films<\/a><\/div>\n\n\n\n<div class=\"wp-block-button\"><a class=\"wp-block-button__link wp-element-button\" href=\"https:\/\/festival.cyclo-camping.international\/2024\/billetterie\/\">Acheter des billets<\/a><\/div>\n<\/div>\n\n\n\n<div style=\"height:7px\" aria-hidden=\"true\" class=\"wp-block-spacer\"><\/div>\n\n\n\n<hr class=\"wp-block-separator has-alpha-channel-opacity is-style-wide is-style-wide--5\" style=\"margin-top:var(--wp--preset--spacing--30);margin-bottom:var(--wp--preset--spacing--30)\" \/>\n\n\n\n<div style=\"height:7px\" aria-hidden=\"true\" class=\"wp-block-spacer\"><\/div>\n\n\n\n<h3 class=\"wp-block-heading\">Transports<\/h3>\n\n\n\n<h4 class=\"wp-block-heading\" style=\"font-size:clamp(14.642px, 0.915rem + ((1vw - 3.2px) * 0.766), 22px);\">Venir en train<\/h4>\n\n\n\n<div class=\"wp-block-columns is-layout-flex wp-container-core-columns-is-layout-28f84493 wp-block-columns-is-layout-flex\">\n<div class=\"wp-block-column is-layout-flow wp-block-column-is-layout-flow\" style=\"flex-basis:50%\">\n<figure class=\"wp-block-image size-full\"><a href=\"https:\/\/direkt.bahn.guru\/?origin=8700435\" target=\"_blank\" rel=\"noreferrer noopener\"><img loading=\"lazy\" decoding=\"async\" width=\"445\" height=\"440\" src=\"https:\/\/festival.cyclo-camping.international\/wp-content\/uploads\/2023\/12\/Gares-reliant-Le-Mans.jpg\" alt=\"\" class=\"wp-image-117\" srcset=\"https:\/\/festival.cyclo-camping.international\/2024\/wp-content\/uploads\/sites\/2\/2023\/12\/Gares-reliant-Le-Mans.jpg 445w, https:\/\/festival.cyclo-camping.international\/2024\/wp-content\/uploads\/sites\/2\/2023\/12\/Gares-reliant-Le-Mans-300x297.jpg 300w\" sizes=\"auto, (max-width: 445px) 100vw, 445px\" \/><\/a><\/figure>\n<\/div>\n\n\n\n<div class=\"wp-block-column is-layout-flow wp-block-column-is-layout-flow\" style=\"flex-basis:50%\">\n<ul class=\"wp-block-list\">\n<li>depuis Lyon : 3h<\/li>\n\n\n\n<li>depuis Lille : 2h38<\/li>\n\n\n\n<li>depuis Nantes : 1h17<\/li>\n\n\n\n<li>depuis Chartres : 59 min<\/li>\n\n\n\n<li>depuis Tours : 59 min<\/li>\n\n\n\n<li>depuis Paris : 55 min<\/li>\n\n\n\n<li>depuis Rennes : 45 min<\/li>\n\n\n\n<li>depuis Angers : 36 min<\/li>\n\n\n\n<li>depuis Alen\u00e7on : 30 min<\/li>\n\n\n\n<li>depuis Laval : 28 min<\/li>\n<\/ul>\n<\/div>\n<\/div>\n\n\n\n<div style=\"height:7px\" aria-hidden=\"true\" class=\"wp-block-spacer\"><\/div>\n\n\n\n<p><strong>Depuis la gare SNCF <em>Gare Nord<\/em>, <\/strong>monter l\u2019avenue G\u00e9n\u00e9ral Leclerc en face sur 150&nbsp;m, tourner \u00e0 gauche sur rue de la pelouse et suivez la sur 350&nbsp;m et vous arriverez face \u00e0 la maison des associations, le Palais des congr\u00e8s est derri\u00e8re.<\/p>\n\n\n\n<figure data-wp-context=\"{&quot;imageId&quot;:&quot;69f810140d2b4&quot;}\" data-wp-interactive=\"core\/image\" data-wp-key=\"69f810140d2b4\" class=\"wp-block-image size-full wp-lightbox-container\"><img loading=\"lazy\" decoding=\"async\" width=\"544\" height=\"817\" data-wp-class--hide=\"state.isContentHidden\" data-wp-class--show=\"state.isContentVisible\" data-wp-init=\"callbacks.setButtonStyles\" data-wp-on--click=\"actions.showLightbox\" data-wp-on--load=\"callbacks.setButtonStyles\" data-wp-on-window--resize=\"callbacks.setButtonStyles\" src=\"https:\/\/festival.cyclo-camping.international\/wp-content\/uploads\/2024\/01\/plan_Le_Mans_1.jpg\" alt=\"Plan du trajet entre la gare et le Palais des Congr\u00e8s.\" class=\"wp-image-497\" srcset=\"https:\/\/festival.cyclo-camping.international\/2024\/wp-content\/uploads\/sites\/2\/2024\/01\/plan_Le_Mans_1.jpg 544w, https:\/\/festival.cyclo-camping.international\/2024\/wp-content\/uploads\/sites\/2\/2024\/01\/plan_Le_Mans_1-200x300.jpg 200w\" sizes=\"auto, (max-width: 544px) 100vw, 544px\" \/><button\n\t\t\tclass=\"lightbox-trigger\"\n\t\t\ttype=\"button\"\n\t\t\taria-haspopup=\"dialog\"\n\t\t\taria-label=\"Agrandir\"\n\t\t\tdata-wp-init=\"callbacks.initTriggerButton\"\n\t\t\tdata-wp-on--click=\"actions.showLightbox\"\n\t\t\tdata-wp-style--right=\"state.imageButtonRight\"\n\t\t\tdata-wp-style--top=\"state.imageButtonTop\"\n\t\t>\n\t\t\t<svg xmlns=\"http:\/\/www.w3.org\/2000\/svg\" width=\"12\" height=\"12\" fill=\"none\" viewBox=\"0 0 12 12\">\n\t\t\t\t<path fill=\"#fff\" d=\"M2 0a2 2 0 0 0-2 2v2h1.5V2a.5.5 0 0 1 .5-.5h2V0H2Zm2 10.5H2a.5.5 0 0 1-.5-.5V8H0v2a2 2 0 0 0 2 2h2v-1.5ZM8 12v-1.5h2a.5.5 0 0 0 .5-.5V8H12v2a2 2 0 0 1-2 2H8Zm2-12a2 2 0 0 1 2 2v2h-1.5V2a.5.5 0 0 0-.5-.5H8V0h2Z\" \/>\n\t\t\t<\/svg>\n\t\t<\/button><\/figure>\n\n\n\n<div style=\"height:7px\" aria-hidden=\"true\" class=\"wp-block-spacer\"><\/div>\n\n\n\n<h4 class=\"wp-block-heading\" style=\"font-size:clamp(14.642px, 0.915rem + ((1vw - 3.2px) * 0.766), 22px);\">Venir en voiture<\/h4>\n\n\n\n<p><strong>Pour stationner sa voiture <strong>\u00e0 proximit\u00e9 du festival<\/strong>, <\/strong>vous trouverez de nombreuses places gratuites dans les petites rues autour du Palais des Congr\u00e8s et de la Culture. Le parking du Palais des Congr\u00e8s co\u00fbte 4,60&nbsp;\u20ac pour 4h le samedi et 3,40&nbsp;\u20ac le dimanche.<br \/>Vous trouverez \u00e9galement de grands parkings gratuits quai Louis Blanc, sous les remparts. Un parking pour camping-cars se trouve au m\u00eame endroit.<br \/>Le parking est gratuit en ville le dimanche.<\/p>\n\n\n\n<div style=\"height:7px\" aria-hidden=\"true\" class=\"wp-block-spacer\"><\/div>\n\n\n\n<h4 class=\"wp-block-heading\" style=\"font-size:clamp(14.642px, 0.915rem + ((1vw - 3.2px) * 0.766), 22px);\">Venir en v\u00e9lo<\/h4>\n\n\n\n<p><strong>Pour stationner son v\u00e9lo \u00e0 proximit\u00e9 du festival, <\/strong>des arceaux temporaires seront \u00e0 disposition devant le Palais des Congr\u00e8s et de la Culture.<\/p>\n\n\n\n<div style=\"height:7px\" aria-hidden=\"true\" class=\"wp-block-spacer\"><\/div>\n\n\n\n<hr class=\"wp-block-separator has-alpha-channel-opacity is-style-wide is-style-wide--6\" style=\"margin-top:var(--wp--preset--spacing--30);margin-bottom:var(--wp--preset--spacing--30)\" \/>\n\n\n\n<div style=\"height:7px\" aria-hidden=\"true\" class=\"wp-block-spacer\"><\/div>\n\n\n\n<h3 class=\"wp-block-heading\">H\u00e9bergements<\/h3>\n\n\n\n<p>Il existe de multiples h\u00f4tels autour de la gare. Le Mans poss\u00e8de un tramway qui passe \u00e0 la gare et va de l\u2019universit\u00e9 aux abords du circuit. Il y a plusieurs h\u00f4tels low  cost proches du terminal de l\u2019universit\u00e9.<\/p>\n\n\n\n<div class=\"wp-block-buttons is-layout-flex wp-block-buttons-is-layout-flex\">\n<div class=\"wp-block-button is-style-fill\"><a class=\"wp-block-button__link wp-element-button\" href=\"https:\/\/festival.cyclo-camping.international\/wp-content\/uploads\/2024\/01\/Htels.pdf\" target=\"_blank\" rel=\"noreferrer noopener\">Liste des h\u00f4tels<\/a><\/div>\n<\/div>\n\n\n\n<div style=\"height:7px\" aria-hidden=\"true\" class=\"wp-block-spacer\"><\/div>\n\n\n\n<hr class=\"wp-block-separator has-alpha-channel-opacity is-style-wide is-style-wide--7\" style=\"margin-top:var(--wp--preset--spacing--30);margin-bottom:var(--wp--preset--spacing--30)\" \/>\n\n\n\n<div style=\"height:7px\" aria-hidden=\"true\" class=\"wp-block-spacer\"><\/div>\n\n\n\n<h3 class=\"wp-block-heading\">Restauration<\/h3>\n\n\n\n<p>Il sera possible de trouver de quoi se nourrir sur le site.<\/p>\n\n\n\n<p>Nous proposerons des sandwiches (charcuterie, fromage\u2026), des salades compos\u00e9es froides (y compris v\u00e9g\u00e9tariennes), des desserts et fruits et des boissons (bi\u00e8res et jus de fruits).<\/p>\n\n\n\n<div style=\"height:7px\" aria-hidden=\"true\" class=\"wp-block-spacer\"><\/div>\n\n\n\n<hr class=\"wp-block-separator has-alpha-channel-opacity is-style-wide is-style-wide--8\" style=\"margin-top:var(--wp--preset--spacing--30);margin-bottom:var(--wp--preset--spacing--30)\" \/>\n\n\n\n<div style=\"height:7px\" aria-hidden=\"true\" class=\"wp-block-spacer\"><\/div>\n\n\n\n<h3 class=\"wp-block-heading\">Renseignements<\/h3>\n\n\n\n<div class=\"wp-block-group has-global-padding is-layout-constrained wp-container-core-group-is-layout-19e250f3 wp-block-group-is-layout-constrained\">\n<p>Pour tout renseignement d&rsquo;ordre pratique, vous pouvez nous contacter :<\/p>\n\n\n\n<p>06 95 98 42 05&nbsp;<\/p>\n\n\n\n<p><a href=\"&#109;a&#x69;l&#x74;&#111;&#x3a;&#99;&#x6f;&#110;t&#x61;c&#x74;&#64;&#x63;&#121;&#x63;&#108;&#x6f;&#45;c&#x61;m&#x70;&#105;&#x6e;&#103;&#x2e;&#105;n&#x74;e&#x72;&#110;&#x61;&#116;&#x69;&#111;&#x6e;&#97;l\">&#x63;&#x6f;&#110;t&#x61;&#x63;&#x74;&#64;c&#x79;&#x63;&#x6c;&#111;-&#x63;&#x61;&#x6d;&#112;i&#x6e;&#x67;&#x2e;&#105;n&#x74;&#x65;&#x72;&#110;a&#x74;&#x69;&#x6f;&#110;a&#x6c;<\/a>&nbsp;<\/p>\n<\/div>\n\n\n\n<div style=\"height:7px\" aria-hidden=\"true\" class=\"wp-block-spacer\"><\/div>\n\n\n\n<hr class=\"wp-block-separator has-alpha-channel-opacity is-style-wide is-style-wide--9\" style=\"margin-top:var(--wp--preset--spacing--30);margin-bottom:var(--wp--preset--spacing--30)\" \/>\n\n\n\n<div style=\"height:7px\" aria-hidden=\"true\" class=\"wp-block-spacer\"><\/div>\n\n\n\n<h3 class=\"wp-block-heading\">M\u00e9dias pr\u00e9sents au Festival<\/h3>\n\n\n\n<div class=\"wp-block-group is-nowrap is-layout-flex wp-container-core-group-is-layout-6c531013 wp-block-group-is-layout-flex\">\n<figure class=\"wp-block-image size-full\"><img loading=\"lazy\" decoding=\"async\" width=\"75\" height=\"75\" src=\"https:\/\/festival.cyclo-camping.international\/wp-content\/uploads\/2024\/01\/logo-allo-la-planete.jpg\" alt=\"\" class=\"wp-image-1442\" \/><\/figure>\n\n\n\n<h4 class=\"wp-block-heading\" style=\"font-size:clamp(14.642px, 0.915rem + ((1vw - 3.2px) * 0.766), 22px);\"><a href=\"https:\/\/www.allolaplanete.fr\/\" target=\"_blank\" rel=\"noreferrer noopener\">All\u00f4 la Plan\u00e8te,<\/a><br \/><strong>la radio voyage<\/strong><\/h4>\n\n\n\n<figure class=\"wp-block-image size-full is-resized\"><a href=\"https:\/\/www.pausevelo.com\" target=\"_blank\" rel=\"noreferrer noopener\"><img loading=\"lazy\" decoding=\"async\" width=\"650\" height=\"650\" src=\"https:\/\/festival.cyclo-camping.international\/wp-content\/uploads\/2024\/02\/Pause-Velo.jpg\" alt=\"\" class=\"wp-image-1999\" style=\"width:auto;height:80px\" srcset=\"https:\/\/festival.cyclo-camping.international\/2024\/wp-content\/uploads\/sites\/2\/2024\/02\/Pause-Velo.jpg 650w, https:\/\/festival.cyclo-camping.international\/2024\/wp-content\/uploads\/sites\/2\/2024\/02\/Pause-Velo-300x300.jpg 300w, https:\/\/festival.cyclo-camping.international\/2024\/wp-content\/uploads\/sites\/2\/2024\/02\/Pause-Velo-150x150.jpg 150w\" sizes=\"auto, (max-width: 650px) 100vw, 650px\" \/><\/a><\/figure>\n<\/div>\n\n\n\n<p>Les journalistes prom\u00e8neront leur micro pendant le Festival pour rencontrer des voyageurs et voyageuses. Interviews \u00e0 r\u00e9\u00e9couter sur le web.<\/p>\n","protected":false},"excerpt":{"rendered":"<p>Pr\u00e9parez votre venue ! Vous trouverez ici toutes les infos pratiques pour pr\u00e9parer votre venue au Festival international du voyage \u00e0 v\u00e9lo 2024, au Mans. Dates et horaires En 2024, le festival aura lieu le week-end des 24 et 25 f\u00e9vrier. Lieu Le festival est accueilli cette ann\u00e9e par la ville du Mans. Palais des [&hellip;]<\/p>\n","protected":false},"author":1,"featured_media":0,"parent":0,"menu_order":6,"comment_status":"closed","ping_status":"closed","template":"page-no-title","meta":{"footnotes":""},"class_list":["post-90","page","type-page","status-publish","hentry"],"yoast_head":"<!-- This site is optimized with the Yoast SEO plugin v27.5 - https:\/\/yoast.com\/product\/yoast-seo-wordpress\/ -->\n<title>infos pratiques festival voyage v\u00e9lo<\/title>\n<meta name=\"description\" content=\"Vous trouverez ici toutes les infos pratiques pour pr\u00e9parer votre venue au festival international du voyage \u00e0 v\u00e9lo du Mans\" \/>\n<meta name=\"robots\" content=\"index, follow, max-snippet:-1, max-image-preview:large, max-video-preview:-1\" \/>\n<link rel=\"canonical\" href=\"https:\/\/festival.cyclo-camping.international\/2024\/infos-pratiques-festival-voyage-velo\/\" \/>\n<meta property=\"og:locale\" content=\"fr_FR\" \/>\n<meta property=\"og:type\" content=\"article\" \/>\n<meta property=\"og:title\" content=\"infos pratiques festival voyage v\u00e9lo\" \/>\n<meta property=\"og:description\" content=\"Vous trouverez ici toutes les infos pratiques pour pr\u00e9parer votre venue au festival international du voyage \u00e0 v\u00e9lo du Mans\" \/>\n<meta property=\"og:url\" content=\"https:\/\/festival.cyclo-camping.international\/2024\/infos-pratiques-festival-voyage-velo\/\" \/>\n<meta property=\"og:site_name\" content=\"37e Festival international du voyage \u00e0 v\u00e9lo\" \/>\n<meta property=\"og:image\" content=\"https:\/\/festival.cyclo-camping.international\/wp-content\/uploads\/2023\/12\/Gares-reliant-Le-Mans.jpg\" \/>\n<meta name=\"twitter:card\" content=\"summary_large_image\" \/>\n<meta name=\"twitter:label1\" content=\"Dur\u00e9e de lecture estim\u00e9e\" \/>\n\t<meta name=\"twitter:data1\" content=\"4 minutes\" \/>\n<script type=\"application\/ld+json\" class=\"yoast-schema-graph\">{\"@context\":\"https:\\\/\\\/schema.org\",\"@graph\":[{\"@type\":\"WebPage\",\"@id\":\"https:\\\/\\\/festival.cyclo-camping.international\\\/2024\\\/infos-pratiques-festival-voyage-velo\\\/\",\"url\":\"https:\\\/\\\/festival.cyclo-camping.international\\\/2024\\\/infos-pratiques-festival-voyage-velo\\\/\",\"name\":\"infos pratiques festival voyage v\u00e9lo\",\"isPartOf\":{\"@id\":\"https:\\\/\\\/festival.cyclo-camping.international\\\/2024\\\/#website\"},\"primaryImageOfPage\":{\"@id\":\"https:\\\/\\\/festival.cyclo-camping.international\\\/2024\\\/infos-pratiques-festival-voyage-velo\\\/#primaryimage\"},\"image\":{\"@id\":\"https:\\\/\\\/festival.cyclo-camping.international\\\/2024\\\/infos-pratiques-festival-voyage-velo\\\/#primaryimage\"},\"thumbnailUrl\":\"https:\\\/\\\/festival.cyclo-camping.international\\\/wp-content\\\/uploads\\\/2023\\\/12\\\/Gares-reliant-Le-Mans.jpg\",\"datePublished\":\"2023-12-26T19:43:55+00:00\",\"description\":\"Vous trouverez ici toutes les infos pratiques pour pr\u00e9parer votre venue au festival international du voyage \u00e0 v\u00e9lo du Mans\",\"breadcrumb\":{\"@id\":\"https:\\\/\\\/festival.cyclo-camping.international\\\/2024\\\/infos-pratiques-festival-voyage-velo\\\/#breadcrumb\"},\"inLanguage\":\"fr-FR\",\"potentialAction\":[{\"@type\":\"ReadAction\",\"target\":[\"https:\\\/\\\/festival.cyclo-camping.international\\\/2024\\\/infos-pratiques-festival-voyage-velo\\\/\"]}]},{\"@type\":\"ImageObject\",\"inLanguage\":\"fr-FR\",\"@id\":\"https:\\\/\\\/festival.cyclo-camping.international\\\/2024\\\/infos-pratiques-festival-voyage-velo\\\/#primaryimage\",\"url\":\"https:\\\/\\\/festival.cyclo-camping.international\\\/wp-content\\\/uploads\\\/2023\\\/12\\\/Gares-reliant-Le-Mans.jpg\",\"contentUrl\":\"https:\\\/\\\/festival.cyclo-camping.international\\\/wp-content\\\/uploads\\\/2023\\\/12\\\/Gares-reliant-Le-Mans.jpg\"},{\"@type\":\"BreadcrumbList\",\"@id\":\"https:\\\/\\\/festival.cyclo-camping.international\\\/2024\\\/infos-pratiques-festival-voyage-velo\\\/#breadcrumb\",\"itemListElement\":[{\"@type\":\"ListItem\",\"position\":1,\"name\":\"Accueil\",\"item\":\"https:\\\/\\\/festival.cyclo-camping.international\\\/2024\\\/\"},{\"@type\":\"ListItem\",\"position\":2,\"name\":\"Infos pratiques\"}]},{\"@type\":\"WebSite\",\"@id\":\"https:\\\/\\\/festival.cyclo-camping.international\\\/2024\\\/#website\",\"url\":\"https:\\\/\\\/festival.cyclo-camping.international\\\/2024\\\/\",\"name\":\"37e Festival international du voyage \u00e0 v\u00e9lo\",\"description\":\"\",\"potentialAction\":[{\"@type\":\"SearchAction\",\"target\":{\"@type\":\"EntryPoint\",\"urlTemplate\":\"https:\\\/\\\/festival.cyclo-camping.international\\\/2024\\\/?s={search_term_string}\"},\"query-input\":{\"@type\":\"PropertyValueSpecification\",\"valueRequired\":true,\"valueName\":\"search_term_string\"}}],\"inLanguage\":\"fr-FR\"}]}<\/script>\n<!-- \/ Yoast SEO plugin. -->","yoast_head_json":{"title":"infos pratiques festival voyage v\u00e9lo","description":"Vous trouverez ici toutes les infos pratiques pour pr\u00e9parer votre venue au festival international du voyage \u00e0 v\u00e9lo du Mans","robots":{"index":"index","follow":"follow","max-snippet":"max-snippet:-1","max-image-preview":"max-image-preview:large","max-video-preview":"max-video-preview:-1"},"canonical":"https:\/\/festival.cyclo-camping.international\/2024\/infos-pratiques-festival-voyage-velo\/","og_locale":"fr_FR","og_type":"article","og_title":"infos pratiques festival voyage v\u00e9lo","og_description":"Vous trouverez ici toutes les infos pratiques pour pr\u00e9parer votre venue au festival international du voyage \u00e0 v\u00e9lo du Mans","og_url":"https:\/\/festival.cyclo-camping.international\/2024\/infos-pratiques-festival-voyage-velo\/","og_site_name":"37e Festival international du voyage \u00e0 v\u00e9lo","og_image":[{"url":"https:\/\/festival.cyclo-camping.international\/wp-content\/uploads\/2023\/12\/Gares-reliant-Le-Mans.jpg","type":"","width":"","height":""}],"twitter_card":"summary_large_image","twitter_misc":{"Dur\u00e9e de lecture estim\u00e9e":"4 minutes"},"schema":{"@context":"https:\/\/schema.org","@graph":[{"@type":"WebPage","@id":"https:\/\/festival.cyclo-camping.international\/2024\/infos-pratiques-festival-voyage-velo\/","url":"https:\/\/festival.cyclo-camping.international\/2024\/infos-pratiques-festival-voyage-velo\/","name":"infos pratiques festival voyage v\u00e9lo","isPartOf":{"@id":"https:\/\/festival.cyclo-camping.international\/2024\/#website"},"primaryImageOfPage":{"@id":"https:\/\/festival.cyclo-camping.international\/2024\/infos-pratiques-festival-voyage-velo\/#primaryimage"},"image":{"@id":"https:\/\/festival.cyclo-camping.international\/2024\/infos-pratiques-festival-voyage-velo\/#primaryimage"},"thumbnailUrl":"https:\/\/festival.cyclo-camping.international\/wp-content\/uploads\/2023\/12\/Gares-reliant-Le-Mans.jpg","datePublished":"2023-12-26T19:43:55+00:00","description":"Vous trouverez ici toutes les infos pratiques pour pr\u00e9parer votre venue au festival international du voyage \u00e0 v\u00e9lo du Mans","breadcrumb":{"@id":"https:\/\/festival.cyclo-camping.international\/2024\/infos-pratiques-festival-voyage-velo\/#breadcrumb"},"inLanguage":"fr-FR","potentialAction":[{"@type":"ReadAction","target":["https:\/\/festival.cyclo-camping.international\/2024\/infos-pratiques-festival-voyage-velo\/"]}]},{"@type":"ImageObject","inLanguage":"fr-FR","@id":"https:\/\/festival.cyclo-camping.international\/2024\/infos-pratiques-festival-voyage-velo\/#primaryimage","url":"https:\/\/festival.cyclo-camping.international\/wp-content\/uploads\/2023\/12\/Gares-reliant-Le-Mans.jpg","contentUrl":"https:\/\/festival.cyclo-camping.international\/wp-content\/uploads\/2023\/12\/Gares-reliant-Le-Mans.jpg"},{"@type":"BreadcrumbList","@id":"https:\/\/festival.cyclo-camping.international\/2024\/infos-pratiques-festival-voyage-velo\/#breadcrumb","itemListElement":[{"@type":"ListItem","position":1,"name":"Accueil","item":"https:\/\/festival.cyclo-camping.international\/2024\/"},{"@type":"ListItem","position":2,"name":"Infos pratiques"}]},{"@type":"WebSite","@id":"https:\/\/festival.cyclo-camping.international\/2024\/#website","url":"https:\/\/festival.cyclo-camping.international\/2024\/","name":"37e Festival international du voyage \u00e0 v\u00e9lo","description":"","potentialAction":[{"@type":"SearchAction","target":{"@type":"EntryPoint","urlTemplate":"https:\/\/festival.cyclo-camping.international\/2024\/?s={search_term_string}"},"query-input":{"@type":"PropertyValueSpecification","valueRequired":true,"valueName":"search_term_string"}}],"inLanguage":"fr-FR"}]}},"_links":{"self":[{"href":"https:\/\/festival.cyclo-camping.international\/2024\/wp-json\/wp\/v2\/pages\/90","targetHints":{"allow":["GET"]}}],"collection":[{"href":"https:\/\/festival.cyclo-camping.international\/2024\/wp-json\/wp\/v2\/pages"}],"about":[{"href":"https:\/\/festival.cyclo-camping.international\/2024\/wp-json\/wp\/v2\/types\/page"}],"author":[{"embeddable":true,"href":"https:\/\/festival.cyclo-camping.international\/2024\/wp-json\/wp\/v2\/users\/1"}],"replies":[{"embeddable":true,"href":"https:\/\/festival.cyclo-camping.international\/2024\/wp-json\/wp\/v2\/comments?post=90"}],"version-history":[{"count":0,"href":"https:\/\/festival.cyclo-camping.international\/2024\/wp-json\/wp\/v2\/pages\/90\/revisions"}],"wp:attachment":[{"href":"https:\/\/festival.cyclo-camping.international\/2024\/wp-json\/wp\/v2\/media?parent=90"}],"curies":[{"name":"wp","href":"https:\/\/api.w.org\/{rel}","templated":true}]}}