{"id":430,"date":"2024-01-07T15:06:17","date_gmt":"2024-01-07T14:06:17","guid":{"rendered":"https:\/\/festival.cyclo-camping.international\/2024\/?page_id=430"},"modified":"2024-01-07T15:06:17","modified_gmt":"2024-01-07T14:06:17","slug":"festival-des-enfants-2024","status":"publish","type":"page","link":"https:\/\/festival.cyclo-camping.international\/2024\/activites-2024\/festival-des-enfants-2024\/","title":{"rendered":"Festival des enfants"},"content":{"rendered":"\n<h2 class=\"wp-block-heading has-text-align-center\">Les enfants racontent leur&nbsp;voyage \u00e0&nbsp;v\u00e9lo aux&nbsp;enfants<\/h2>\n\n\n\n<div class=\"wp-block-group is-content-justification-center is-layout-flex wp-container-core-group-is-layout-166f567a wp-block-group-is-layout-flex\">\n<div class=\"wp-block-group has-contrast-2-color has-custom-couleur-1-background-color has-text-color has-background has-link-color has-small-font-size wp-elements-4ced3696262b696c30f698e0a3d99932 is-nowrap is-layout-flex wp-container-core-group-is-layout-701b6c09 wp-block-group-is-layout-flex\" style=\"border-radius:50px;padding-top:0.5rem;padding-right:var(--wp--preset--spacing--10);padding-bottom:0.5rem;padding-left:var(--wp--preset--spacing--10)\">\n<p class=\"has-text-align-center has-small-font-size\" style=\"padding-top:0;padding-right:0;padding-bottom:0;padding-left:0\"><strong>Samedi <\/strong><\/p>\n<\/div>\n\n\n\n<div class=\"wp-block-group has-contrast-2-color has-custom-couleur-1-background-color has-text-color has-background has-link-color has-small-font-size wp-elements-0b114cbcf73d28c33dbc6ab1f6789766 is-layout-flex wp-block-group-is-layout-flex\" style=\"border-style:none;border-width:0px;border-radius:50px;padding-top:0.5rem;padding-right:var(--wp--preset--spacing--10);padding-bottom:0.5rem;padding-left:var(--wp--preset--spacing--10)\">\n<p class=\"has-text-align-center\" style=\"padding-top:0;padding-right:0;padding-bottom:0;padding-left:0\"><strong>de 17h00 \u00e0 18h30<\/strong><\/p>\n<\/div>\n\n\n\n<div class=\"wp-block-group has-contrast-2-color has-custom-couleur-1-background-color has-text-color has-background has-link-color has-small-font-size wp-elements-066eb5139c7c634ef5de5d58498080c8 is-nowrap is-layout-flex wp-container-core-group-is-layout-701b6c09 wp-block-group-is-layout-flex\" style=\"border-radius:50px;padding-top:0.5rem;padding-right:var(--wp--preset--spacing--10);padding-bottom:0.5rem;padding-left:var(--wp--preset--spacing--10)\">\n<p class=\"is-style-default\"><strong>Salle 3<\/strong><\/p>\n<\/div>\n<\/div>\n\n\n\n<figure class=\"wp-block-image size-full\"><img loading=\"lazy\" decoding=\"async\" width=\"1000\" height=\"666\" src=\"https:\/\/festival.cyclo-camping.international\/wp-content\/uploads\/2024\/01\/web-salesses-2.jpg\" alt=\"Festival des enfants\" class=\"wp-image-431\" srcset=\"https:\/\/festival.cyclo-camping.international\/2024\/wp-content\/uploads\/sites\/2\/2024\/01\/web-salesses-2.jpg 1000w, https:\/\/festival.cyclo-camping.international\/2024\/wp-content\/uploads\/sites\/2\/2024\/01\/web-salesses-2-300x200.jpg 300w, https:\/\/festival.cyclo-camping.international\/2024\/wp-content\/uploads\/sites\/2\/2024\/01\/web-salesses-2-768x511.jpg 768w\" sizes=\"auto, (max-width: 1000px) 100vw, 1000px\" \/><\/figure>\n\n\n\n<p class=\"has-text-align-center has-base-background-color has-background has-small-font-size\" style=\"padding-top:0;padding-right:0;padding-bottom:0;padding-left:0;line-height:1.3\"><strong>Atelier r\u00e9serv\u00e9 aux enfants de&nbsp;6&nbsp;\u00e0&nbsp;14&nbsp;ans <\/strong>(en&nbsp;effectif&nbsp;restreint), <strong>gratuit sur&nbsp;inscription au&nbsp;stand&nbsp;CCI <\/strong>(espace&nbsp;C\u00e9noman) pendant&nbsp;le&nbsp;Festival.<\/p>\n\n\n\n<div class=\"wp-block-group is-vertical is-layout-flex wp-container-core-group-is-layout-3a78c621 wp-block-group-is-layout-flex\" style=\"margin-bottom:var(--wp--preset--spacing--40)\">\n<p>Sans leurs parents, avec l&rsquo;animateur, les enfants pourront raconter librement ce qu\u2019ils ont v\u00e9cu : ce qu\u2019ils ont aim\u00e9 et ce qu\u2019ils ont moins aim\u00e9, des anecdotes\u2026 et s\u2019ils ont envie de repartir ! Ceux qui partiront aux prochaines vacances diront ce qui les fait r\u00eaver. Un petit go\u00fbter servi \u00e0 tous les enfants les mettront \u00e0 l&rsquo;aise.<\/p>\n\n\n\n<div class=\"wp-block-group is-layout-flex wp-container-core-group-is-layout-8d4d7e4b wp-block-group-is-layout-flex\">\n<p class=\"has-text-align-center\" style=\"font-size:0.8rem;letter-spacing:0.0625rem;text-transform:uppercase\"><strong>Animation :<\/strong><\/p>\n\n\n\n<p class=\"has-small-font-size\">Fran\u00e7ois Pr\u00e9tot<\/p>\n<\/div>\n\n\n\n<p><strong>Bio express<\/strong>\u00a0: \u00ab papa solo \u00bb depuis une dizaine d\u2019ann\u00e9es, il part r\u00e9guli\u00e8rement pour des balades de quelques jours avec sa fille Ma\u00eblle (17ans) et ce, depuis son plus jeune \u00e2ge.<\/p>\n<\/div>\n\n\n\n<div class=\"wp-block-group has-global-padding is-layout-constrained wp-block-group-is-layout-constrained\">\n<p class=\"has-text-align-center\" style=\"font-size:0.8rem;letter-spacing:0.0625rem;text-transform:uppercase\"><strong>Autres activit\u00e9s<\/strong><\/p>\n\n\n\n<div class=\"wp-block-buttons is-content-justification-center is-layout-flex wp-container-core-buttons-is-layout-a89b3969 wp-block-buttons-is-layout-flex\">\n<div class=\"wp-block-button is-style-outline is-style-outline--1\"><a class=\"wp-block-button__link wp-element-button\" href=\"https:\/\/festival.cyclo-camping.international\/2024\/activites-2024\/debats-2024\/\">D\u00e9bats<\/a><\/div>\n\n\n\n<div class=\"wp-block-button is-style-outline is-style-outline--2\"><a class=\"wp-block-button__link wp-element-button\" href=\"https:\/\/festival.cyclo-camping.international\/2024\/activites-2024\/ateliers-pratiques-voyage-velo-2024\/\">Atelier pratiques<\/a><\/div>\n\n\n\n<div class=\"wp-block-button is-style-outline is-style-outline--3\"><a class=\"wp-block-button__link wp-element-button\" href=\"https:\/\/festival.cyclo-camping.international\/2024\/activites-2024\/rencontres-cyclo-pays-festival-velo\/\">Rencontres cyclo-pays<\/a><\/div>\n<\/div>\n<\/div>\n","protected":false},"excerpt":{"rendered":"<p>Les enfants racontent leur&nbsp;voyage \u00e0&nbsp;v\u00e9lo aux&nbsp;enfants Samedi de 17h00 \u00e0 18h30 Salle 3 Atelier r\u00e9serv\u00e9 aux enfants de&nbsp;6&nbsp;\u00e0&nbsp;14&nbsp;ans (en&nbsp;effectif&nbsp;restreint), gratuit sur&nbsp;inscription au&nbsp;stand&nbsp;CCI (espace&nbsp;C\u00e9noman) pendant&nbsp;le&nbsp;Festival. Sans leurs parents, avec l&rsquo;animateur, les enfants pourront raconter librement ce qu\u2019ils ont v\u00e9cu : ce qu\u2019ils ont aim\u00e9 et ce qu\u2019ils ont moins aim\u00e9, des anecdotes\u2026 et s\u2019ils ont envie [&hellip;]<\/p>\n","protected":false},"author":1,"featured_media":0,"parent":77,"menu_order":5,"comment_status":"closed","ping_status":"closed","template":"page-no-title","meta":{"footnotes":""},"class_list":["post-430","page","type-page","status-publish","hentry"],"yoast_head":"<!-- This site is optimized with the Yoast SEO plugin v27.4 - https:\/\/yoast.com\/product\/yoast-seo-wordpress\/ -->\n<title>festival des enfants 2024<\/title>\n<meta name=\"description\" content=\"Le festival des enfants, ce sont des enfants voyageurs \u00e0 v\u00e9lo qui raccontent leur voyage \u00e0 d&#039;autres enfants.\" \/>\n<meta name=\"robots\" content=\"index, follow, max-snippet:-1, max-image-preview:large, max-video-preview:-1\" \/>\n<link rel=\"canonical\" href=\"https:\/\/festival.cyclo-camping.international\/2024\/activites-2024\/festival-des-enfants-2024\/\" \/>\n<meta property=\"og:locale\" content=\"fr_FR\" \/>\n<meta property=\"og:type\" content=\"article\" \/>\n<meta property=\"og:title\" content=\"festival des enfants 2024\" \/>\n<meta property=\"og:description\" content=\"Le festival des enfants, ce sont des enfants voyageurs \u00e0 v\u00e9lo qui raccontent leur voyage \u00e0 d&#039;autres enfants.\" \/>\n<meta property=\"og:url\" content=\"https:\/\/festival.cyclo-camping.international\/2024\/activites-2024\/festival-des-enfants-2024\/\" \/>\n<meta property=\"og:site_name\" content=\"37e Festival international du voyage \u00e0 v\u00e9lo\" \/>\n<meta property=\"og:image\" content=\"https:\/\/festival.cyclo-camping.international\/wp-content\/uploads\/2024\/01\/web-salesses-2.jpg\" \/>\n<meta name=\"twitter:card\" content=\"summary_large_image\" \/>\n<meta name=\"twitter:label1\" content=\"Dur\u00e9e de lecture estim\u00e9e\" \/>\n\t<meta name=\"twitter:data1\" content=\"1 minute\" \/>\n<script type=\"application\/ld+json\" class=\"yoast-schema-graph\">{\"@context\":\"https:\\\/\\\/schema.org\",\"@graph\":[{\"@type\":\"WebPage\",\"@id\":\"https:\\\/\\\/festival.cyclo-camping.international\\\/2024\\\/activites-2024\\\/festival-des-enfants-2024\\\/\",\"url\":\"https:\\\/\\\/festival.cyclo-camping.international\\\/2024\\\/activites-2024\\\/festival-des-enfants-2024\\\/\",\"name\":\"festival des enfants 2024\",\"isPartOf\":{\"@id\":\"https:\\\/\\\/festival.cyclo-camping.international\\\/2024\\\/#website\"},\"primaryImageOfPage\":{\"@id\":\"https:\\\/\\\/festival.cyclo-camping.international\\\/2024\\\/activites-2024\\\/festival-des-enfants-2024\\\/#primaryimage\"},\"image\":{\"@id\":\"https:\\\/\\\/festival.cyclo-camping.international\\\/2024\\\/activites-2024\\\/festival-des-enfants-2024\\\/#primaryimage\"},\"thumbnailUrl\":\"https:\\\/\\\/festival.cyclo-camping.international\\\/wp-content\\\/uploads\\\/2024\\\/01\\\/web-salesses-2.jpg\",\"datePublished\":\"2024-01-07T14:06:17+00:00\",\"description\":\"Le festival des enfants, ce sont des enfants voyageurs \u00e0 v\u00e9lo qui raccontent leur voyage \u00e0 d'autres enfants.\",\"breadcrumb\":{\"@id\":\"https:\\\/\\\/festival.cyclo-camping.international\\\/2024\\\/activites-2024\\\/festival-des-enfants-2024\\\/#breadcrumb\"},\"inLanguage\":\"fr-FR\",\"potentialAction\":[{\"@type\":\"ReadAction\",\"target\":[\"https:\\\/\\\/festival.cyclo-camping.international\\\/2024\\\/activites-2024\\\/festival-des-enfants-2024\\\/\"]}]},{\"@type\":\"ImageObject\",\"inLanguage\":\"fr-FR\",\"@id\":\"https:\\\/\\\/festival.cyclo-camping.international\\\/2024\\\/activites-2024\\\/festival-des-enfants-2024\\\/#primaryimage\",\"url\":\"https:\\\/\\\/festival.cyclo-camping.international\\\/wp-content\\\/uploads\\\/2024\\\/01\\\/web-salesses-2.jpg\",\"contentUrl\":\"https:\\\/\\\/festival.cyclo-camping.international\\\/wp-content\\\/uploads\\\/2024\\\/01\\\/web-salesses-2.jpg\"},{\"@type\":\"BreadcrumbList\",\"@id\":\"https:\\\/\\\/festival.cyclo-camping.international\\\/2024\\\/activites-2024\\\/festival-des-enfants-2024\\\/#breadcrumb\",\"itemListElement\":[{\"@type\":\"ListItem\",\"position\":1,\"name\":\"Accueil\",\"item\":\"https:\\\/\\\/festival.cyclo-camping.international\\\/2024\\\/\"},{\"@type\":\"ListItem\",\"position\":2,\"name\":\"Activit\u00e9s\",\"item\":\"https:\\\/\\\/festival.cyclo-camping.international\\\/2024\\\/activites-2024\\\/\"},{\"@type\":\"ListItem\",\"position\":3,\"name\":\"Festival des enfants\"}]},{\"@type\":\"WebSite\",\"@id\":\"https:\\\/\\\/festival.cyclo-camping.international\\\/2024\\\/#website\",\"url\":\"https:\\\/\\\/festival.cyclo-camping.international\\\/2024\\\/\",\"name\":\"37e Festival international du voyage \u00e0 v\u00e9lo\",\"description\":\"\",\"potentialAction\":[{\"@type\":\"SearchAction\",\"target\":{\"@type\":\"EntryPoint\",\"urlTemplate\":\"https:\\\/\\\/festival.cyclo-camping.international\\\/2024\\\/?s={search_term_string}\"},\"query-input\":{\"@type\":\"PropertyValueSpecification\",\"valueRequired\":true,\"valueName\":\"search_term_string\"}}],\"inLanguage\":\"fr-FR\"}]}<\/script>\n<!-- \/ Yoast SEO plugin. -->","yoast_head_json":{"title":"festival des enfants 2024","description":"Le festival des enfants, ce sont des enfants voyageurs \u00e0 v\u00e9lo qui raccontent leur voyage \u00e0 d'autres enfants.","robots":{"index":"index","follow":"follow","max-snippet":"max-snippet:-1","max-image-preview":"max-image-preview:large","max-video-preview":"max-video-preview:-1"},"canonical":"https:\/\/festival.cyclo-camping.international\/2024\/activites-2024\/festival-des-enfants-2024\/","og_locale":"fr_FR","og_type":"article","og_title":"festival des enfants 2024","og_description":"Le festival des enfants, ce sont des enfants voyageurs \u00e0 v\u00e9lo qui raccontent leur voyage \u00e0 d'autres enfants.","og_url":"https:\/\/festival.cyclo-camping.international\/2024\/activites-2024\/festival-des-enfants-2024\/","og_site_name":"37e Festival international du voyage \u00e0 v\u00e9lo","og_image":[{"url":"https:\/\/festival.cyclo-camping.international\/wp-content\/uploads\/2024\/01\/web-salesses-2.jpg","type":"","width":"","height":""}],"twitter_card":"summary_large_image","twitter_misc":{"Dur\u00e9e de lecture estim\u00e9e":"1 minute"},"schema":{"@context":"https:\/\/schema.org","@graph":[{"@type":"WebPage","@id":"https:\/\/festival.cyclo-camping.international\/2024\/activites-2024\/festival-des-enfants-2024\/","url":"https:\/\/festival.cyclo-camping.international\/2024\/activites-2024\/festival-des-enfants-2024\/","name":"festival des enfants 2024","isPartOf":{"@id":"https:\/\/festival.cyclo-camping.international\/2024\/#website"},"primaryImageOfPage":{"@id":"https:\/\/festival.cyclo-camping.international\/2024\/activites-2024\/festival-des-enfants-2024\/#primaryimage"},"image":{"@id":"https:\/\/festival.cyclo-camping.international\/2024\/activites-2024\/festival-des-enfants-2024\/#primaryimage"},"thumbnailUrl":"https:\/\/festival.cyclo-camping.international\/wp-content\/uploads\/2024\/01\/web-salesses-2.jpg","datePublished":"2024-01-07T14:06:17+00:00","description":"Le festival des enfants, ce sont des enfants voyageurs \u00e0 v\u00e9lo qui raccontent leur voyage \u00e0 d'autres enfants.","breadcrumb":{"@id":"https:\/\/festival.cyclo-camping.international\/2024\/activites-2024\/festival-des-enfants-2024\/#breadcrumb"},"inLanguage":"fr-FR","potentialAction":[{"@type":"ReadAction","target":["https:\/\/festival.cyclo-camping.international\/2024\/activites-2024\/festival-des-enfants-2024\/"]}]},{"@type":"ImageObject","inLanguage":"fr-FR","@id":"https:\/\/festival.cyclo-camping.international\/2024\/activites-2024\/festival-des-enfants-2024\/#primaryimage","url":"https:\/\/festival.cyclo-camping.international\/wp-content\/uploads\/2024\/01\/web-salesses-2.jpg","contentUrl":"https:\/\/festival.cyclo-camping.international\/wp-content\/uploads\/2024\/01\/web-salesses-2.jpg"},{"@type":"BreadcrumbList","@id":"https:\/\/festival.cyclo-camping.international\/2024\/activites-2024\/festival-des-enfants-2024\/#breadcrumb","itemListElement":[{"@type":"ListItem","position":1,"name":"Accueil","item":"https:\/\/festival.cyclo-camping.international\/2024\/"},{"@type":"ListItem","position":2,"name":"Activit\u00e9s","item":"https:\/\/festival.cyclo-camping.international\/2024\/activites-2024\/"},{"@type":"ListItem","position":3,"name":"Festival des enfants"}]},{"@type":"WebSite","@id":"https:\/\/festival.cyclo-camping.international\/2024\/#website","url":"https:\/\/festival.cyclo-camping.international\/2024\/","name":"37e Festival international du voyage \u00e0 v\u00e9lo","description":"","potentialAction":[{"@type":"SearchAction","target":{"@type":"EntryPoint","urlTemplate":"https:\/\/festival.cyclo-camping.international\/2024\/?s={search_term_string}"},"query-input":{"@type":"PropertyValueSpecification","valueRequired":true,"valueName":"search_term_string"}}],"inLanguage":"fr-FR"}]}},"_links":{"self":[{"href":"https:\/\/festival.cyclo-camping.international\/2024\/wp-json\/wp\/v2\/pages\/430","targetHints":{"allow":["GET"]}}],"collection":[{"href":"https:\/\/festival.cyclo-camping.international\/2024\/wp-json\/wp\/v2\/pages"}],"about":[{"href":"https:\/\/festival.cyclo-camping.international\/2024\/wp-json\/wp\/v2\/types\/page"}],"author":[{"embeddable":true,"href":"https:\/\/festival.cyclo-camping.international\/2024\/wp-json\/wp\/v2\/users\/1"}],"replies":[{"embeddable":true,"href":"https:\/\/festival.cyclo-camping.international\/2024\/wp-json\/wp\/v2\/comments?post=430"}],"version-history":[{"count":0,"href":"https:\/\/festival.cyclo-camping.international\/2024\/wp-json\/wp\/v2\/pages\/430\/revisions"}],"up":[{"embeddable":true,"href":"https:\/\/festival.cyclo-camping.international\/2024\/wp-json\/wp\/v2\/pages\/77"}],"wp:attachment":[{"href":"https:\/\/festival.cyclo-camping.international\/2024\/wp-json\/wp\/v2\/media?parent=430"}],"curies":[{"name":"wp","href":"https:\/\/api.w.org\/{rel}","templated":true}]}}