{"id":259,"date":"2023-12-31T17:16:37","date_gmt":"2023-12-31T16:16:37","guid":{"rendered":"https:\/\/festival.cyclo-camping.international\/2024\/?page_id=259"},"modified":"2023-12-31T17:16:37","modified_gmt":"2023-12-31T16:16:37","slug":"le-tour-de-linde-du-sud-en-80-jours","status":"publish","type":"page","link":"https:\/\/festival.cyclo-camping.international\/2024\/programme-des-films-2024\/le-tour-de-linde-du-sud-en-80-jours\/","title":{"rendered":"Le tour de l&rsquo;Inde du Sud en 80 jours"},"content":{"rendered":"\n<div class=\"wp-block-cover alignfull wp-duotone-unset-1\" style=\"margin-top:0;padding-top:2rem;padding-right:2rem;padding-bottom:2rem;padding-left:2rem;min-height:66vh;aspect-ratio:unset;\"><span aria-hidden=\"true\" class=\"wp-block-cover__background has-background-dim-30 has-background-dim\"><\/span><img loading=\"lazy\" decoding=\"async\" width=\"1200\" height=\"675\" class=\"wp-block-cover__image-background wp-image-233\" alt=\"\" src=\"https:\/\/festival.cyclo-camping.international\/wp-content\/uploads\/2023\/12\/lancelot_web1.jpg\" data-object-fit=\"cover\" srcset=\"https:\/\/festival.cyclo-camping.international\/2024\/wp-content\/uploads\/sites\/2\/2023\/12\/lancelot_web1.jpg 1200w, https:\/\/festival.cyclo-camping.international\/2024\/wp-content\/uploads\/sites\/2\/2023\/12\/lancelot_web1-300x169.jpg 300w, https:\/\/festival.cyclo-camping.international\/2024\/wp-content\/uploads\/sites\/2\/2023\/12\/lancelot_web1-1024x576.jpg 1024w, https:\/\/festival.cyclo-camping.international\/2024\/wp-content\/uploads\/sites\/2\/2023\/12\/lancelot_web1-768x432.jpg 768w\" sizes=\"auto, (max-width: 1200px) 100vw, 1200px\" \/><div class=\"wp-block-cover__inner-container is-layout-flow wp-block-cover-is-layout-flow\">\n<div class=\"wp-block-group has-global-padding is-content-justification-center is-layout-constrained wp-container-core-group-is-layout-b3bc50f0 wp-block-group-is-layout-constrained\">\n<h1 class=\"wp-block-heading has-text-align-center has-white-color has-text-color\" style=\"font-size:clamp(28.836px, 1.802rem + ((1vw - 3.2px) * 2.205), 50px);font-style:normal;font-weight:700;letter-spacing:0px;line-height:1.1;text-transform:uppercase\">Le tour de l\u2019Inde du Sud en 80 jours<\/h1>\n\n\n\n<div class=\"wp-block-group is-vertical is-content-justification-center is-layout-flex wp-container-core-group-is-layout-df21e9f8 wp-block-group-is-layout-flex\" style=\"margin-top:0;margin-bottom:var(--wp--preset--spacing--10);padding-top:0;padding-bottom:0\">\n<h2 class=\"wp-block-heading has-text-align-center has-text-color has-link-color wp-elements-bd8adb1b4176aa5290d97e14333b447c\" style=\"color:#ffffff\">Isabelle et Pierre Lancelot<\/h2>\n\n\n\n<p class=\"has-text-align-center has-small-font-size\" style=\"line-height:1.2\">36 min<\/p>\n<\/div>\n<\/div>\n\n\n\n<div style=\"margin-top:0;margin-bottom:0;height:3rem\" aria-hidden=\"true\" class=\"wp-block-spacer\"><\/div>\n\n\n\n<div class=\"wp-block-columns are-vertically-aligned-bottom is-layout-flex wp-container-core-columns-is-layout-0111f410 wp-block-columns-is-layout-flex\" style=\"padding-right:var(--wp--preset--spacing--50);padding-left:var(--wp--preset--spacing--50)\">\n<div class=\"wp-block-column is-vertically-aligned-bottom is-layout-flow wp-block-column-is-layout-flow\" style=\"flex-basis:33.33%\"><\/div>\n\n\n\n<div class=\"wp-block-column is-vertically-aligned-bottom is-layout-flow wp-block-column-is-layout-flow\" style=\"flex-basis:33.33%\">\n<div class=\"wp-block-group has-border-color is-layout-flow wp-container-core-group-is-layout-494e086b wp-block-group-is-layout-flow\" style=\"border-color:#ffffff;border-width:1px;border-radius:600px;margin-top:0;margin-bottom:0;padding-top:0.5rem;padding-right:0.5rem;padding-bottom:0.5rem;padding-left:0.5rem\">\n<h3 class=\"wp-block-heading has-text-align-center has-text-color has-link-color has-medium-font-size wp-elements-9d8b54eca19daff0780b217960649fcd\" style=\"color:#ffffff\">S\u00e9ance 6 <\/h3>\n\n\n\n<p class=\"has-text-align-center has-small-font-size\">Dimanche \u2013 10h30 \u2013 Salle A  <\/p>\n<\/div>\n<\/div>\n\n\n\n<div class=\"wp-block-column is-vertically-aligned-bottom is-layout-flow wp-block-column-is-layout-flow\" style=\"flex-basis:33.33%\"><\/div>\n<\/div>\n<\/div><\/div>\n\n\n\n<div style=\"height:14px\" aria-hidden=\"true\" class=\"wp-block-spacer\"><\/div>\n\n\n\n<p>L&rsquo;Inde est un pays qui ne laisse pas indiff\u00e9rent, \u00e0 la fois fascinant, \u00e9tonnant et d\u00e9routant. C\u2019est ce qu\u2019ont ressenti Pierre et Isabelle en s\u2019immergeant dans les campagnes de l\u2019Inde du Sud. Ils ont eu la chance d\u2019assister \u00e0 des grandes f\u00eates comme Pongal et Holi. Dans les villes de Tiruchirappalli, Madura\u00ef ou Rameswaram, ils assistent \u00e0 l\u2019effervescence dans les grands temples. En 80 jours de voyage \u00e0 v\u00e9lo, ils ont accompli une vaste boucle depuis et jusqu\u2019\u00e0 Bangalore, en traversant le Karnataka et le Tamil Nadu jusqu\u2019\u00e0 la pointe sud de l\u2019Inde, et en remontant vers le Nord par la c\u00f4te du K\u00e9rala et ses Gh\u00e2ts o\u00f9 l\u2019on cultive le th\u00e9.<\/p>\n\n\n\n<div style=\"height:14px\" aria-hidden=\"true\" class=\"wp-block-spacer\"><\/div>\n\n\n\n<p class=\"has-text-align-left\" style=\"font-size:0.8rem;letter-spacing:0.0625rem;text-transform:uppercase\"><strong>Bio express<\/strong><\/p>\n\n\n\n<p>Pour <strong>Isabelle et Pierre Lancelot,<\/strong> le voyage \u00e0 v\u00e9lo est une longue histoire qui se raconte au travers de leurs nombreux p\u00e9riples en Turquie, en Espagne, en Am\u00e9rique latine (6 mois), en Asie du Sud-est\u2026 et en Inde. Ils voyagent aussi en famille avec leurs 6 petits-enfants \u00e0 qui ils transmettent le go\u00fbt de l\u2019itin\u00e9rance \u00e0 v\u00e9lo.<\/p>\n\n\n\n<div style=\"height:14px\" aria-hidden=\"true\" class=\"wp-block-spacer\"><\/div>\n\n\n<div class=\"n2-section-smartslider fitvidsignore  n2_clear\" data-ssid=\"15\"><div id=\"n2-ss-15-align\" class=\"n2-ss-align\"><div class=\"n2-padding\"><div id=\"n2-ss-15\" data-creator=\"Smart Slider 3\" data-responsive=\"auto\" class=\"n2-ss-slider n2-ow n2-has-hover n2notransition  \"><div class=\"n2-ss-slider-wrapper-inside\">\n        <div class=\"n2-ss-slider-1 n2_ss__touch_element n2-ow\">\n            <div class=\"n2-ss-slider-2 n2-ow\">\n                                                <div class=\"n2-ss-slider-3 n2-ow\">\n\n                    <div class=\"n2-ss-slide-backgrounds n2-ow-all\"><div class=\"n2-ss-slide-background\" data-public-id=\"1\" data-mode=\"fill\"><div class=\"n2-ss-slide-background-image\" data-blur=\"0\" data-opacity=\"100\" data-x=\"50\" data-y=\"50\" data-alt=\"\" data-title=\"\"><picture class=\"skip-lazy\" data-skip-lazy=\"1\"><img decoding=\"async\" src=\"\/\/festival.cyclo-camping.international\/2024\/wp-content\/uploads\/sites\/2\/2023\/12\/lancelot_web1.jpg\" alt=\"\" title=\"\" loading=\"lazy\" class=\"skip-lazy\" data-skip-lazy=\"1\"><\/picture><\/div><div data-color=\"RGBA(255,255,255,0)\" style=\"background-color: RGBA(255,255,255,0);\" class=\"n2-ss-slide-background-color\"><\/div><\/div><div class=\"n2-ss-slide-background\" data-public-id=\"2\" data-mode=\"fill\" aria-hidden=\"true\"><div class=\"n2-ss-slide-background-image\" data-blur=\"0\" data-opacity=\"100\" data-x=\"50\" data-y=\"50\" data-alt=\"\" data-title=\"\"><picture class=\"skip-lazy\" data-skip-lazy=\"1\"><img decoding=\"async\" src=\"\/\/festival.cyclo-camping.international\/2024\/wp-content\/uploads\/sites\/2\/2023\/12\/lancelot_web2.jpg\" alt=\"\" title=\"\" loading=\"lazy\" class=\"skip-lazy\" data-skip-lazy=\"1\"><\/picture><\/div><div data-color=\"RGBA(255,255,255,0)\" style=\"background-color: RGBA(255,255,255,0);\" class=\"n2-ss-slide-background-color\"><\/div><\/div><div class=\"n2-ss-slide-background\" data-public-id=\"3\" data-mode=\"fill\" aria-hidden=\"true\"><div class=\"n2-ss-slide-background-image\" data-blur=\"0\" data-opacity=\"100\" data-x=\"50\" data-y=\"50\" data-alt=\"\" data-title=\"\"><picture class=\"skip-lazy\" data-skip-lazy=\"1\"><img decoding=\"async\" src=\"\/\/festival.cyclo-camping.international\/2024\/wp-content\/uploads\/sites\/2\/2023\/12\/lancelot_web3.jpg\" alt=\"\" title=\"\" loading=\"lazy\" class=\"skip-lazy\" data-skip-lazy=\"1\"><\/picture><\/div><div data-color=\"RGBA(255,255,255,0)\" style=\"background-color: RGBA(255,255,255,0);\" class=\"n2-ss-slide-background-color\"><\/div><\/div><\/div>                    <div class=\"n2-ss-slider-4 n2-ow\">\n                        <svg xmlns=\"http:\/\/www.w3.org\/2000\/svg\" viewBox=\"0 0 600 450\" data-related-device=\"desktopPortrait\" class=\"n2-ow n2-ss-preserve-size n2-ss-preserve-size--slider n2-ss-slide-limiter\"><\/svg><div data-first=\"1\" data-slide-duration=\"0\" data-id=\"42\" data-slide-public-id=\"1\" data-title=\"OLYMPUS DIGITAL CAMERA\" class=\"n2-ss-slide n2-ow  n2-ss-slide-42\"><div role=\"note\" class=\"n2-ss-slide--focus\" tabindex=\"-1\">OLYMPUS DIGITAL CAMERA<\/div><div class=\"n2-ss-layers-container n2-ss-slide-limiter n2-ow\"><div class=\"n2-ss-layer n2-ow n-uc-Hu5K3yrBfr4X\" data-sstype=\"slide\" data-pm=\"default\"><\/div><\/div><\/div><div data-slide-duration=\"0\" data-id=\"43\" data-slide-public-id=\"2\" aria-hidden=\"true\" class=\"n2-ss-slide n2-ow  n2-ss-slide-43\"><div role=\"note\" class=\"n2-ss-slide--focus\" tabindex=\"-1\"><\/div><div class=\"n2-ss-layers-container n2-ss-slide-limiter n2-ow\"><div class=\"n2-ss-layer n2-ow n-uc-IFP5V87dgzSt\" data-sstype=\"slide\" data-pm=\"default\"><\/div><\/div><\/div><div data-slide-duration=\"0\" data-id=\"44\" data-slide-public-id=\"3\" aria-hidden=\"true\" class=\"n2-ss-slide n2-ow  n2-ss-slide-44\"><div role=\"note\" class=\"n2-ss-slide--focus\" tabindex=\"-1\"><\/div><div class=\"n2-ss-layers-container n2-ss-slide-limiter n2-ow\"><div class=\"n2-ss-layer n2-ow n-uc-DdW8sdsDBuIp\" data-sstype=\"slide\" data-pm=\"default\"><\/div><\/div><\/div>                    <\/div>\n\n                                    <\/div>\n            <\/div>\n        <\/div>\n        <div class=\"n2-ss-slider-controls n2-ss-slider-controls-absolute-left-center\"><div style=\"--widget-offset:15px;\" class=\"n2-ss-widget nextend-arrow n2-ow-all nextend-arrow-previous  nextend-arrow-animated-fade\" data-hide-mobileportrait=\"1\" id=\"n2-ss-15-arrow-previous\" role=\"button\" aria-label=\"previous arrow\" tabindex=\"0\"><img loading=\"lazy\" decoding=\"async\" width=\"32\" height=\"32\" class=\"skip-lazy\" data-skip-lazy=\"1\" src=\"data:image\/svg+xml;base64,PHN2ZyB3aWR0aD0iMzIiIGhlaWdodD0iMzIiIHZpZXdCb3g9IjAgMCAzMiAzMiIgeG1sbnM9Imh0dHA6Ly93d3cudzMub3JnLzIwMDAvc3ZnIj4KICAgIDxwYXRoIGQ9Ik0xMS40MzMgMTUuOTkyTDIyLjY5IDUuNzEyYy4zOTMtLjM5LjM5My0xLjAzIDAtMS40Mi0uMzkzLS4zOS0xLjAzLS4zOS0xLjQyMyAwbC0xMS45OCAxMC45NGMtLjIxLjIxLS4zLjQ5LS4yODUuNzYtLjAxNS4yOC4wNzUuNTYuMjg0Ljc3bDExLjk4IDEwLjk0Yy4zOTMuMzkgMS4wMy4zOSAxLjQyNCAwIC4zOTMtLjQuMzkzLTEuMDMgMC0xLjQybC0xMS4yNTctMTAuMjkiCiAgICAgICAgICBmaWxsPSIjZmZmZmZmIiBvcGFjaXR5PSIwLjgiIGZpbGwtcnVsZT0iZXZlbm9kZCIvPgo8L3N2Zz4=\" alt=\"previous arrow\"><\/div><\/div><div class=\"n2-ss-slider-controls n2-ss-slider-controls-absolute-right-center\"><div style=\"--widget-offset:15px;\" class=\"n2-ss-widget nextend-arrow n2-ow-all nextend-arrow-next  nextend-arrow-animated-fade\" data-hide-mobileportrait=\"1\" id=\"n2-ss-15-arrow-next\" role=\"button\" aria-label=\"next arrow\" tabindex=\"0\"><img loading=\"lazy\" decoding=\"async\" width=\"32\" height=\"32\" class=\"skip-lazy\" data-skip-lazy=\"1\" src=\"data:image\/svg+xml;base64,PHN2ZyB3aWR0aD0iMzIiIGhlaWdodD0iMzIiIHZpZXdCb3g9IjAgMCAzMiAzMiIgeG1sbnM9Imh0dHA6Ly93d3cudzMub3JnLzIwMDAvc3ZnIj4KICAgIDxwYXRoIGQ9Ik0xMC43MjIgNC4yOTNjLS4zOTQtLjM5LTEuMDMyLS4zOS0xLjQyNyAwLS4zOTMuMzktLjM5MyAxLjAzIDAgMS40MmwxMS4yODMgMTAuMjgtMTEuMjgzIDEwLjI5Yy0uMzkzLjM5LS4zOTMgMS4wMiAwIDEuNDIuMzk1LjM5IDEuMDMzLjM5IDEuNDI3IDBsMTIuMDA3LTEwLjk0Yy4yMS0uMjEuMy0uNDkuMjg0LS43Ny4wMTQtLjI3LS4wNzYtLjU1LS4yODYtLjc2TDEwLjcyIDQuMjkzeiIKICAgICAgICAgIGZpbGw9IiNmZmZmZmYiIG9wYWNpdHk9IjAuOCIgZmlsbC1ydWxlPSJldmVub2RkIi8+Cjwvc3ZnPg==\" alt=\"next arrow\"><\/div><\/div><\/div><\/div><ss3-loader><\/ss3-loader><\/div><\/div><div class=\"n2_clear\"><\/div><\/div>\n\n\n<p class=\"has-text-align-center\" style=\"font-size:0.8rem;letter-spacing:0.0625rem;text-transform:uppercase\"><strong>Dans la m\u00eame s\u00e9ance<\/strong><\/p>\n\n\n\n<div class=\"wp-block-group has-background is-vertical is-content-justification-center is-layout-flex wp-container-core-group-is-layout-43e4665b wp-block-group-is-layout-flex\" style=\"border-radius:14px;background-color:#ffffff;padding-top:var(--wp--preset--spacing--30);padding-right:var(--wp--preset--spacing--30);padding-bottom:var(--wp--preset--spacing--30);padding-left:var(--wp--preset--spacing--30)\">\n<figure class=\"wp-block-image size-thumbnail is-resized has-custom-border wp-duotone-unset-2\"><img loading=\"lazy\" decoding=\"async\" width=\"493\" height=\"493\" src=\"https:\/\/festival.cyclo-camping.international\/wp-content\/uploads\/2024\/01\/Meucci_web1-edited-1.jpg\" alt=\"\" class=\"wp-image-973\" style=\"border-radius:100px;width:115px;height:auto\" srcset=\"https:\/\/festival.cyclo-camping.international\/2024\/wp-content\/uploads\/sites\/2\/2024\/01\/Meucci_web1-edited-1.jpg 493w, https:\/\/festival.cyclo-camping.international\/2024\/wp-content\/uploads\/sites\/2\/2024\/01\/Meucci_web1-edited-1-300x300.jpg 300w, https:\/\/festival.cyclo-camping.international\/2024\/wp-content\/uploads\/sites\/2\/2024\/01\/Meucci_web1-edited-1-150x150.jpg 150w\" sizes=\"auto, (max-width: 493px) 100vw, 493px\" \/><\/figure>\n\n\n\n<h3 class=\"wp-block-heading has-text-align-center\"><a href=\"\/2024\/programme-des-films-2024\/la-route-de-la-soie\">La route <br>de la Soie<\/a><\/h3>\n\n\n\n<p class=\"has-text-align-center\">J\u00e9r\u00e9my Meucci et <br>Claire Quenderff<\/p>\n\n\n\n<p style=\"line-height:1.2\">39 min<\/p>\n\n\n\n<div style=\"height:7px\" aria-hidden=\"true\" class=\"wp-block-spacer\"><\/div>\n\n\n\n<p class=\"has-text-align-center\">En suivant l\u2019ancienne route de la&nbsp;Soie, Claire et J\u00e9r\u00e9my ont parcouru pr\u00e8s de 6&nbsp;000&nbsp;km en traversant la&nbsp;Gr\u00e8ce, la&nbsp;Turquie, l\u2019Iran et&nbsp;l\u2019Asie centrale (Turkmenistan, Ouzbekistan, Kirghizistan).<\/p>\n\n\n\n<p class=\"has-text-align-center has-small-font-size\"><strong><a href=\"\/2024\/programme-des-films-2024\/la-route-de-la-soie\">En savoir plus<\/a><\/strong><\/p>\n<\/div>\n\n\n\n<div class=\"wp-block-buttons is-content-justification-space-between is-layout-flex wp-container-core-buttons-is-layout-cb28d6de wp-block-buttons-is-layout-flex\" style=\"margin-top:var(--wp--preset--spacing--20)\">\n<div class=\"wp-block-button is-style-outline is-style-outline--3\"><a class=\"wp-block-button__link wp-element-button\" href=\"https:\/\/festival.cyclo-camping.international\/2024\/programme-des-films-2024\/la-mini-passagere\/\">S\u00e9ance pr\u00e9c\u00e9dente<\/a><\/div>\n\n\n\n<div class=\"wp-block-button is-style-outline is-style-outline--4\"><a class=\"wp-block-button__link wp-element-button\" href=\"https:\/\/festival.cyclo-camping.international\/women-dont-cycle\">S\u00e9ance suivante<\/a><\/div>\n<\/div>\n\n\n\n<div class=\"wp-block-buttons is-content-justification-center is-layout-flex wp-container-core-buttons-is-layout-98935462 wp-block-buttons-is-layout-flex\" style=\"margin-top:var(--wp--preset--spacing--10);margin-bottom:var(--wp--preset--spacing--10)\">\n<div class=\"wp-block-button\"><a class=\"wp-block-button__link wp-element-button\" href=\"\/programme-des-films-2024\">Retour au programme des films<\/a><\/div>\n<\/div>\n","protected":false},"excerpt":{"rendered":"<p>L&rsquo;Inde est un pays qui ne laisse pas indiff\u00e9rent, \u00e0 la fois fascinant, \u00e9tonnant et d\u00e9routant. C\u2019est ce qu\u2019ont ressenti Pierre et Isabelle en s\u2019immergeant dans les campagnes de l\u2019Inde du Sud. Ils ont eu la chance d\u2019assister \u00e0 des grandes f\u00eates comme Pongal et Holi. Dans les villes de Tiruchirappalli, Madura\u00ef ou Rameswaram, ils [&hellip;]<\/p>\n","protected":false},"author":1,"featured_media":0,"parent":944,"menu_order":13,"comment_status":"closed","ping_status":"closed","template":"page-no-title","meta":{"footnotes":""},"class_list":["post-259","page","type-page","status-publish","hentry"],"yoast_head":"<!-- This site is optimized with the Yoast SEO plugin v27.4 - https:\/\/yoast.com\/product\/yoast-seo-wordpress\/ -->\n<title>Tour Inde Sud v\u00e9lo<\/title>\n<meta name=\"description\" content=\"Un voyage \u00e0 v\u00e9lo de 80 jours dans les \u00e9tats du sud de l&#039;Inde : Karnataka, Tamil Nadu, Kerala\" \/>\n<meta name=\"robots\" content=\"index, follow, max-snippet:-1, max-image-preview:large, max-video-preview:-1\" \/>\n<link rel=\"canonical\" href=\"https:\/\/festival.cyclo-camping.international\/2024\/programme-des-films-2024\/le-tour-de-linde-du-sud-en-80-jours\/\" \/>\n<meta property=\"og:locale\" content=\"fr_FR\" \/>\n<meta property=\"og:type\" content=\"article\" \/>\n<meta property=\"og:title\" content=\"Tour Inde Sud v\u00e9lo\" \/>\n<meta property=\"og:description\" content=\"Un voyage \u00e0 v\u00e9lo de 80 jours dans les \u00e9tats du sud de l&#039;Inde : Karnataka, Tamil Nadu, Kerala\" \/>\n<meta property=\"og:url\" content=\"https:\/\/festival.cyclo-camping.international\/2024\/programme-des-films-2024\/le-tour-de-linde-du-sud-en-80-jours\/\" \/>\n<meta property=\"og:site_name\" content=\"37e Festival international du voyage \u00e0 v\u00e9lo\" \/>\n<meta property=\"og:image\" content=\"https:\/\/festival.cyclo-camping.international\/wp-content\/uploads\/2023\/12\/lancelot_web1.jpg\" \/>\n<meta name=\"twitter:card\" content=\"summary_large_image\" \/>\n<meta name=\"twitter:label1\" content=\"Dur\u00e9e de lecture estim\u00e9e\" \/>\n\t<meta name=\"twitter:data1\" content=\"2 minutes\" \/>\n<script type=\"application\/ld+json\" class=\"yoast-schema-graph\">{\"@context\":\"https:\\\/\\\/schema.org\",\"@graph\":[{\"@type\":\"WebPage\",\"@id\":\"https:\\\/\\\/festival.cyclo-camping.international\\\/2024\\\/programme-des-films-2024\\\/le-tour-de-linde-du-sud-en-80-jours\\\/\",\"url\":\"https:\\\/\\\/festival.cyclo-camping.international\\\/2024\\\/programme-des-films-2024\\\/le-tour-de-linde-du-sud-en-80-jours\\\/\",\"name\":\"Tour Inde Sud v\u00e9lo\",\"isPartOf\":{\"@id\":\"https:\\\/\\\/festival.cyclo-camping.international\\\/2024\\\/#website\"},\"primaryImageOfPage\":{\"@id\":\"https:\\\/\\\/festival.cyclo-camping.international\\\/2024\\\/programme-des-films-2024\\\/le-tour-de-linde-du-sud-en-80-jours\\\/#primaryimage\"},\"image\":{\"@id\":\"https:\\\/\\\/festival.cyclo-camping.international\\\/2024\\\/programme-des-films-2024\\\/le-tour-de-linde-du-sud-en-80-jours\\\/#primaryimage\"},\"thumbnailUrl\":\"https:\\\/\\\/festival.cyclo-camping.international\\\/wp-content\\\/uploads\\\/2023\\\/12\\\/lancelot_web1.jpg\",\"datePublished\":\"2023-12-31T16:16:37+00:00\",\"description\":\"Un voyage \u00e0 v\u00e9lo de 80 jours dans les \u00e9tats du sud de l'Inde : Karnataka, Tamil Nadu, Kerala\",\"breadcrumb\":{\"@id\":\"https:\\\/\\\/festival.cyclo-camping.international\\\/2024\\\/programme-des-films-2024\\\/le-tour-de-linde-du-sud-en-80-jours\\\/#breadcrumb\"},\"inLanguage\":\"fr-FR\",\"potentialAction\":[{\"@type\":\"ReadAction\",\"target\":[\"https:\\\/\\\/festival.cyclo-camping.international\\\/2024\\\/programme-des-films-2024\\\/le-tour-de-linde-du-sud-en-80-jours\\\/\"]}]},{\"@type\":\"ImageObject\",\"inLanguage\":\"fr-FR\",\"@id\":\"https:\\\/\\\/festival.cyclo-camping.international\\\/2024\\\/programme-des-films-2024\\\/le-tour-de-linde-du-sud-en-80-jours\\\/#primaryimage\",\"url\":\"https:\\\/\\\/festival.cyclo-camping.international\\\/wp-content\\\/uploads\\\/2023\\\/12\\\/lancelot_web1.jpg\",\"contentUrl\":\"https:\\\/\\\/festival.cyclo-camping.international\\\/wp-content\\\/uploads\\\/2023\\\/12\\\/lancelot_web1.jpg\"},{\"@type\":\"BreadcrumbList\",\"@id\":\"https:\\\/\\\/festival.cyclo-camping.international\\\/2024\\\/programme-des-films-2024\\\/le-tour-de-linde-du-sud-en-80-jours\\\/#breadcrumb\",\"itemListElement\":[{\"@type\":\"ListItem\",\"position\":1,\"name\":\"Accueil\",\"item\":\"https:\\\/\\\/festival.cyclo-camping.international\\\/2024\\\/\"},{\"@type\":\"ListItem\",\"position\":2,\"name\":\"Programme des films en 2024\",\"item\":\"https:\\\/\\\/festival.cyclo-camping.international\\\/2024\\\/programme-des-films-2024\\\/\"},{\"@type\":\"ListItem\",\"position\":3,\"name\":\"Le tour de l&rsquo;Inde du Sud en 80 jours\"}]},{\"@type\":\"WebSite\",\"@id\":\"https:\\\/\\\/festival.cyclo-camping.international\\\/2024\\\/#website\",\"url\":\"https:\\\/\\\/festival.cyclo-camping.international\\\/2024\\\/\",\"name\":\"37e Festival international du voyage \u00e0 v\u00e9lo\",\"description\":\"\",\"potentialAction\":[{\"@type\":\"SearchAction\",\"target\":{\"@type\":\"EntryPoint\",\"urlTemplate\":\"https:\\\/\\\/festival.cyclo-camping.international\\\/2024\\\/?s={search_term_string}\"},\"query-input\":{\"@type\":\"PropertyValueSpecification\",\"valueRequired\":true,\"valueName\":\"search_term_string\"}}],\"inLanguage\":\"fr-FR\"}]}<\/script>\n<!-- \/ Yoast SEO plugin. -->","yoast_head_json":{"title":"Tour Inde Sud v\u00e9lo","description":"Un voyage \u00e0 v\u00e9lo de 80 jours dans les \u00e9tats du sud de l'Inde : Karnataka, Tamil Nadu, Kerala","robots":{"index":"index","follow":"follow","max-snippet":"max-snippet:-1","max-image-preview":"max-image-preview:large","max-video-preview":"max-video-preview:-1"},"canonical":"https:\/\/festival.cyclo-camping.international\/2024\/programme-des-films-2024\/le-tour-de-linde-du-sud-en-80-jours\/","og_locale":"fr_FR","og_type":"article","og_title":"Tour Inde Sud v\u00e9lo","og_description":"Un voyage \u00e0 v\u00e9lo de 80 jours dans les \u00e9tats du sud de l'Inde : Karnataka, Tamil Nadu, Kerala","og_url":"https:\/\/festival.cyclo-camping.international\/2024\/programme-des-films-2024\/le-tour-de-linde-du-sud-en-80-jours\/","og_site_name":"37e Festival international du voyage \u00e0 v\u00e9lo","og_image":[{"url":"https:\/\/festival.cyclo-camping.international\/wp-content\/uploads\/2023\/12\/lancelot_web1.jpg","type":"","width":"","height":""}],"twitter_card":"summary_large_image","twitter_misc":{"Dur\u00e9e de lecture estim\u00e9e":"2 minutes"},"schema":{"@context":"https:\/\/schema.org","@graph":[{"@type":"WebPage","@id":"https:\/\/festival.cyclo-camping.international\/2024\/programme-des-films-2024\/le-tour-de-linde-du-sud-en-80-jours\/","url":"https:\/\/festival.cyclo-camping.international\/2024\/programme-des-films-2024\/le-tour-de-linde-du-sud-en-80-jours\/","name":"Tour Inde Sud v\u00e9lo","isPartOf":{"@id":"https:\/\/festival.cyclo-camping.international\/2024\/#website"},"primaryImageOfPage":{"@id":"https:\/\/festival.cyclo-camping.international\/2024\/programme-des-films-2024\/le-tour-de-linde-du-sud-en-80-jours\/#primaryimage"},"image":{"@id":"https:\/\/festival.cyclo-camping.international\/2024\/programme-des-films-2024\/le-tour-de-linde-du-sud-en-80-jours\/#primaryimage"},"thumbnailUrl":"https:\/\/festival.cyclo-camping.international\/wp-content\/uploads\/2023\/12\/lancelot_web1.jpg","datePublished":"2023-12-31T16:16:37+00:00","description":"Un voyage \u00e0 v\u00e9lo de 80 jours dans les \u00e9tats du sud de l'Inde : Karnataka, Tamil Nadu, Kerala","breadcrumb":{"@id":"https:\/\/festival.cyclo-camping.international\/2024\/programme-des-films-2024\/le-tour-de-linde-du-sud-en-80-jours\/#breadcrumb"},"inLanguage":"fr-FR","potentialAction":[{"@type":"ReadAction","target":["https:\/\/festival.cyclo-camping.international\/2024\/programme-des-films-2024\/le-tour-de-linde-du-sud-en-80-jours\/"]}]},{"@type":"ImageObject","inLanguage":"fr-FR","@id":"https:\/\/festival.cyclo-camping.international\/2024\/programme-des-films-2024\/le-tour-de-linde-du-sud-en-80-jours\/#primaryimage","url":"https:\/\/festival.cyclo-camping.international\/wp-content\/uploads\/2023\/12\/lancelot_web1.jpg","contentUrl":"https:\/\/festival.cyclo-camping.international\/wp-content\/uploads\/2023\/12\/lancelot_web1.jpg"},{"@type":"BreadcrumbList","@id":"https:\/\/festival.cyclo-camping.international\/2024\/programme-des-films-2024\/le-tour-de-linde-du-sud-en-80-jours\/#breadcrumb","itemListElement":[{"@type":"ListItem","position":1,"name":"Accueil","item":"https:\/\/festival.cyclo-camping.international\/2024\/"},{"@type":"ListItem","position":2,"name":"Programme des films en 2024","item":"https:\/\/festival.cyclo-camping.international\/2024\/programme-des-films-2024\/"},{"@type":"ListItem","position":3,"name":"Le tour de l&rsquo;Inde du Sud en 80 jours"}]},{"@type":"WebSite","@id":"https:\/\/festival.cyclo-camping.international\/2024\/#website","url":"https:\/\/festival.cyclo-camping.international\/2024\/","name":"37e Festival international du voyage \u00e0 v\u00e9lo","description":"","potentialAction":[{"@type":"SearchAction","target":{"@type":"EntryPoint","urlTemplate":"https:\/\/festival.cyclo-camping.international\/2024\/?s={search_term_string}"},"query-input":{"@type":"PropertyValueSpecification","valueRequired":true,"valueName":"search_term_string"}}],"inLanguage":"fr-FR"}]}},"_links":{"self":[{"href":"https:\/\/festival.cyclo-camping.international\/2024\/wp-json\/wp\/v2\/pages\/259","targetHints":{"allow":["GET"]}}],"collection":[{"href":"https:\/\/festival.cyclo-camping.international\/2024\/wp-json\/wp\/v2\/pages"}],"about":[{"href":"https:\/\/festival.cyclo-camping.international\/2024\/wp-json\/wp\/v2\/types\/page"}],"author":[{"embeddable":true,"href":"https:\/\/festival.cyclo-camping.international\/2024\/wp-json\/wp\/v2\/users\/1"}],"replies":[{"embeddable":true,"href":"https:\/\/festival.cyclo-camping.international\/2024\/wp-json\/wp\/v2\/comments?post=259"}],"version-history":[{"count":0,"href":"https:\/\/festival.cyclo-camping.international\/2024\/wp-json\/wp\/v2\/pages\/259\/revisions"}],"up":[{"embeddable":true,"href":"https:\/\/festival.cyclo-camping.international\/2024\/wp-json\/wp\/v2\/pages\/944"}],"wp:attachment":[{"href":"https:\/\/festival.cyclo-camping.international\/2024\/wp-json\/wp\/v2\/media?parent=259"}],"curies":[{"name":"wp","href":"https:\/\/api.w.org\/{rel}","templated":true}]}}