{"id":113,"date":"2023-12-30T17:07:29","date_gmt":"2023-12-30T16:07:29","guid":{"rendered":"https:\/\/festival.cyclo-camping.international\/2024\/?page_id=113"},"modified":"2024-12-13T11:38:46","modified_gmt":"2024-12-13T10:38:46","slug":"mentions-legales","status":"publish","type":"page","link":"https:\/\/festival.cyclo-camping.international\/2024\/mentions-legales\/","title":{"rendered":"Mentions l\u00e9gales"},"content":{"rendered":"\n<p><strong>Vous \u00eates sur le site public officiel du festival international du voyage \u00e0 v\u00e9lo, organis\u00e9 par l&rsquo;association Cyclo-Camping International (CCI).<\/strong><\/p>\n\n\n\n<p><strong>Support administratif :<\/strong> Cyclo-Camping International<br>5 rue Perr\u00e9e<br>75003 Paris<br>Tel : 06 95 98 42 05<\/p>\n\n\n\n<p><strong>Responsabilit\u00e9 \u00e9ditoriale :<\/strong><\/p>\n\n\n\n<p>Fran\u00e7ois Coponet, pr\u00e9sident de Cyclo-Camping International.<\/p>\n\n\n\n<p><strong>R\u00e9dacteur en chef :<\/strong><\/p>\n\n\n\n<p>Fran\u00e7ois Coponet, pr\u00e9sident de Cyclo-Camping International.<\/p>\n\n\n\n<p><strong>Conception, r\u00e9alisation et d\u00e9veloppement :<\/strong><\/p>\n\n\n\n<p>Les adh\u00e9rents b\u00e9n\u00e9voles et infatigables de Cyclo-Camping International.<\/p>\n\n\n\n<p><strong>H\u00e9bergement :<\/strong><\/p>\n\n\n\n<p>Serveur d\u00e9di\u00e9 cci03 &#8211; Linux Debian<br>ONLINE SAS &#8211;&nbsp;<a href=\"http:\/\/www.online.net\">www.online.net<\/a><br><br>&nbsp;<strong>Traitement automatis\u00e9 d&rsquo;informations nominatives :<\/strong><\/p>\n\n\n\n<p>Cyclo-Camping International ne collecte sur les visiteurs du site aucune autre information nominative ou personnelle que celles qui lui sont ouvertement et volontairement fournies en particulier par l&rsquo;interm\u00e9diaire des adresses \u00e9lectroniques de ses correspondants.<br><br><\/p>\n","protected":false},"excerpt":{"rendered":"<p>Vous \u00eates sur le site public officiel du festival international du voyage \u00e0 v\u00e9lo, organis\u00e9 par l&rsquo;association Cyclo-Camping International (CCI). Support administratif : Cyclo-Camping International5 rue Perr\u00e9e75003 ParisTel : 06 95 98 42 05 Responsabilit\u00e9 \u00e9ditoriale : Fran\u00e7ois Coponet, pr\u00e9sident de Cyclo-Camping International. R\u00e9dacteur en chef : Fran\u00e7ois Coponet, pr\u00e9sident de Cyclo-Camping International. Conception, r\u00e9alisation [&hellip;]<\/p>\n","protected":false},"author":1,"featured_media":0,"parent":0,"menu_order":0,"comment_status":"closed","ping_status":"closed","template":"","meta":{"footnotes":""},"class_list":["post-113","page","type-page","status-publish","hentry"],"yoast_head":"<!-- This site is optimized with the Yoast SEO plugin v27.5 - https:\/\/yoast.com\/product\/yoast-seo-wordpress\/ -->\n<title>Mentions l\u00e9gales - 37e Festival international du voyage \u00e0 v\u00e9lo<\/title>\n<meta name=\"robots\" content=\"index, follow, max-snippet:-1, max-image-preview:large, max-video-preview:-1\" \/>\n<link rel=\"canonical\" href=\"https:\/\/festival.cyclo-camping.international\/2024\/mentions-legales\/\" \/>\n<meta property=\"og:locale\" content=\"fr_FR\" \/>\n<meta property=\"og:type\" content=\"article\" \/>\n<meta property=\"og:title\" content=\"Mentions l\u00e9gales - 37e Festival international du voyage \u00e0 v\u00e9lo\" \/>\n<meta property=\"og:description\" content=\"Vous \u00eates sur le site public officiel du festival international du voyage \u00e0 v\u00e9lo, organis\u00e9 par l&rsquo;association Cyclo-Camping International (CCI). Support administratif : Cyclo-Camping International5 rue Perr\u00e9e75003 ParisTel : 06 95 98 42 05 Responsabilit\u00e9 \u00e9ditoriale : Fran\u00e7ois Coponet, pr\u00e9sident de Cyclo-Camping International. R\u00e9dacteur en chef : Fran\u00e7ois Coponet, pr\u00e9sident de Cyclo-Camping International. Conception, r\u00e9alisation [&hellip;]\" \/>\n<meta property=\"og:url\" content=\"https:\/\/festival.cyclo-camping.international\/2024\/mentions-legales\/\" \/>\n<meta property=\"og:site_name\" content=\"37e Festival international du voyage \u00e0 v\u00e9lo\" \/>\n<meta property=\"article:modified_time\" content=\"2024-12-13T10:38:46+00:00\" \/>\n<meta name=\"twitter:card\" content=\"summary_large_image\" \/>\n<meta name=\"twitter:label1\" content=\"Dur\u00e9e de lecture estim\u00e9e\" \/>\n\t<meta name=\"twitter:data1\" content=\"1 minute\" \/>\n<script type=\"application\/ld+json\" class=\"yoast-schema-graph\">{\"@context\":\"https:\\\/\\\/schema.org\",\"@graph\":[{\"@type\":\"WebPage\",\"@id\":\"https:\\\/\\\/festival.cyclo-camping.international\\\/2024\\\/mentions-legales\\\/\",\"url\":\"https:\\\/\\\/festival.cyclo-camping.international\\\/2024\\\/mentions-legales\\\/\",\"name\":\"Mentions l\u00e9gales - 37e Festival international du voyage \u00e0 v\u00e9lo\",\"isPartOf\":{\"@id\":\"https:\\\/\\\/festival.cyclo-camping.international\\\/2024\\\/#website\"},\"datePublished\":\"2023-12-30T16:07:29+00:00\",\"dateModified\":\"2024-12-13T10:38:46+00:00\",\"breadcrumb\":{\"@id\":\"https:\\\/\\\/festival.cyclo-camping.international\\\/2024\\\/mentions-legales\\\/#breadcrumb\"},\"inLanguage\":\"fr-FR\",\"potentialAction\":[{\"@type\":\"ReadAction\",\"target\":[\"https:\\\/\\\/festival.cyclo-camping.international\\\/2024\\\/mentions-legales\\\/\"]}]},{\"@type\":\"BreadcrumbList\",\"@id\":\"https:\\\/\\\/festival.cyclo-camping.international\\\/2024\\\/mentions-legales\\\/#breadcrumb\",\"itemListElement\":[{\"@type\":\"ListItem\",\"position\":1,\"name\":\"Accueil\",\"item\":\"https:\\\/\\\/festival.cyclo-camping.international\\\/2024\\\/\"},{\"@type\":\"ListItem\",\"position\":2,\"name\":\"Mentions l\u00e9gales\"}]},{\"@type\":\"WebSite\",\"@id\":\"https:\\\/\\\/festival.cyclo-camping.international\\\/2024\\\/#website\",\"url\":\"https:\\\/\\\/festival.cyclo-camping.international\\\/2024\\\/\",\"name\":\"37e Festival international du voyage \u00e0 v\u00e9lo\",\"description\":\"\",\"potentialAction\":[{\"@type\":\"SearchAction\",\"target\":{\"@type\":\"EntryPoint\",\"urlTemplate\":\"https:\\\/\\\/festival.cyclo-camping.international\\\/2024\\\/?s={search_term_string}\"},\"query-input\":{\"@type\":\"PropertyValueSpecification\",\"valueRequired\":true,\"valueName\":\"search_term_string\"}}],\"inLanguage\":\"fr-FR\"}]}<\/script>\n<!-- \/ Yoast SEO plugin. -->","yoast_head_json":{"title":"Mentions l\u00e9gales - 37e Festival international du voyage \u00e0 v\u00e9lo","robots":{"index":"index","follow":"follow","max-snippet":"max-snippet:-1","max-image-preview":"max-image-preview:large","max-video-preview":"max-video-preview:-1"},"canonical":"https:\/\/festival.cyclo-camping.international\/2024\/mentions-legales\/","og_locale":"fr_FR","og_type":"article","og_title":"Mentions l\u00e9gales - 37e Festival international du voyage \u00e0 v\u00e9lo","og_description":"Vous \u00eates sur le site public officiel du festival international du voyage \u00e0 v\u00e9lo, organis\u00e9 par l&rsquo;association Cyclo-Camping International (CCI). Support administratif : Cyclo-Camping International5 rue Perr\u00e9e75003 ParisTel : 06 95 98 42 05 Responsabilit\u00e9 \u00e9ditoriale : Fran\u00e7ois Coponet, pr\u00e9sident de Cyclo-Camping International. R\u00e9dacteur en chef : Fran\u00e7ois Coponet, pr\u00e9sident de Cyclo-Camping International. Conception, r\u00e9alisation [&hellip;]","og_url":"https:\/\/festival.cyclo-camping.international\/2024\/mentions-legales\/","og_site_name":"37e Festival international du voyage \u00e0 v\u00e9lo","article_modified_time":"2024-12-13T10:38:46+00:00","twitter_card":"summary_large_image","twitter_misc":{"Dur\u00e9e de lecture estim\u00e9e":"1 minute"},"schema":{"@context":"https:\/\/schema.org","@graph":[{"@type":"WebPage","@id":"https:\/\/festival.cyclo-camping.international\/2024\/mentions-legales\/","url":"https:\/\/festival.cyclo-camping.international\/2024\/mentions-legales\/","name":"Mentions l\u00e9gales - 37e Festival international du voyage \u00e0 v\u00e9lo","isPartOf":{"@id":"https:\/\/festival.cyclo-camping.international\/2024\/#website"},"datePublished":"2023-12-30T16:07:29+00:00","dateModified":"2024-12-13T10:38:46+00:00","breadcrumb":{"@id":"https:\/\/festival.cyclo-camping.international\/2024\/mentions-legales\/#breadcrumb"},"inLanguage":"fr-FR","potentialAction":[{"@type":"ReadAction","target":["https:\/\/festival.cyclo-camping.international\/2024\/mentions-legales\/"]}]},{"@type":"BreadcrumbList","@id":"https:\/\/festival.cyclo-camping.international\/2024\/mentions-legales\/#breadcrumb","itemListElement":[{"@type":"ListItem","position":1,"name":"Accueil","item":"https:\/\/festival.cyclo-camping.international\/2024\/"},{"@type":"ListItem","position":2,"name":"Mentions l\u00e9gales"}]},{"@type":"WebSite","@id":"https:\/\/festival.cyclo-camping.international\/2024\/#website","url":"https:\/\/festival.cyclo-camping.international\/2024\/","name":"37e Festival international du voyage \u00e0 v\u00e9lo","description":"","potentialAction":[{"@type":"SearchAction","target":{"@type":"EntryPoint","urlTemplate":"https:\/\/festival.cyclo-camping.international\/2024\/?s={search_term_string}"},"query-input":{"@type":"PropertyValueSpecification","valueRequired":true,"valueName":"search_term_string"}}],"inLanguage":"fr-FR"}]}},"_links":{"self":[{"href":"https:\/\/festival.cyclo-camping.international\/2024\/wp-json\/wp\/v2\/pages\/113","targetHints":{"allow":["GET"]}}],"collection":[{"href":"https:\/\/festival.cyclo-camping.international\/2024\/wp-json\/wp\/v2\/pages"}],"about":[{"href":"https:\/\/festival.cyclo-camping.international\/2024\/wp-json\/wp\/v2\/types\/page"}],"author":[{"embeddable":true,"href":"https:\/\/festival.cyclo-camping.international\/2024\/wp-json\/wp\/v2\/users\/1"}],"replies":[{"embeddable":true,"href":"https:\/\/festival.cyclo-camping.international\/2024\/wp-json\/wp\/v2\/comments?post=113"}],"version-history":[{"count":1,"href":"https:\/\/festival.cyclo-camping.international\/2024\/wp-json\/wp\/v2\/pages\/113\/revisions"}],"predecessor-version":[{"id":2341,"href":"https:\/\/festival.cyclo-camping.international\/2024\/wp-json\/wp\/v2\/pages\/113\/revisions\/2341"}],"wp:attachment":[{"href":"https:\/\/festival.cyclo-camping.international\/2024\/wp-json\/wp\/v2\/media?parent=113"}],"curies":[{"name":"wp","href":"https:\/\/api.w.org\/{rel}","templated":true}]}}