{"id":109,"date":"2023-12-30T16:58:54","date_gmt":"2023-12-30T15:58:54","guid":{"rendered":"https:\/\/festival.cyclo-camping.international\/2024\/?page_id=109"},"modified":"2023-12-30T16:58:54","modified_gmt":"2023-12-30T15:58:54","slug":"copyright","status":"publish","type":"page","link":"https:\/\/festival.cyclo-camping.international\/2024\/copyright\/","title":{"rendered":"Copyright"},"content":{"rendered":"\n<p>Toutes les pages de ce site et leur contenu (textes, images, sons, animations et toute autre forme de m\u00e9dia) sont prot\u00e9g\u00e9es de par les lois fran\u00e7aises et internationales sur le droit d&rsquo;auteur et la propri\u00e9t\u00e9 intellectuelle.<\/p>\n\n\n\n<p><br \/>Toute reproduction est interdite sans l&rsquo;autorisation de Cyclo-Camping International.<\/p>\n\n\n\n<p><br \/>Toute personne morale ou physique portant atteinte \u00e0 ces droits s&rsquo;expose \u00e0 des poursuites.<\/p>\n","protected":false},"excerpt":{"rendered":"<p>Toutes les pages de ce site et leur contenu (textes, images, sons, animations et toute autre forme de m\u00e9dia) sont prot\u00e9g\u00e9es de par les lois fran\u00e7aises et internationales sur le droit d&rsquo;auteur et la propri\u00e9t\u00e9 intellectuelle. Toute reproduction est interdite sans l&rsquo;autorisation de Cyclo-Camping International. Toute personne morale ou physique portant atteinte \u00e0 ces droits [&hellip;]<\/p>\n","protected":false},"author":1,"featured_media":0,"parent":0,"menu_order":0,"comment_status":"closed","ping_status":"closed","template":"","meta":{"footnotes":""},"class_list":["post-109","page","type-page","status-publish","hentry"],"yoast_head":"<!-- This site is optimized with the Yoast SEO plugin v27.3 - https:\/\/yoast.com\/product\/yoast-seo-wordpress\/ -->\n<title>Copyright - 37e Festival international du voyage \u00e0 v\u00e9lo<\/title>\n<meta name=\"robots\" content=\"index, follow, max-snippet:-1, max-image-preview:large, max-video-preview:-1\" \/>\n<link rel=\"canonical\" href=\"https:\/\/festival.cyclo-camping.international\/2024\/copyright\/\" \/>\n<meta property=\"og:locale\" content=\"fr_FR\" \/>\n<meta property=\"og:type\" content=\"article\" \/>\n<meta property=\"og:title\" content=\"Copyright - 37e Festival international du voyage \u00e0 v\u00e9lo\" \/>\n<meta property=\"og:description\" content=\"Toutes les pages de ce site et leur contenu (textes, images, sons, animations et toute autre forme de m\u00e9dia) sont prot\u00e9g\u00e9es de par les lois fran\u00e7aises et internationales sur le droit d&rsquo;auteur et la propri\u00e9t\u00e9 intellectuelle. Toute reproduction est interdite sans l&rsquo;autorisation de Cyclo-Camping International. Toute personne morale ou physique portant atteinte \u00e0 ces droits [&hellip;]\" \/>\n<meta property=\"og:url\" content=\"https:\/\/festival.cyclo-camping.international\/2024\/copyright\/\" \/>\n<meta property=\"og:site_name\" content=\"37e Festival international du voyage \u00e0 v\u00e9lo\" \/>\n<meta name=\"twitter:card\" content=\"summary_large_image\" \/>\n<meta name=\"twitter:label1\" content=\"Dur\u00e9e de lecture estim\u00e9e\" \/>\n\t<meta name=\"twitter:data1\" content=\"1 minute\" \/>\n<script type=\"application\/ld+json\" class=\"yoast-schema-graph\">{\"@context\":\"https:\\\/\\\/schema.org\",\"@graph\":[{\"@type\":\"WebPage\",\"@id\":\"https:\\\/\\\/festival.cyclo-camping.international\\\/2024\\\/copyright\\\/\",\"url\":\"https:\\\/\\\/festival.cyclo-camping.international\\\/2024\\\/copyright\\\/\",\"name\":\"Copyright - 37e Festival international du voyage \u00e0 v\u00e9lo\",\"isPartOf\":{\"@id\":\"https:\\\/\\\/festival.cyclo-camping.international\\\/2024\\\/#website\"},\"datePublished\":\"2023-12-30T15:58:54+00:00\",\"breadcrumb\":{\"@id\":\"https:\\\/\\\/festival.cyclo-camping.international\\\/2024\\\/copyright\\\/#breadcrumb\"},\"inLanguage\":\"fr-FR\",\"potentialAction\":[{\"@type\":\"ReadAction\",\"target\":[\"https:\\\/\\\/festival.cyclo-camping.international\\\/2024\\\/copyright\\\/\"]}]},{\"@type\":\"BreadcrumbList\",\"@id\":\"https:\\\/\\\/festival.cyclo-camping.international\\\/2024\\\/copyright\\\/#breadcrumb\",\"itemListElement\":[{\"@type\":\"ListItem\",\"position\":1,\"name\":\"Accueil\",\"item\":\"https:\\\/\\\/festival.cyclo-camping.international\\\/2024\\\/\"},{\"@type\":\"ListItem\",\"position\":2,\"name\":\"Copyright\"}]},{\"@type\":\"WebSite\",\"@id\":\"https:\\\/\\\/festival.cyclo-camping.international\\\/2024\\\/#website\",\"url\":\"https:\\\/\\\/festival.cyclo-camping.international\\\/2024\\\/\",\"name\":\"37e Festival international du voyage \u00e0 v\u00e9lo\",\"description\":\"\",\"potentialAction\":[{\"@type\":\"SearchAction\",\"target\":{\"@type\":\"EntryPoint\",\"urlTemplate\":\"https:\\\/\\\/festival.cyclo-camping.international\\\/2024\\\/?s={search_term_string}\"},\"query-input\":{\"@type\":\"PropertyValueSpecification\",\"valueRequired\":true,\"valueName\":\"search_term_string\"}}],\"inLanguage\":\"fr-FR\"}]}<\/script>\n<!-- \/ Yoast SEO plugin. -->","yoast_head_json":{"title":"Copyright - 37e Festival international du voyage \u00e0 v\u00e9lo","robots":{"index":"index","follow":"follow","max-snippet":"max-snippet:-1","max-image-preview":"max-image-preview:large","max-video-preview":"max-video-preview:-1"},"canonical":"https:\/\/festival.cyclo-camping.international\/2024\/copyright\/","og_locale":"fr_FR","og_type":"article","og_title":"Copyright - 37e Festival international du voyage \u00e0 v\u00e9lo","og_description":"Toutes les pages de ce site et leur contenu (textes, images, sons, animations et toute autre forme de m\u00e9dia) sont prot\u00e9g\u00e9es de par les lois fran\u00e7aises et internationales sur le droit d&rsquo;auteur et la propri\u00e9t\u00e9 intellectuelle. Toute reproduction est interdite sans l&rsquo;autorisation de Cyclo-Camping International. Toute personne morale ou physique portant atteinte \u00e0 ces droits [&hellip;]","og_url":"https:\/\/festival.cyclo-camping.international\/2024\/copyright\/","og_site_name":"37e Festival international du voyage \u00e0 v\u00e9lo","twitter_card":"summary_large_image","twitter_misc":{"Dur\u00e9e de lecture estim\u00e9e":"1 minute"},"schema":{"@context":"https:\/\/schema.org","@graph":[{"@type":"WebPage","@id":"https:\/\/festival.cyclo-camping.international\/2024\/copyright\/","url":"https:\/\/festival.cyclo-camping.international\/2024\/copyright\/","name":"Copyright - 37e Festival international du voyage \u00e0 v\u00e9lo","isPartOf":{"@id":"https:\/\/festival.cyclo-camping.international\/2024\/#website"},"datePublished":"2023-12-30T15:58:54+00:00","breadcrumb":{"@id":"https:\/\/festival.cyclo-camping.international\/2024\/copyright\/#breadcrumb"},"inLanguage":"fr-FR","potentialAction":[{"@type":"ReadAction","target":["https:\/\/festival.cyclo-camping.international\/2024\/copyright\/"]}]},{"@type":"BreadcrumbList","@id":"https:\/\/festival.cyclo-camping.international\/2024\/copyright\/#breadcrumb","itemListElement":[{"@type":"ListItem","position":1,"name":"Accueil","item":"https:\/\/festival.cyclo-camping.international\/2024\/"},{"@type":"ListItem","position":2,"name":"Copyright"}]},{"@type":"WebSite","@id":"https:\/\/festival.cyclo-camping.international\/2024\/#website","url":"https:\/\/festival.cyclo-camping.international\/2024\/","name":"37e Festival international du voyage \u00e0 v\u00e9lo","description":"","potentialAction":[{"@type":"SearchAction","target":{"@type":"EntryPoint","urlTemplate":"https:\/\/festival.cyclo-camping.international\/2024\/?s={search_term_string}"},"query-input":{"@type":"PropertyValueSpecification","valueRequired":true,"valueName":"search_term_string"}}],"inLanguage":"fr-FR"}]}},"_links":{"self":[{"href":"https:\/\/festival.cyclo-camping.international\/2024\/wp-json\/wp\/v2\/pages\/109","targetHints":{"allow":["GET"]}}],"collection":[{"href":"https:\/\/festival.cyclo-camping.international\/2024\/wp-json\/wp\/v2\/pages"}],"about":[{"href":"https:\/\/festival.cyclo-camping.international\/2024\/wp-json\/wp\/v2\/types\/page"}],"author":[{"embeddable":true,"href":"https:\/\/festival.cyclo-camping.international\/2024\/wp-json\/wp\/v2\/users\/1"}],"replies":[{"embeddable":true,"href":"https:\/\/festival.cyclo-camping.international\/2024\/wp-json\/wp\/v2\/comments?post=109"}],"version-history":[{"count":0,"href":"https:\/\/festival.cyclo-camping.international\/2024\/wp-json\/wp\/v2\/pages\/109\/revisions"}],"wp:attachment":[{"href":"https:\/\/festival.cyclo-camping.international\/2024\/wp-json\/wp\/v2\/media?parent=109"}],"curies":[{"name":"wp","href":"https:\/\/api.w.org\/{rel}","templated":true}]}}